

{"id":3967,"date":"2020-09-27T18:34:57","date_gmt":"2020-09-27T18:34:57","guid":{"rendered":"https:\/\/www.bcenergy.rs\/?page_id=3967"},"modified":"2025-08-12T12:41:11","modified_gmt":"2025-08-12T12:41:11","slug":"whats-new","status":"publish","type":"page","link":"https:\/\/www.bcenergy.rs\/jp\/?page_id=3967","title":{"rendered":"News"},"content":{"rendered":"<div class=\"wpb-content-wrapper\">[vc_row][vc_column]<section id='posts_grid_69ee264c8dae4' class='news hovernone blog_post posts_grid post_posts_grid posts_grid_medium posts_grid_grid'><div class='cws_vc_shortcode_wrapper'><div class='cws_vc_shortcode_grid grid layout-medium'><article id='post_post_69ee264c8e5a9' class=\"item post no_likes post_post posts_grid_post  post-6974 type-post status-publish format-standard has-post-thumbnail hentry category-bce-news category-news\"><div class='post_wrapper post_post_wrapper posts_grid_post_wrapper clearfix'>\t\t\t\t<div class=\"floated_media post_floated_media posts_grid_floated_media_wrapper\">\n\t\t\t\t\t<div class=\"floated_media_wrapper post_floated_media_wrapper posts_grid_floated_media_wrapper\">\n\t\t\t\t\t<div class='post_media post_post_media posts_grid_post_media'><div class='pic'><img src='https:\/\/www.bcenergy.rs\/jp\/wp-content\/uploads\/2026\/04\/earth-day-2026_023a017b0_6975.jpg' data-no-retina  alt='earth day 2026' \/><div class='hover-effect'><\/div><div class='plus_wrapper'><span><\/span><span><\/span><\/div><a class='link_area_post_media post_media_link post_post_media_link posts_grid_post_media_link' href='https:\/\/www.bcenergy.rs\/jp\/?p=6974'><\/a><\/div><\/div>\t\t\t\t\t<\/div>\n\t\t\t\t<\/div>\n\t\t\t<div class='post_post_info posts_grid_post_info'><div class='post_top_wrapper related'><div class='inline_date'><a href=https:\/\/www.bcenergy.rs\/jp\/?m=202604>April 22, 2026<\/a><\/div><\/div><h3 class='post_title post_post_title posts_grid_post_title'><a href='https:\/\/www.bcenergy.rs\/jp\/?p=6974'>It\u2019s Earth Day!<\/a><\/h3><div class='post_content post_post_content posts_grid_post_content clearfix'><p>Green Energy Today Saves Tomorrow!<\/p>\n<\/div><div class='cws_custom_button_wrapper simple'><span><a href='https:\/\/www.bcenergy.rs\/jp\/?p=6974' class='cws_custom_button'>Read More<\/a><\/span><\/div><\/div><\/div><\/article><article id='post_post_69ee264c8ed0b' class=\"item post no_likes post_post posts_grid_post  post-6968 type-post status-publish format-standard has-post-thumbnail hentry category-bce-news category-news\"><div class='post_wrapper post_post_wrapper posts_grid_post_wrapper clearfix'>\t\t\t\t<div class=\"floated_media post_floated_media posts_grid_floated_media_wrapper\">\n\t\t\t\t\t<div class=\"floated_media_wrapper post_floated_media_wrapper posts_grid_floated_media_wrapper\">\n\t\t\t\t\t<div class='post_media post_post_media posts_grid_post_media'><div class='pic'><img src='https:\/\/www.bcenergy.rs\/jp\/wp-content\/uploads\/2026\/03\/POSTROJENJE-ZA-RECIKLAZU-OTPADA-OD-GRADENJA-I-RUSENJA_023a01410_6969.jpg' data-at2x='https:\/\/www.bcenergy.rs\/jp\/wp-content\/uploads\/2026\/03\/POSTROJENJE-ZA-RECIKLAZU-OTPADA-OD-GRADENJA-I-RUSENJA_023a01410_6969@2x.jpg'  alt='POSTROJENJE ZA RECIKLA\u017dU OTPADA OD GRA\u0110ENJA I RU\u0160ENJA' \/><div class='hover-effect'><\/div><div class='plus_wrapper'><span><\/span><span><\/span><\/div><a class='link_area_post_media post_media_link post_post_media_link posts_grid_post_media_link' href='https:\/\/www.bcenergy.rs\/jp\/?p=6968'><\/a><\/div><\/div>\t\t\t\t\t<\/div>\n\t\t\t\t<\/div>\n\t\t\t<div class='post_post_info posts_grid_post_info'><div class='post_top_wrapper related'><div class='inline_date'><a href=https:\/\/www.bcenergy.rs\/jp\/?m=202603>March 26, 2026<\/a><\/div><\/div><h3 class='post_title post_post_title posts_grid_post_title'><a href='https:\/\/www.bcenergy.rs\/jp\/?p=6968'>Recycling Waste as a Resource<\/a><\/h3><div class='post_content post_post_content posts_grid_post_content clearfix'><p>On the occasion of Global Recycling Day, we highlight that waste is a valuable resource.<\/p>\n<\/div><div class='cws_custom_button_wrapper simple'><span><a href='https:\/\/www.bcenergy.rs\/jp\/?p=6968' class='cws_custom_button'>Read More<\/a><\/span><\/div><\/div><\/div><\/article><article id='post_post_69ee264c8f185' class=\"item post no_likes post_post posts_grid_post  post-6954 type-post status-publish format-standard has-post-thumbnail hentry category-media-releases category-news\"><div class='post_wrapper post_post_wrapper posts_grid_post_wrapper clearfix'>\t\t\t\t<div class=\"floated_media post_floated_media posts_grid_floated_media_wrapper\">\n\t\t\t\t\t<div class=\"floated_media_wrapper post_floated_media_wrapper posts_grid_floated_media_wrapper\">\n\t\t\t\t\t<div class='post_media post_post_media posts_grid_post_media'><div class='pic'><img src='https:\/\/www.bcenergy.rs\/jp\/wp-content\/uploads\/2026\/03\/studenti-u-poseti-centru-za-upravljanje-otpadom-u-vinci-01_023a017c0_6955.jpg' data-at2x='https:\/\/www.bcenergy.rs\/jp\/wp-content\/uploads\/2026\/03\/studenti-u-poseti-centru-za-upravljanje-otpadom-u-vinci-01_023a017c0_6955@2x.jpg'  alt='studenti u poseti centru za upravljanje otpadom u vin\u010di-01' \/><div class='hover-effect'><\/div><div class='plus_wrapper'><span><\/span><span><\/span><\/div><a class='link_area_post_media post_media_link post_post_media_link posts_grid_post_media_link' href='https:\/\/www.bcenergy.rs\/jp\/?p=6954'><\/a><\/div><\/div>\t\t\t\t\t<\/div>\n\t\t\t\t<\/div>\n\t\t\t<div class='post_post_info posts_grid_post_info'><div class='post_top_wrapper related'><div class='inline_date'><a href=https:\/\/www.bcenergy.rs\/jp\/?m=202603>March 13, 2026<\/a><\/div><\/div><h3 class='post_title post_post_title posts_grid_post_title'><a href='https:\/\/www.bcenergy.rs\/jp\/?p=6954'>Students Visit the Vin\u010da Resource Recovery Center<\/a><\/h3><div class='post_content post_post_content posts_grid_post_content clearfix'><p>Recently, we had the pleasure of welcoming students from the Faculty of Mechanical Engineering, University of Belgrade, from the Department of Process Engineering, Thermoenergetics and Thermotechnics, as well as students from the Faculty of Technology and Metallurgy, from the Department of Environmental Engineering.<\/p>\n<\/div><div class='cws_custom_button_wrapper simple'><span><a href='https:\/\/www.bcenergy.rs\/jp\/?p=6954' class='cws_custom_button'>Read More<\/a><\/span><\/div><\/div><\/div><\/article><article id='post_post_69ee264c8f59c' class=\"item post no_likes post_post posts_grid_post  post-6951 type-post status-publish format-standard has-post-thumbnail hentry category-bce-news category-news\"><div class='post_wrapper post_post_wrapper posts_grid_post_wrapper clearfix'>\t\t\t\t<div class=\"floated_media post_floated_media posts_grid_floated_media_wrapper\">\n\t\t\t\t\t<div class=\"floated_media_wrapper post_floated_media_wrapper posts_grid_floated_media_wrapper\">\n\t\t\t\t\t<div class='post_media post_post_media posts_grid_post_media'><div class='pic'><img src='https:\/\/www.bcenergy.rs\/jp\/wp-content\/uploads\/2026\/03\/otpad-energija_023a01400_6952.jpg' data-at2x='https:\/\/www.bcenergy.rs\/jp\/wp-content\/uploads\/2026\/03\/otpad-energija_023a01400_6952@2x.jpg'  alt='otpad-energija' \/><div class='hover-effect'><\/div><div class='plus_wrapper'><span><\/span><span><\/span><\/div><a class='link_area_post_media post_media_link post_post_media_link posts_grid_post_media_link' href='https:\/\/www.bcenergy.rs\/jp\/?p=6951'><\/a><\/div><\/div>\t\t\t\t\t<\/div>\n\t\t\t\t<\/div>\n\t\t\t<div class='post_post_info posts_grid_post_info'><div class='post_top_wrapper related'><div class='inline_date'><a href=https:\/\/www.bcenergy.rs\/jp\/?m=202603>March 5, 2026<\/a><\/div><\/div><h3 class='post_title post_post_title posts_grid_post_title'><a href='https:\/\/www.bcenergy.rs\/jp\/?p=6951'>How Waste Becomes Energy<\/a><\/h3><div class='post_content post_post_content posts_grid_post_content clearfix'><p>In the Vin\u010da Resource Recovery Center, 693 000 tons of municipal waste were received in 2025, of which 340 000 tons were thermally treated in the EfW facility, producing electricity enough to supply 30 000 households and heat energy for 60 000 households in Belgrade. Watch the video about how energy is produced from waste<\/p>\n<\/div><div class='cws_custom_button_wrapper simple'><span><a href='https:\/\/www.bcenergy.rs\/jp\/?p=6951' class='cws_custom_button'>Read More<\/a><\/span><\/div><\/div><\/div><\/article><article id='post_post_69ee264c8f9c7' class=\"item post no_likes post_post posts_grid_post  post-6948 type-post status-publish format-standard has-post-thumbnail hentry category-media-releases category-news\"><div class='post_wrapper post_post_wrapper posts_grid_post_wrapper clearfix'>\t\t\t\t<div class=\"floated_media post_floated_media posts_grid_floated_media_wrapper\">\n\t\t\t\t\t<div class=\"floated_media_wrapper post_floated_media_wrapper posts_grid_floated_media_wrapper\">\n\t\t\t\t\t<div class='post_media post_post_media posts_grid_post_media'><div class='pic'><img src='https:\/\/www.bcenergy.rs\/jp\/wp-content\/uploads\/2025\/12\/hny2026-en_023a01400_6949.jpg' data-at2x='https:\/\/www.bcenergy.rs\/jp\/wp-content\/uploads\/2025\/12\/hny2026-en_023a01400_6949@2x.jpg'  alt='hny2026-en' \/><div class='hover-effect'><\/div><div class='plus_wrapper'><span><\/span><span><\/span><\/div><a class='link_area_post_media post_media_link post_post_media_link posts_grid_post_media_link' href='https:\/\/www.bcenergy.rs\/jp\/?p=6948'><\/a><\/div><\/div>\t\t\t\t\t<\/div>\n\t\t\t\t<\/div>\n\t\t\t<div class='post_post_info posts_grid_post_info'><div class='post_top_wrapper related'><div class='inline_date'><a href=https:\/\/www.bcenergy.rs\/jp\/?m=202512>December 30, 2025<\/a><\/div><\/div><h3 class='post_title post_post_title posts_grid_post_title'><a href='https:\/\/www.bcenergy.rs\/jp\/?p=6948'>Happy New Year 2026! Happy Holidays!<\/a><\/h3><div class='post_content post_post_content posts_grid_post_content clearfix'><\/div><div class='cws_custom_button_wrapper simple'><span><a href='https:\/\/www.bcenergy.rs\/jp\/?p=6948' class='cws_custom_button'>Read More<\/a><\/span><\/div><\/div><\/div><\/article><\/div><div  class='cws_loader_holder'><div  class='cws_loader'>\t\t\t\t<svg width='104px' height='104px' xmlns=\"http:\/\/www.w3.org\/2000\/svg\" viewBox=\"0 0 100 100\" preserveAspectRatio=\"xMidYMid\" class=\"uil-default\"><rect x=\"0\" y=\"0\" width=\"100\" height=\"100\" fill=\"none\" class=\"bk\"><\/rect><rect  x='46.5' y='40' width='7' height='20' rx='5' ry='5' fill='#000000' transform='rotate(0 50 50) translate(0 -30)'>  <animate attributeName='opacity' from='1' to='0' dur='1s' begin='0s' repeatCount='indefinite'\/><\/rect><rect  x='46.5' y='40' width='7' height='20' rx='5' ry='5' fill='#000000' transform='rotate(30 50 50) translate(0 -30)'>  <animate attributeName='opacity' from='1' to='0' dur='1s' begin='0.08333333333333333s' repeatCount='indefinite'\/><\/rect><rect  x='46.5' y='40' width='7' height='20' rx='5' ry='5' fill='#000000' transform='rotate(60 50 50) translate(0 -30)'>  <animate attributeName='opacity' from='1' to='0' dur='1s' begin='0.16666666666666666s' repeatCount='indefinite'\/><\/rect><rect  x='46.5' y='40' width='7' height='20' rx='5' ry='5' fill='#000000' transform='rotate(90 50 50) translate(0 -30)'>  <animate attributeName='opacity' from='1' to='0' dur='1s' begin='0.25s' repeatCount='indefinite'\/><\/rect><rect  x='46.5' y='40' width='7' height='20' rx='5' ry='5' fill='#000000' transform='rotate(120 50 50) translate(0 -30)'>  <animate attributeName='opacity' from='1' to='0' dur='1s' begin='0.3333333333333333s' repeatCount='indefinite'\/><\/rect><rect  x='46.5' y='40' width='7' height='20' rx='5' ry='5' fill='#000000' transform='rotate(150 50 50) translate(0 -30)'>  <animate attributeName='opacity' from='1' to='0' dur='1s' begin='0.4166666666666667s' repeatCount='indefinite'\/><\/rect><rect  x='46.5' y='40' width='7' height='20' rx='5' ry='5' fill='#000000' transform='rotate(180 50 50) translate(0 -30)'>  <animate attributeName='opacity' from='1' to='0' dur='1s' begin='0.5s' repeatCount='indefinite'\/><\/rect><rect  x='46.5' y='40' width='7' height='20' rx='5' ry='5' fill='#000000' transform='rotate(210 50 50) translate(0 -30)'>  <animate attributeName='opacity' from='1' to='0' dur='1s' begin='0.5833333333333334s' repeatCount='indefinite'\/><\/rect><rect  x='46.5' y='40' width='7' height='20' rx='5' ry='5' fill='#000000' transform='rotate(240 50 50) translate(0 -30)'>  <animate attributeName='opacity' from='1' to='0' dur='1s' begin='0.6666666666666666s' repeatCount='indefinite'\/><\/rect><rect  x='46.5' y='40' width='7' height='20' rx='5' ry='5' fill='#000000' transform='rotate(270 50 50) translate(0 -30)'>  <animate attributeName='opacity' from='1' to='0' dur='1s' begin='0.75s' repeatCount='indefinite'\/><\/rect><rect  x='46.5' y='40' width='7' height='20' rx='5' ry='5' fill='#000000' transform='rotate(300 50 50) translate(0 -30)'>  <animate attributeName='opacity' from='1' to='0' dur='1s' begin='0.8333333333333334s' repeatCount='indefinite'\/><\/rect><rect  x='46.5' y='40' width='7' height='20' rx='5' ry='5' fill='#000000' transform='rotate(330 50 50) translate(0 -30)'>  <animate attributeName='opacity' from='1' to='0' dur='1s' begin='0.9166666666666666s' repeatCount='indefinite'\/><\/rect><\/svg>\n\t\t\t\t<\/div><\/div><\/div>\n\t\t<div class=\"pagination\">\n\t\t\t<div class='page_links'>\n\t\t\t<span aria-current=\"page\" class=\"page-numbers current\">1<\/span>\n<a class=\"page-numbers\" href=\"https:\/\/www.bcenergy.rs\/jp\/index.php\/?paged=2&#038;rest_route=\/wp\/v2\/pages\/3967\">2<\/a>\n<a class=\"page-numbers\" href=\"https:\/\/www.bcenergy.rs\/jp\/index.php\/?paged=3&#038;rest_route=\/wp\/v2\/pages\/3967\">3<\/a>\n<span class=\"page-numbers dots\">&hellip;<\/span>\n<a class=\"page-numbers\" href=\"https:\/\/www.bcenergy.rs\/jp\/index.php\/?paged=25&#038;rest_route=\/wp\/v2\/pages\/3967\">25<\/a>\n<a class=\"next page-numbers\" href=\"https:\/\/www.bcenergy.rs\/jp\/index.php\/?paged=2&#038;rest_route=\/wp\/v2\/pages\/3967\"><i class=''><\/i><\/a>\t\t\t<\/div>\n\t\t<\/div>\n\t\t<form id='posts_grid_69ee264c8dae4_data' class='ajax_data_form cws_blog_ajax_data_form posts_grid_ajax_data_form'><input type='hidden' id='posts_grid_69ee264c8dae4_ajax_data' class='ajax_data cws_blog_ajax_data posts_grid_ajax_data' name='posts_grid_69ee264c8dae4_ajax_data' value='{\"section_id\":\"posts_grid_69ee264c8dae4\",\"post_type\":\"post\",\"post_hide_meta\":[\"\",\"cats\",\"tags\",\"author\",\"likes\",\"comments\",\"social\"],\"layout\":\"medium\",\"sb_layout\":\"_sidebar\",\"total_items_count\":9223372036854775807,\"hover_effects\":\" hovernone\",\"items_pp\":5,\"page\":1,\"max_paged\":25,\"tax\":\"category\",\"terms\":[\"news\"],\"huge_layout\":null,\"current_filter_val\":\"_all_\",\"addl_query_args\":[],\"full_width\":false,\"pagination_grid\":\"\",\"related_items\":\"\",\"more_btn_text\":\"Read More\",\"link_show\":\"dots\",\"crop_featured\":false,\"chars_count\":\"280\"}' \/><\/form><\/section>[\/vc_column][\/vc_row][vc_row el_class=&#8221;tekst&#8221; css=&#8221;.vc_custom_1602802126273{margin-top: 90px !important;}&#8221;][vc_column]<div class=\"cws_spacing cws_spacing_size_sm_desctop-on cws_spacing_tablet-on cws_spacing_mobile-on\"><div class=\"cws_spacing cws_spacing_default\" style=\"height:22px;\"><\/div> <div class=\"cws_spacing cws_spacing_size_sm_desctop\" style=\"height:10px;\"><\/div> <div class=\"cws_spacing cws_spacing_tablet\" style=\"height:5px;\"><\/div> <div class=\"cws_spacing cws_spacing_mobile\" style=\"height:0px;\"><\/div><\/div><div class='cws_textmodule cws_vc_shortcode_module' id='cws_textmodule_69ee264c8ff31'><div class='cws_textmodule_wrapper add_divider'><div class='cws_textmodule_text text_align_center'><div class='cws_textmodule_titles display_block'><h3 class='cws_textmodule_title'><strong>Press<\/strong> Contact:<\/h3><\/div><\/div><\/div><\/div><div class=\"cws_spacing cws_spacing_size_sm_desctop-on cws_spacing_tablet-on cws_spacing_mobile-on\"><div class=\"cws_spacing cws_spacing_default\" style=\"height:22px;\"><\/div> <div class=\"cws_spacing cws_spacing_size_sm_desctop\" style=\"height:10px;\"><\/div> <div class=\"cws_spacing cws_spacing_tablet\" style=\"height:5px;\"><\/div> <div class=\"cws_spacing cws_spacing_mobile\" style=\"height:0px;\"><\/div><\/div>[vc_row_inner][vc_column_inner][vc_column_text]\n<h4 style=\"text-align: center;\">BEO \u010cISTA ENERGIJA:<\/h4>\n<p style=\"font-size: 19px; line-height: 1.5263em; text-align: center;\"><strong>Jelena Joli\u0107<\/strong><br \/>\nPublic Relations Officer<br \/>\n<a href=\"mailto:j.jolic@bcenergy.rs\">j.jolic@bcenergy.rs<\/a><\/p>\n[\/vc_column_text][\/vc_column_inner][\/vc_row_inner]<div class=\"cws_spacing cws_spacing_size_sm_desctop-on cws_spacing_tablet-on cws_spacing_mobile-on\"><div class=\"cws_spacing cws_spacing_default\" style=\"height:22px;\"><\/div> <div class=\"cws_spacing cws_spacing_size_sm_desctop\" style=\"height:10px;\"><\/div> <div class=\"cws_spacing cws_spacing_tablet\" style=\"height:5px;\"><\/div> <div class=\"cws_spacing cws_spacing_mobile\" style=\"height:0px;\"><\/div><\/div>[\/vc_column][\/vc_row]\n<\/div>","protected":false},"excerpt":{"rendered":"","protected":false},"author":1,"featured_media":0,"parent":0,"menu_order":0,"comment_status":"closed","ping_status":"closed","template":"","meta":{"footnotes":""},"class_list":["post-3967","page","type-page","status-publish","hentry"],"distributor_meta":false,"distributor_terms":false,"distributor_media":false,"distributor_original_site_name":"Beo \u010cista Energija","distributor_original_site_url":"https:\/\/www.bcenergy.rs\/jp","push-errors":false,"_links":{"self":[{"href":"https:\/\/www.bcenergy.rs\/jp\/index.php?rest_route=\/wp\/v2\/pages\/3967","targetHints":{"allow":["GET"]}}],"collection":[{"href":"https:\/\/www.bcenergy.rs\/jp\/index.php?rest_route=\/wp\/v2\/pages"}],"about":[{"href":"https:\/\/www.bcenergy.rs\/jp\/index.php?rest_route=\/wp\/v2\/types\/page"}],"author":[{"embeddable":true,"href":"https:\/\/www.bcenergy.rs\/jp\/index.php?rest_route=\/wp\/v2\/users\/1"}],"replies":[{"embeddable":true,"href":"https:\/\/www.bcenergy.rs\/jp\/index.php?rest_route=%2Fwp%2Fv2%2Fcomments&post=3967"}],"version-history":[{"count":13,"href":"https:\/\/www.bcenergy.rs\/jp\/index.php?rest_route=\/wp\/v2\/pages\/3967\/revisions"}],"predecessor-version":[{"id":6898,"href":"https:\/\/www.bcenergy.rs\/jp\/index.php?rest_route=\/wp\/v2\/pages\/3967\/revisions\/6898"}],"wp:attachment":[{"href":"https:\/\/www.bcenergy.rs\/jp\/index.php?rest_route=%2Fwp%2Fv2%2Fmedia&parent=3967"}],"curies":[{"name":"wp","href":"https:\/\/api.w.org\/{rel}","templated":true}]}}