

{"id":4571,"date":"2020-11-04T18:11:19","date_gmt":"2020-11-04T18:11:19","guid":{"rendered":"https:\/\/www.bcenergy.rs\/?page_id=4571"},"modified":"2023-09-07T10:37:39","modified_gmt":"2023-09-07T10:37:39","slug":"grievance","status":"publish","type":"page","link":"https:\/\/www.bcenergy.rs\/jp\/?page_id=4571","title":{"rendered":"\u554f\u3044\u5408\u308f\u305b\/\u82e6\u60c5\u51e6\u7406\u30e1\u30ab\u30cb\u30ba\u30e0"},"content":{"rendered":"<div class=\"wpb-content-wrapper\">[vc_row el_class=&#8221;tekst&#8221;][vc_column]<div class='cws_textmodule cws_vc_shortcode_module' id='cws_textmodule_6a0909e533cd5'><div class='cws_textmodule_wrapper add_divider'><div class='cws_textmodule_text text_align_left'><div class='cws_textmodule_titles display_block'><h3 class='cws_textmodule_title'>\u554f\u3044\u5408\u308f\u305b\/\u82e6\u60c5\u51e6\u7406\u30e1\u30ab\u30cb\u30ba\u30e0\uff1a<\/h3><\/div><\/div><\/div><\/div>[vc_column_text]\u30d9\u30aa\u30b0\u30e9\u30fc\u30c9\u5e02\u306e\u74b0\u5883\u4fdd\u8b77\u5c40\u3001\u5f0a\u793e \u304a\u3088\u3073\u95a2\u9023\u4e0b\u8acb\u3051\u4e8b\u696d\u8005\u306f\u3001\u672c\u30d7\u30ed\u30b8\u30a7\u30af\u30c8\u306b\u95a2\u9023\u3059\u308b\u63d0\u6848\u30fb\u82e6\u60c5\u7b49\u306b\u304a\u5fdc\u3048\u3057\u307e\u3059\u3002<\/p>\n<p>\u3054\u610f\u898b\u3001\u82e6\u60c5\u3001\u60c5\u5831\u63d0\u4f9b\u306e\u3054\u4f9d\u983c\u306f\u3001\u4e0b\u8a18\u306e\u9023\u7d61\u5148\u307e\u3067\u90f5\u4fbf\u3001\u96fb\u8a71\u3001\u307e\u305f\u306fE\u30e1\u30fc\u30eb\u306b\u3066\u304a\u554f\u3044\u5408\u308f\u305b\u304f\u3060\u3055\u3044\u3002<\/p>\n<p>\u307e\u305f\u8acb\u6c42\u8005\u306f\u3001\u30bb\u30eb\u30d3\u30a2\u5171\u548c\u56fd\u306e\u6cd5\u5f8b\u304a\u3088\u3073\u898f\u5247\u306b\u5f93\u3063\u3066\u6cd5\u7684\u6551\u6e08\u63aa\u7f6e\u3092\u6c42\u3081\u308b\u3053\u3068\u3082\u3067\u304d\u307e\u3059\u3002<\/p>\n<p>\u554f\u3044\u5408\u308f\u305b\u306f\u767b\u9332\u3055\u308c\u3001\u3059\u3079\u306620\u65e5\u4ee5\u5185\u306b\u8acb\u6c42\u8005\u304c\u6307\u5b9a\u3057\u305f\u65b9\u6cd5\u306b\u57fa\u3065\u304d\u53e3\u982d\u307e\u305f\u306f\u66f8\u9762\u306b\u3066\u56de\u7b54\u3055\u308c\u307e\u3059\u3002<\/p>\n<p>\u500b\u4eba\u60c5\u5831\u7b49\u306f\u4fdd\u8b77\u3055\u308c\u307e\u3059\u3002\u533f\u540d\u3067\u306e\u554f\u3044\u5408\u308f\u305b\u3082\u53ef\u80fd\u3067\u3059\u304c\u3001\u305d\u306e\u5834\u5408\u8a73\u7d30\u8abf\u67fb\u53ca\u3073\u56de\u7b54\u304c\u9650\u5b9a\u7684\u306b\u306a\u308b\u53ef\u80fd\u6027\u304c\u3042\u308a\u307e\u3059\u3053\u3068\u3092\u3054\u4e86\u627f\u304f\u3060\u3055\u3044\u3002[\/vc_column_text]<div class=\"cws_spacing cws_spacing_size_sm_desctop-on cws_spacing_tablet-on cws_spacing_mobile-on\"><div class=\"cws_spacing cws_spacing_default\" style=\"height:22px;\"><\/div> <div class=\"cws_spacing cws_spacing_size_sm_desctop\" style=\"height:10px;\"><\/div> <div class=\"cws_spacing cws_spacing_tablet\" style=\"height:0px;\"><\/div> <div class=\"cws_spacing cws_spacing_mobile\" style=\"height:0px;\"><\/div><\/div><div class='cws_textmodule cws_vc_shortcode_module' id='cws_textmodule_6a0909e533dcf'><div class='cws_textmodule_wrapper add_divider'><div class='cws_textmodule_text text_align_left'><div class='cws_textmodule_titles display_block'><h3 class='cws_textmodule_title'>\u304a\u554f\u3044\u5408\u308f\u305b\uff1a<\/h3><\/div><\/div><\/div><\/div>[vc_column_text]\n<table width=\"100%\">\n<thead>\n<tr>\n<th width=\"50%\">\u30d9\u30aa\u30b0\u30e9\u30fc\u30c9\u5e02\u74b0\u5883\u4fdd\u8b77\u5c40<\/th>\n<th width=\"50%\">Beo \u010cista Energija d.o.o.<\/th>\n<\/tr>\n<\/thead>\n<tbody>\n<tr>\n<td><strong>\u62c5\u5f53\u8005\uff1a<\/strong> Sne\u017eana Bond\u017ei\u0107(\u30b9\u30cd\u30b8\u30e3\u30ca\u30fb\u30dc\u30f3\u30c2\u30c3\u30c1)<br \/>\n<strong>\u4f4f\u6240\uff1a<\/strong>\uff1a\u301211000\u3000\u30bb\u30eb\u30d3\u30a2\u5171\u548c\u56fd\u3001\u30d9\u30aa\u30b0\u30e9\u30fc\u30c9\u5e02Kara\u0111or\u0111eva\u901a\u308a 71a\u756a<br \/>\n<strong>\u96fb\u8a71\u756a\u53f7\uff1a<\/strong>+381 11 797 5119<br \/>\n<strong>\u96fb\u5b50\u30e1\u30fc\u30eb\uff1a <\/strong><a href=\"mailto:snezana.bondzic@beograd.gov.rs\">snezana.bondzic@beograd.gov.rs<\/a><\/td>\n<td><strong>\u62c5\u5f53\u8005\uff1a<\/strong>Gordana Jelenic(\u30b4\u30eb\u30c0\u30ca\u30fb\u30a4\u30a7\u30ec\u30cb\u30c3\u30c1)\u3001\u53d6\u7de0\u5f79\u793e\u9577\u30a2\u30b7\u30b9\u30bf\u30f3\u30c8<br \/>\n<strong>\u4f4f\u6240\uff1a<\/strong>\u301211070 \u30bb\u30eb\u30d3\u30a2\u5171\u548c\u56fd\u30d9\u30aa\u30b0\u30e9\u30fc\u30c9\u5e02Tosin Bunar\u901a\u308a272v\u756a<br \/>\n<strong>\u96fb\u8a71\u756a\u53f7\uff1a<\/strong>+381 11 715 4885<br \/>\n<strong>\u96fb\u5b50\u30e1\u30fc\u30eb\uff1a<\/strong>\u00a0<a href=\"mailto:bce@bcenergy.rs\">bce@bcenergy.rs<\/a><\/td>\n<\/tr>\n<\/tbody>\n<\/table>\n[\/vc_column_text]<div class=\"cws_spacing cws_spacing_size_sm_desctop-on cws_spacing_tablet-on cws_spacing_mobile-on\"><div class=\"cws_spacing cws_spacing_default\" style=\"height:44px;\"><\/div> <div class=\"cws_spacing cws_spacing_size_sm_desctop\" style=\"height:20px;\"><\/div> <div class=\"cws_spacing cws_spacing_tablet\" style=\"height:10px;\"><\/div> <div class=\"cws_spacing cws_spacing_mobile\" style=\"height:5px;\"><\/div><\/div><div id='cws_service_item_6a0909e533eb4' class='cws_service_item cws_vc_shortcode_module title_beside animate_divider a-left'><a href='\/wp-content\/uploads\/2020\/11\/Grievance-Form-Zalbeni-zahtev.docx' class='cws_service_item_wrapper clearfix'><span class='cws_searvice_icon_wrapper cws_searvice_side'><i class='cws_service_icon cws_vc_shortcode_icon_3\u0445 typcn typcn-download'><\/i><\/span><div class='cws_service_info'><h6 class='cws_service_title'>\u3054\u610f\u898b\u30fb\u82e6\u60c5\u53d7\u4ed8\u30d5\u30a9\u30fc\u30e0<\/h6><div class='cws_service_desc clearfix'><div class='divider divider_left'><\/div><\/div><\/div><\/a><\/div>[\/vc_column][\/vc_row][vc_row][vc_column]<div class=\"cws_spacing cws_spacing_size_sm_desctop-on cws_spacing_tablet-on cws_spacing_mobile-on\"><div class=\"cws_spacing cws_spacing_default\" style=\"height:42px;\"><\/div> <div class=\"cws_spacing cws_spacing_size_sm_desctop\" style=\"height:20px;\"><\/div> <div class=\"cws_spacing cws_spacing_tablet\" style=\"height:10px;\"><\/div> <div class=\"cws_spacing cws_spacing_mobile\" style=\"height:10px;\"><\/div><\/div>[\/vc_column][\/vc_row]\n<\/div>","protected":false},"excerpt":{"rendered":"<p>[vc_row el_class=&#8221;tekst&#8221;][vc_column][vc_column_text]\u30d9\u30aa\u30b0\u30e9\u30fc\u30c9\u5e02\u306e\u74b0\u5883\u4fdd\u8b77\u5c40\u3001\u5f0a\u793e \u304a\u3088\u3073\u95a2\u9023\u4e0b\u8acb\u3051\u4e8b\u696d\u8005\u306f\u3001\u672c\u30d7\u30ed\u30b8\u30a7\u30af\u30c8\u306b\u95a2\u9023\u3059\u308b\u63d0\u6848\u30fb\u82e6\u60c5\u7b49\u306b\u304a\u5fdc\u3048\u3057\u307e\u3059\u3002 \u3054\u610f\u898b\u3001\u82e6\u60c5\u3001\u60c5\u5831\u63d0\u4f9b\u306e\u3054\u4f9d\u983c\u306f\u3001\u4e0b\u8a18\u306e\u9023\u7d61\u5148\u307e\u3067\u90f5\u4fbf\u3001\u96fb\u8a71\u3001\u307e\u305f\u306fE\u30e1\u30fc\u30eb\u306b\u3066\u304a\u554f\u3044\u5408\u308f\u305b\u304f\u3060\u3055\u3044\u3002 \u307e\u305f\u8acb\u6c42\u8005\u306f\u3001\u30bb\u30eb\u30d3\u30a2\u5171\u548c\u56fd\u306e\u6cd5\u5f8b\u304a\u3088\u3073\u898f\u5247\u306b\u5f93\u3063\u3066\u6cd5\u7684\u6551\u6e08\u63aa\u7f6e\u3092\u6c42\u3081\u308b\u3053\u3068\u3082\u3067\u304d\u307e\u3059\u3002 \u554f\u3044\u5408\u308f\u305b\u306f\u767b\u9332\u3055\u308c\u3001\u3059\u3079\u306620\u65e5\u4ee5\u5185\u306b\u8acb\u6c42\u8005\u304c\u6307\u5b9a\u3057\u305f\u65b9\u6cd5\u306b\u57fa\u3065\u304d\u53e3\u982d\u307e\u305f\u306f\u66f8\u9762\u306b\u3066\u56de\u7b54\u3055\u308c\u307e\u3059\u3002 \u500b\u4eba\u60c5\u5831\u7b49\u306f\u4fdd\u8b77\u3055\u308c\u307e\u3059\u3002\u533f\u540d\u3067\u306e\u554f\u3044\u5408\u308f\u305b\u3082\u53ef\u80fd\u3067\u3059\u304c\u3001\u305d\u306e\u5834\u5408\u8a73\u7d30\u8abf\u67fb\u53ca\u3073\u56de\u7b54\u304c\u9650\u5b9a\u7684\u306b\u306a\u308b\u53ef\u80fd\u6027\u304c\u3042\u308a\u307e\u3059\u3053\u3068\u3092\u3054\u4e86\u627f\u304f\u3060\u3055\u3044\u3002[\/vc_column_text][vc_column_text] \u30d9\u30aa\u30b0\u30e9\u30fc\u30c9\u5e02\u74b0\u5883\u4fdd\u8b77\u5c40 Beo \u010cista Energija d.o.o. \u62c5\u5f53\u8005\uff1a Sne\u017eana Bond\u017ei\u0107(\u30b9\u30cd\u30b8\u30e3\u30ca\u30fb\u30dc\u30f3\u30c2\u30c3\u30c1) \u4f4f\u6240\uff1a\uff1a\u301211000\u3000\u30bb\u30eb\u30d3\u30a2\u5171\u548c\u56fd\u3001\u30d9\u30aa\u30b0\u30e9\u30fc\u30c9\u5e02Kara\u0111or\u0111eva\u901a\u308a 71a\u756a \u96fb\u8a71\u756a\u53f7\uff1a+381 11 797 5119 \u96fb\u5b50\u30e1\u30fc\u30eb\uff1a snezana.bondzic@beograd.gov.rs \u62c5\u5f53\u8005\uff1aGordana Jelenic(\u30b4\u30eb\u30c0\u30ca\u30fb\u30a4\u30a7\u30ec\u30cb\u30c3\u30c1)\u3001\u53d6\u7de0\u5f79\u793e\u9577\u30a2\u30b7\u30b9\u30bf\u30f3\u30c8 \u4f4f\u6240\uff1a\u301211070 \u30bb\u30eb\u30d3\u30a2\u5171\u548c\u56fd\u30d9\u30aa\u30b0\u30e9\u30fc\u30c9\u5e02Tosin Bunar\u901a\u308a272v\u756a \u96fb\u8a71\u756a\u53f7\uff1a+381 11 715 4885 \u96fb\u5b50\u30e1\u30fc\u30eb\uff1a\u00a0bce@bcenergy.rs [\/vc_column_text][\/vc_column][\/vc_row][vc_row][vc_column][\/vc_column][\/vc_row]<\/p>\n","protected":false},"author":1,"featured_media":0,"parent":4349,"menu_order":0,"comment_status":"closed","ping_status":"closed","template":"","meta":{"footnotes":""},"class_list":["post-4571","page","type-page","status-publish","hentry"],"distributor_meta":false,"distributor_terms":false,"distributor_media":false,"distributor_original_site_name":"Beo \u010cista Energija","distributor_original_site_url":"https:\/\/www.bcenergy.rs\/jp","push-errors":false,"_links":{"self":[{"href":"https:\/\/www.bcenergy.rs\/jp\/index.php?rest_route=\/wp\/v2\/pages\/4571","targetHints":{"allow":["GET"]}}],"collection":[{"href":"https:\/\/www.bcenergy.rs\/jp\/index.php?rest_route=\/wp\/v2\/pages"}],"about":[{"href":"https:\/\/www.bcenergy.rs\/jp\/index.php?rest_route=\/wp\/v2\/types\/page"}],"author":[{"embeddable":true,"href":"https:\/\/www.bcenergy.rs\/jp\/index.php?rest_route=\/wp\/v2\/users\/1"}],"replies":[{"embeddable":true,"href":"https:\/\/www.bcenergy.rs\/jp\/index.php?rest_route=%2Fwp%2Fv2%2Fcomments&post=4571"}],"version-history":[{"count":27,"href":"https:\/\/www.bcenergy.rs\/jp\/index.php?rest_route=\/wp\/v2\/pages\/4571\/revisions"}],"predecessor-version":[{"id":6518,"href":"https:\/\/www.bcenergy.rs\/jp\/index.php?rest_route=\/wp\/v2\/pages\/4571\/revisions\/6518"}],"up":[{"embeddable":true,"href":"https:\/\/www.bcenergy.rs\/jp\/index.php?rest_route=\/wp\/v2\/pages\/4349"}],"wp:attachment":[{"href":"https:\/\/www.bcenergy.rs\/jp\/index.php?rest_route=%2Fwp%2Fv2%2Fmedia&parent=4571"}],"curies":[{"name":"wp","href":"https:\/\/api.w.org\/{rel}","templated":true}]}}