

{"id":3967,"date":"2020-09-27T18:34:57","date_gmt":"2020-09-27T18:34:57","guid":{"rendered":"https:\/\/www.bcenergy.rs\/rs\/?page_id=3967"},"modified":"2025-08-12T12:38:46","modified_gmt":"2025-08-12T12:38:46","slug":"novosti","status":"publish","type":"page","link":"https:\/\/www.bcenergy.rs\/rs\/novosti\/","title":{"rendered":"Novosti"},"content":{"rendered":"<div class=\"wpb-content-wrapper\">[vc_row][vc_column]<section id='posts_grid_69de2b3a39d1a' class='news hovernone blog_post posts_grid post_posts_grid posts_grid_medium posts_grid_grid'><div class='cws_vc_shortcode_wrapper'><div class='cws_vc_shortcode_grid grid layout-medium'><article id='post_post_69de2b3a3a979' class=\"item post no_likes post_post posts_grid_post  post-7481 type-post status-publish format-standard has-post-thumbnail hentry category-bce-news category-news\"><div class='post_wrapper post_post_wrapper posts_grid_post_wrapper clearfix'>\t\t\t\t<div class=\"floated_media post_floated_media posts_grid_floated_media_wrapper\">\n\t\t\t\t\t<div class=\"floated_media_wrapper post_floated_media_wrapper posts_grid_floated_media_wrapper\">\n\t\t\t\t\t<div class='post_media post_post_media posts_grid_post_media'><div class='pic'><img src='https:\/\/www.bcenergy.rs\/rs\/wp-content\/uploads\/2026\/03\/POSTROJENJE-ZA-RECIKLAZU-OTPADA-OD-GRADENJA-I-RUSENJA_023a01410_7482.jpg' data-at2x='https:\/\/www.bcenergy.rs\/rs\/wp-content\/uploads\/2026\/03\/POSTROJENJE-ZA-RECIKLAZU-OTPADA-OD-GRADENJA-I-RUSENJA_023a01410_7482@2x.jpg'  alt='POSTROJENJE ZA RECIKLA\u017dU OTPADA OD GRA\u0110ENJA I RU\u0160ENJA' \/><div class='hover-effect'><\/div><div class='plus_wrapper'><span><\/span><span><\/span><\/div><a class='link_area_post_media post_media_link post_post_media_link posts_grid_post_media_link' href='https:\/\/www.bcenergy.rs\/rs\/reciklaza-otpada\/'><\/a><\/div><\/div>\t\t\t\t\t<\/div>\n\t\t\t\t<\/div>\n\t\t\t<div class='post_post_info posts_grid_post_info'><div class='post_top_wrapper related'><div class='inline_date'><a href=https:\/\/www.bcenergy.rs\/rs\/2026\/03\/>March 26, 2026<\/a><\/div><\/div><h3 class='post_title post_post_title posts_grid_post_title'><a href='https:\/\/www.bcenergy.rs\/rs\/reciklaza-otpada\/'>Recikla\u017ea otpada<\/a><\/h3><div class='post_content post_post_content posts_grid_post_content clearfix'><p>Povodom Svetskog dana recikla\u017ee podse\u0107amo da otpad predstavlja resurs.<\/p>\n<\/div><div class='cws_custom_button_wrapper simple'><span><a href='https:\/\/www.bcenergy.rs\/rs\/reciklaza-otpada\/' class='cws_custom_button'>Read More<\/a><\/span><\/div><\/div><\/div><\/article><article id='post_post_69de2b3a3af9f' class=\"item post no_likes post_post posts_grid_post  post-7467 type-post status-publish format-standard has-post-thumbnail hentry category-media-releases category-news\"><div class='post_wrapper post_post_wrapper posts_grid_post_wrapper clearfix'>\t\t\t\t<div class=\"floated_media post_floated_media posts_grid_floated_media_wrapper\">\n\t\t\t\t\t<div class=\"floated_media_wrapper post_floated_media_wrapper posts_grid_floated_media_wrapper\">\n\t\t\t\t\t<div class='post_media post_post_media posts_grid_post_media'><div class='pic'><img src='https:\/\/www.bcenergy.rs\/rs\/wp-content\/uploads\/2026\/03\/studenti-u-poseti-centru-za-upravljanje-otpadom-u-vinci-01_023a017c0_7468.jpg' data-at2x='https:\/\/www.bcenergy.rs\/rs\/wp-content\/uploads\/2026\/03\/studenti-u-poseti-centru-za-upravljanje-otpadom-u-vinci-01_023a017c0_7468@2x.jpg'  alt='studenti u poseti centru za upravljanje otpadom u vin\u010di-01' \/><div class='hover-effect'><\/div><div class='plus_wrapper'><span><\/span><span><\/span><\/div><a class='link_area_post_media post_media_link post_post_media_link posts_grid_post_media_link' href='https:\/\/www.bcenergy.rs\/rs\/studenti-u-poseti-centru-za-upravljanje-otpadom-u-vinci\/'><\/a><\/div><\/div>\t\t\t\t\t<\/div>\n\t\t\t\t<\/div>\n\t\t\t<div class='post_post_info posts_grid_post_info'><div class='post_top_wrapper related'><div class='inline_date'><a href=https:\/\/www.bcenergy.rs\/rs\/2026\/03\/>March 13, 2026<\/a><\/div><\/div><h3 class='post_title post_post_title posts_grid_post_title'><a href='https:\/\/www.bcenergy.rs\/rs\/studenti-u-poseti-centru-za-upravljanje-otpadom-u-vinci\/'>Studenti u poseti Centru za upravljanje otpadom u Vin\u010di<\/a><\/h3><div class='post_content post_post_content posts_grid_post_content clearfix'><p>Nedavno su nas posetili studenti Ma\u0161inskog fakulteta Univerziteta u Beogradu, sa Katedre za procesnu tehniku, termoenergetiku i termotehniku, kao i studenti Tehnolo\u0161ko-metalur\u0161kog fakulteta, sa Katedre za in\u017eenjerstvo za\u0161tite \u017eivotne sredine.<\/p>\n<\/div><div class='cws_custom_button_wrapper simple'><span><a href='https:\/\/www.bcenergy.rs\/rs\/studenti-u-poseti-centru-za-upravljanje-otpadom-u-vinci\/' class='cws_custom_button'>Read More<\/a><\/span><\/div><\/div><\/div><\/article><article id='post_post_69de2b3a3b4c5' class=\"item post no_likes post_post posts_grid_post  post-7464 type-post status-publish format-standard has-post-thumbnail hentry category-bce-news category-news\"><div class='post_wrapper post_post_wrapper posts_grid_post_wrapper clearfix'>\t\t\t\t<div class=\"floated_media post_floated_media posts_grid_floated_media_wrapper\">\n\t\t\t\t\t<div class=\"floated_media_wrapper post_floated_media_wrapper posts_grid_floated_media_wrapper\">\n\t\t\t\t\t<div class='post_media post_post_media posts_grid_post_media'><div class='pic'><img src='https:\/\/www.bcenergy.rs\/rs\/wp-content\/uploads\/2026\/03\/otpad-energija_023a01400_7465.jpg' data-at2x='https:\/\/www.bcenergy.rs\/rs\/wp-content\/uploads\/2026\/03\/otpad-energija_023a01400_7465@2x.jpg'  alt='otpad-energija' \/><div class='hover-effect'><\/div><div class='plus_wrapper'><span><\/span><span><\/span><\/div><a class='link_area_post_media post_media_link post_post_media_link posts_grid_post_media_link' href='https:\/\/www.bcenergy.rs\/rs\/kako-otpad-postaje-energija\/'><\/a><\/div><\/div>\t\t\t\t\t<\/div>\n\t\t\t\t<\/div>\n\t\t\t<div class='post_post_info posts_grid_post_info'><div class='post_top_wrapper related'><div class='inline_date'><a href=https:\/\/www.bcenergy.rs\/rs\/2026\/03\/>March 5, 2026<\/a><\/div><\/div><h3 class='post_title post_post_title posts_grid_post_title'><a href='https:\/\/www.bcenergy.rs\/rs\/kako-otpad-postaje-energija\/'>Kako otpad postaje energija<\/a><\/h3><div class='post_content post_post_content posts_grid_post_content clearfix'><p>U Centru za upravljanje otpadom u Vin\u010di je tokom 2025. godine prihva\u0107eno 693.000 tona komunalnog otpada, od \u010dega je 340.000 tona termi\u010dki tretirano u termoelektrani-toplani na otpad i proizvedena je elektri\u010dna energija dovoljna za snabdevanje 30.000 doma\u0107instava i toplotna energija za 60.000 doma\u0107instava Beograda.  Pogledajte video kako se proizvodi energija iz otpada.<\/p>\n<\/div><div class='cws_custom_button_wrapper simple'><span><a href='https:\/\/www.bcenergy.rs\/rs\/kako-otpad-postaje-energija\/' class='cws_custom_button'>Read More<\/a><\/span><\/div><\/div><\/div><\/article><article id='post_post_69de2b3a3b9f6' class=\"item post no_likes post_post posts_grid_post  post-7461 type-post status-publish format-standard has-post-thumbnail hentry category-media-releases category-news\"><div class='post_wrapper post_post_wrapper posts_grid_post_wrapper clearfix'>\t\t\t\t<div class=\"floated_media post_floated_media posts_grid_floated_media_wrapper\">\n\t\t\t\t\t<div class=\"floated_media_wrapper post_floated_media_wrapper posts_grid_floated_media_wrapper\">\n\t\t\t\t\t<div class='post_media post_post_media posts_grid_post_media'><div class='pic'><img src='https:\/\/www.bcenergy.rs\/rs\/wp-content\/uploads\/2025\/12\/hny2026-sr_023a01400_7462.jpg' data-at2x='https:\/\/www.bcenergy.rs\/rs\/wp-content\/uploads\/2025\/12\/hny2026-sr_023a01400_7462@2x.jpg'  alt='hny2026-sr' \/><div class='hover-effect'><\/div><div class='plus_wrapper'><span><\/span><span><\/span><\/div><a class='link_area_post_media post_media_link post_post_media_link posts_grid_post_media_link' href='https:\/\/www.bcenergy.rs\/rs\/srecna-nova-2026-srecni-praznici\/'><\/a><\/div><\/div>\t\t\t\t\t<\/div>\n\t\t\t\t<\/div>\n\t\t\t<div class='post_post_info posts_grid_post_info'><div class='post_top_wrapper related'><div class='inline_date'><a href=https:\/\/www.bcenergy.rs\/rs\/2025\/12\/>December 30, 2025<\/a><\/div><\/div><h3 class='post_title post_post_title posts_grid_post_title'><a href='https:\/\/www.bcenergy.rs\/rs\/srecna-nova-2026-srecni-praznici\/'>Sre\u0107na Nova 2026! Sre\u0107ni praznici!<\/a><\/h3><div class='post_content post_post_content posts_grid_post_content clearfix'><\/div><div class='cws_custom_button_wrapper simple'><span><a href='https:\/\/www.bcenergy.rs\/rs\/srecna-nova-2026-srecni-praznici\/' class='cws_custom_button'>Read More<\/a><\/span><\/div><\/div><\/div><\/article><article id='post_post_69de2b3a3bf17' class=\"item post no_likes post_post posts_grid_post  post-7437 type-post status-publish format-standard has-post-thumbnail hentry category-media-releases category-news\"><div class='post_wrapper post_post_wrapper posts_grid_post_wrapper clearfix'>\t\t\t\t<div class=\"floated_media post_floated_media posts_grid_floated_media_wrapper\">\n\t\t\t\t\t<div class=\"floated_media_wrapper post_floated_media_wrapper posts_grid_floated_media_wrapper\">\n\t\t\t\t\t<div class='post_media post_post_media posts_grid_post_media'><div class='pic'><img src='https:\/\/www.bcenergy.rs\/rs\/wp-content\/uploads\/2025\/12\/Poseta-studenata-Masinskog-fakulteta-01_023a01aa0_7438.jpg' data-at2x='https:\/\/www.bcenergy.rs\/rs\/wp-content\/uploads\/2025\/12\/Poseta-studenata-Masinskog-fakulteta-01_023a01aa0_7438@2x.jpg'  alt='Poseta studenata Ma\u0161inskog fakulteta-01' \/><div class='hover-effect'><\/div><div class='plus_wrapper'><span><\/span><span><\/span><\/div><a class='link_area_post_media post_media_link post_post_media_link posts_grid_post_media_link' href='https:\/\/www.bcenergy.rs\/rs\/poseta-studenata-masinskog-fakulteta\/'><\/a><\/div><\/div>\t\t\t\t\t<\/div>\n\t\t\t\t<\/div>\n\t\t\t<div class='post_post_info posts_grid_post_info'><div class='post_top_wrapper related'><div class='inline_date'><a href=https:\/\/www.bcenergy.rs\/rs\/2025\/12\/>December 12, 2025<\/a><\/div><\/div><h3 class='post_title post_post_title posts_grid_post_title'><a href='https:\/\/www.bcenergy.rs\/rs\/poseta-studenata-masinskog-fakulteta\/'>Poseta studenata Ma\u0161inskog fakulteta<\/a><\/h3><div class='post_content post_post_content posts_grid_post_content clearfix'><p>Centar za upravljanje otpadom u Beogradu ugostio je petu generaciju studenata Ma\u0161inskog fakulteta Univerziteta u Beogradu, u okviru saradnje zapo\u010dete 2021. godine sa Katedrom za procesnu tehniku. Kao i svake godine, studenti druge godine master studija su imali priliku da obilaskom na\u0161eg kompleksa unaprede svoja prakti\u010dna znanja iz predmeta Upravljanje otpadom i otpadnim vodama.<\/p>\n<\/div><div class='cws_custom_button_wrapper simple'><span><a href='https:\/\/www.bcenergy.rs\/rs\/poseta-studenata-masinskog-fakulteta\/' class='cws_custom_button'>Read More<\/a><\/span><\/div><\/div><\/div><\/article><\/div><div  class='cws_loader_holder'><div  class='cws_loader'>\t\t\t\t<svg width='104px' height='104px' xmlns=\"http:\/\/www.w3.org\/2000\/svg\" viewBox=\"0 0 100 100\" preserveAspectRatio=\"xMidYMid\" class=\"uil-default\"><rect x=\"0\" y=\"0\" width=\"100\" height=\"100\" fill=\"none\" class=\"bk\"><\/rect><rect  x='46.5' y='40' width='7' height='20' rx='5' ry='5' fill='#000000' transform='rotate(0 50 50) translate(0 -30)'>  <animate attributeName='opacity' from='1' to='0' dur='1s' begin='0s' repeatCount='indefinite'\/><\/rect><rect  x='46.5' y='40' width='7' height='20' rx='5' ry='5' fill='#000000' transform='rotate(30 50 50) translate(0 -30)'>  <animate attributeName='opacity' from='1' to='0' dur='1s' begin='0.08333333333333333s' repeatCount='indefinite'\/><\/rect><rect  x='46.5' y='40' width='7' height='20' rx='5' ry='5' fill='#000000' transform='rotate(60 50 50) translate(0 -30)'>  <animate attributeName='opacity' from='1' to='0' dur='1s' begin='0.16666666666666666s' repeatCount='indefinite'\/><\/rect><rect  x='46.5' y='40' width='7' height='20' rx='5' ry='5' fill='#000000' transform='rotate(90 50 50) translate(0 -30)'>  <animate attributeName='opacity' from='1' to='0' dur='1s' begin='0.25s' repeatCount='indefinite'\/><\/rect><rect  x='46.5' y='40' width='7' height='20' rx='5' ry='5' fill='#000000' transform='rotate(120 50 50) translate(0 -30)'>  <animate attributeName='opacity' from='1' to='0' dur='1s' begin='0.3333333333333333s' repeatCount='indefinite'\/><\/rect><rect  x='46.5' y='40' width='7' height='20' rx='5' ry='5' fill='#000000' transform='rotate(150 50 50) translate(0 -30)'>  <animate attributeName='opacity' from='1' to='0' dur='1s' begin='0.4166666666666667s' repeatCount='indefinite'\/><\/rect><rect  x='46.5' y='40' width='7' height='20' rx='5' ry='5' fill='#000000' transform='rotate(180 50 50) translate(0 -30)'>  <animate attributeName='opacity' from='1' to='0' dur='1s' begin='0.5s' repeatCount='indefinite'\/><\/rect><rect  x='46.5' y='40' width='7' height='20' rx='5' ry='5' fill='#000000' transform='rotate(210 50 50) translate(0 -30)'>  <animate attributeName='opacity' from='1' to='0' dur='1s' begin='0.5833333333333334s' repeatCount='indefinite'\/><\/rect><rect  x='46.5' y='40' width='7' height='20' rx='5' ry='5' fill='#000000' transform='rotate(240 50 50) translate(0 -30)'>  <animate attributeName='opacity' from='1' to='0' dur='1s' begin='0.6666666666666666s' repeatCount='indefinite'\/><\/rect><rect  x='46.5' y='40' width='7' height='20' rx='5' ry='5' fill='#000000' transform='rotate(270 50 50) translate(0 -30)'>  <animate attributeName='opacity' from='1' to='0' dur='1s' begin='0.75s' repeatCount='indefinite'\/><\/rect><rect  x='46.5' y='40' width='7' height='20' rx='5' ry='5' fill='#000000' transform='rotate(300 50 50) translate(0 -30)'>  <animate attributeName='opacity' from='1' to='0' dur='1s' begin='0.8333333333333334s' repeatCount='indefinite'\/><\/rect><rect  x='46.5' y='40' width='7' height='20' rx='5' ry='5' fill='#000000' transform='rotate(330 50 50) translate(0 -30)'>  <animate attributeName='opacity' from='1' to='0' dur='1s' begin='0.9166666666666666s' repeatCount='indefinite'\/><\/rect><\/svg>\n\t\t\t\t<\/div><\/div><\/div>\n\t\t<div class=\"pagination\">\n\t\t\t<div class='page_links'>\n\t\t\t<span aria-current=\"page\" class=\"page-numbers current\">1<\/span>\n<a class=\"page-numbers\" href=\"https:\/\/www.bcenergy.rs\/rs\/wp-json\/wp\/v2\/pages\/3967\/page\/2\/\">2<\/a>\n<a class=\"page-numbers\" href=\"https:\/\/www.bcenergy.rs\/rs\/wp-json\/wp\/v2\/pages\/3967\/page\/3\/\">3<\/a>\n<span class=\"page-numbers dots\">&hellip;<\/span>\n<a class=\"page-numbers\" href=\"https:\/\/www.bcenergy.rs\/rs\/wp-json\/wp\/v2\/pages\/3967\/page\/25\/\">25<\/a>\n<a class=\"next page-numbers\" href=\"https:\/\/www.bcenergy.rs\/rs\/wp-json\/wp\/v2\/pages\/3967\/page\/2\/\"><i class=''><\/i><\/a>\t\t\t<\/div>\n\t\t<\/div>\n\t\t<form id='posts_grid_69de2b3a39d1a_data' class='ajax_data_form cws_blog_ajax_data_form posts_grid_ajax_data_form'><input type='hidden' id='posts_grid_69de2b3a39d1a_ajax_data' class='ajax_data cws_blog_ajax_data posts_grid_ajax_data' name='posts_grid_69de2b3a39d1a_ajax_data' value='{\"section_id\":\"posts_grid_69de2b3a39d1a\",\"post_type\":\"post\",\"post_hide_meta\":[\"\",\"cats\",\"tags\",\"author\",\"likes\",\"comments\",\"social\"],\"layout\":\"medium\",\"sb_layout\":\"_sidebar\",\"total_items_count\":9223372036854775807,\"hover_effects\":\" hovernone\",\"items_pp\":5,\"page\":1,\"max_paged\":25,\"tax\":\"category\",\"terms\":[\"news\"],\"huge_layout\":null,\"current_filter_val\":\"_all_\",\"addl_query_args\":[],\"full_width\":false,\"pagination_grid\":\"\",\"related_items\":\"\",\"more_btn_text\":\"Read More\",\"link_show\":\"dots\",\"crop_featured\":false,\"chars_count\":\"280\"}' \/><\/form><\/section>[\/vc_column][\/vc_row][vc_row el_class=&#8221;tekst&#8221; css=&#8221;.vc_custom_1602802126273{margin-top: 90px !important;}&#8221;][vc_column]<div class=\"cws_spacing cws_spacing_size_sm_desctop-on cws_spacing_tablet-on cws_spacing_mobile-on\"><div class=\"cws_spacing cws_spacing_default\" style=\"height:22px;\"><\/div> <div class=\"cws_spacing cws_spacing_size_sm_desctop\" style=\"height:10px;\"><\/div> <div class=\"cws_spacing cws_spacing_tablet\" style=\"height:5px;\"><\/div> <div class=\"cws_spacing cws_spacing_mobile\" style=\"height:0px;\"><\/div><\/div><div class='cws_textmodule cws_vc_shortcode_module' id='cws_textmodule_69de2b3a3c561'><div class='cws_textmodule_wrapper add_divider'><div class='cws_textmodule_text text_align_center'><div class='cws_textmodule_titles display_block'><h3 class='cws_textmodule_title'><strong>Press<\/strong> Contact:<\/h3><\/div><\/div><\/div><\/div><div class=\"cws_spacing cws_spacing_size_sm_desctop-on cws_spacing_tablet-on cws_spacing_mobile-on\"><div class=\"cws_spacing cws_spacing_default\" style=\"height:22px;\"><\/div> <div class=\"cws_spacing cws_spacing_size_sm_desctop\" style=\"height:10px;\"><\/div> <div class=\"cws_spacing cws_spacing_tablet\" style=\"height:5px;\"><\/div> <div class=\"cws_spacing cws_spacing_mobile\" style=\"height:0px;\"><\/div><\/div>[vc_row_inner][vc_column_inner][vc_column_text]\n<h4 style=\"text-align: center;\">BEO \u010cISTA ENERGIJA:<\/h4>\n<p style=\"font-size: 19px; line-height: 1.5263em; text-align: center;\"><strong>Jelena Joli\u0107<\/strong><br \/>\nSaradnik za odnose sa javno\u0161\u0107u<br \/>\n<a href=\"mailto:j.jolic@bcenergy.rs\">j.jolic@bcenergy.rs<\/a><\/p>\n[\/vc_column_text][\/vc_column_inner][\/vc_row_inner]<div class=\"cws_spacing cws_spacing_size_sm_desctop-on cws_spacing_tablet-on cws_spacing_mobile-on\"><div class=\"cws_spacing cws_spacing_default\" style=\"height:22px;\"><\/div> <div class=\"cws_spacing cws_spacing_size_sm_desctop\" style=\"height:10px;\"><\/div> <div class=\"cws_spacing cws_spacing_tablet\" style=\"height:5px;\"><\/div> <div class=\"cws_spacing cws_spacing_mobile\" style=\"height:0px;\"><\/div><\/div>[\/vc_column][\/vc_row]\n<\/div>","protected":false},"excerpt":{"rendered":"Centar za upravljanje otpadom u Beogradu ugostio je petu generaciju studenata Ma\u0161inskog fakulteta Univerziteta u Beogradu, u okviru saradnje zapo\u010dete 2021. godine sa Katedrom za procesnu tehniku. Kao i svake godine, studenti druge godine master studija su imali priliku da obilaskom na\u0161eg kompleksa unaprede svoja prakti\u010dna znanja iz predmeta Upravljanje otpadom i otpadnim vodama. Prva generacija studenata posetila je termoelektranu\u2013toplanu na otpad (EfW) u fazi izgradnje, dok su naredne generacije mogle da se upoznaju sa radom ve\u0107 izgra\u0111enog postrojenja tokom probnog i operativnog perioda. Na taj na\u010din studenti su kroz praksu sagledali razvoj i funkcionisanje savremenog postrojenja za termi\u010dki tretman otpada. I ovogodi\u0161nja poseta protekla je u dobrom raspolo\u017eenju. Vitor Soares, menad\u017eer EfW postrojenja, proveo je studente kroz sve faze procesa - od prijemne platforme i bunkera za otpad, preko upravljanja postrojenjem iz kontrolne sobe, do kotla u kojem se otpad sagoreva na Martin re\u0161etki na temperaturi od najmanje 850\u00b0C i turbine gde je studentima poja\u0161njena proizvodnja elektri\u010dne i toplotne energije iz otpada kao obnovljivog izvora energije koja doprinosi sistemu grejanja i snabdevanja elektri\u010dnom energijom doma\u0107instava u Beogradu. Nakon obilaska termoelektrane\u2013toplane na otpad, Chalaris Tzortzis, direktor deponije, objasnio je klju\u010dne aktivnosti upravljanja otpadom u okviru kompleksa tokom obilaska novoizgra\u0111enih \u0107elija sanitarne deponije, postrojenja za preradu gra\u0111evinskog otpada i postrojenja za tretman procednih voda. Mi u Beo \u010cistoj Energiji zahvalni smo na prilici da doprinesemo edukaciji budu\u0107ih in\u017eenjera u Srbiji \u2013 to je privilegija i va\u017ean segment na\u0161e korporativne dru\u0161tvene odgovornosti.","protected":false},"author":1,"featured_media":0,"parent":0,"menu_order":0,"comment_status":"closed","ping_status":"closed","template":"","meta":{"footnotes":""},"class_list":["post-3967","page","type-page","status-publish","hentry"],"distributor_meta":false,"distributor_terms":false,"distributor_media":false,"distributor_original_site_name":"Beo \u010cista Energija","distributor_original_site_url":"https:\/\/www.bcenergy.rs\/rs","push-errors":false,"_links":{"self":[{"href":"https:\/\/www.bcenergy.rs\/rs\/wp-json\/wp\/v2\/pages\/3967","targetHints":{"allow":["GET"]}}],"collection":[{"href":"https:\/\/www.bcenergy.rs\/rs\/wp-json\/wp\/v2\/pages"}],"about":[{"href":"https:\/\/www.bcenergy.rs\/rs\/wp-json\/wp\/v2\/types\/page"}],"author":[{"embeddable":true,"href":"https:\/\/www.bcenergy.rs\/rs\/wp-json\/wp\/v2\/users\/1"}],"replies":[{"embeddable":true,"href":"https:\/\/www.bcenergy.rs\/rs\/wp-json\/wp\/v2\/comments?post=3967"}],"version-history":[{"count":15,"href":"https:\/\/www.bcenergy.rs\/rs\/wp-json\/wp\/v2\/pages\/3967\/revisions"}],"predecessor-version":[{"id":7271,"href":"https:\/\/www.bcenergy.rs\/rs\/wp-json\/wp\/v2\/pages\/3967\/revisions\/7271"}],"wp:attachment":[{"href":"https:\/\/www.bcenergy.rs\/rs\/wp-json\/wp\/v2\/media?parent=3967"}],"curies":[{"name":"wp","href":"https:\/\/api.w.org\/{rel}","templated":true}]}}