

{"id":4115,"date":"2020-10-01T14:23:39","date_gmt":"2020-10-01T14:23:39","guid":{"rendered":"https:\/\/www.bcenergy.rs\/rs\/?page_id=4115"},"modified":"2024-06-24T14:03:13","modified_gmt":"2024-06-24T14:03:13","slug":"o-nama","status":"publish","type":"page","link":"https:\/\/www.bcenergy.rs\/rs\/o-nama\/","title":{"rendered":"O nama"},"content":{"rendered":"<div class=\"wpb-content-wrapper\">[vc_row][vc_column]<div class=\"cws_spacing cws_spacing_size_sm_desctop-on cws_spacing_tablet-on cws_spacing_mobile-on\"><div class=\"cws_spacing cws_spacing_default\" style=\"height:22px;\"><\/div> <div class=\"cws_spacing cws_spacing_size_sm_desctop\" style=\"height:10px;\"><\/div> <div class=\"cws_spacing cws_spacing_tablet\" style=\"height:0px;\"><\/div> <div class=\"cws_spacing cws_spacing_mobile\" style=\"height:0px;\"><\/div><\/div>[\/vc_column][\/vc_row][vc_row css=&#8221;.vc_custom_1601637590233{background-color: #ffffff !important;}&#8221;][vc_column width=&#8221;2\/5&#8243; css=&#8221;.vc_custom_1601637582328{background-color: #ffffff !important;}&#8221;]<div class='cws_textmodule cws_vc_shortcode_module' id='cws_textmodule_69da05173977a'><div class='cws_textmodule_wrapper add_divider'><div class='cws_textmodule_text text_align_left'><div class='cws_textmodule_titles display_block'><h3 class='cws_textmodule_title'>Beo <strong>\u010cista<\/strong> Energija<\/h3><\/div><\/div><\/div><\/div>[\/vc_column][vc_column width=&#8221;3\/5&#8243; css=&#8221;.vc_custom_1601637610378{background-color: #ffffff !important;}&#8221;]<div class='cws_textmodule cws_vc_shortcode_module' id='cws_textmodule_69da0517398b5'><div class='cws_textmodule_wrapper '><div class='cws_textmodule_text text_align_left'><div class='cws_textmodule_titles display_block'><\/div><div class='cws_textmodule_content'><div class='text_content_wrapper'><p style=\"font-size: 21px; line-height: 1.5263em;\"><strong><u>Prvi<\/u><\/strong> privatni partner u Srbiji u oblasti usluga prerade, odlaganja i iskori\u0161\u0107enja otpada.<\/p>\n<\/div><\/div><\/div><\/div><\/div>[\/vc_column][\/vc_row][vc_row][vc_column]<div class=\"cws_spacing cws_spacing_size_sm_desctop-on cws_spacing_tablet-on cws_spacing_mobile-on\"><div class=\"cws_spacing cws_spacing_default\" style=\"height:84px;\"><\/div> <div class=\"cws_spacing cws_spacing_size_sm_desctop\" style=\"height:70px;\"><\/div> <div class=\"cws_spacing cws_spacing_tablet\" style=\"height:50px;\"><\/div> <div class=\"cws_spacing cws_spacing_mobile\" style=\"height:50px;\"><\/div><\/div>[\/vc_column][\/vc_row][vc_row el_class=&#8221;tekst&#8221;][vc_column]<div class=\"cws_spacing cws_spacing_size_sm_desctop-on cws_spacing_tablet-on cws_spacing_mobile-on\"><div class=\"cws_spacing cws_spacing_default\" style=\"height:22px;\"><\/div> <div class=\"cws_spacing cws_spacing_size_sm_desctop\" style=\"height:10px;\"><\/div> <div class=\"cws_spacing cws_spacing_tablet\" style=\"height:0px;\"><\/div> <div class=\"cws_spacing cws_spacing_mobile\" style=\"height:0px;\"><\/div><\/div>[vc_column_text]Beo \u010cista Energija d.o.o., dru\u0161tvo s posebnom namenom \u010diji su akcionari francusko preduze\u0107e Veolia, japanska korporacija ITOCHU i panevropski fond MARGUERITE sa sedi\u0161tem u Luksemburgu, zaklju\u010dilo je Ugovor o javno-privatnom partnerstvu sa Gradom Beogradom 29. septembra 2017. godine.[\/vc_column_text]<div id='cws_divider_69da051739911' class='separator-wrapper'><hr style='height:1px;'><\/div>[vc_column_text]Prema ugovornom modelu projektuj-izgradi-finansiraj-upravljaj (DBFO), Beo \u010cista Energija d.o.o. je odgovorna za projektovanje, izgradnju, finansiranje i upravljanje novim centrom za upravljanje otpadom u Vin\u010di u cilju pru\u017eanja usluga odlaganja i tretmana komunalnog i gra\u0111evinskog otpada u narednih\u00a025 godina.[\/vc_column_text]<div id='cws_divider_69da051739941' class='separator-wrapper'><hr style='height:1px;'><\/div>[vc_column_text]Na\u0161im projektom re\u0161avaju se mnogobrojni problemi sa kojima se Srbija i Beograd suo\u010davaju i on je jedan od osnovnih elemenata politika i strategija Beograda u oblasti upravljanja otpadom i \u017eivotne sredine.<\/p>\n<p>Glavni motivi projekta JPP:<\/p>\n<ul>\n<li>zaustavljanje zaga\u0111enja okoline i reke Dunav uzrokovano neodgovaraju\u0107im upravljanjem otpadom,<\/li>\n<li>proizvodnja elektri\u010dne i toplotne energije iz otpada umesto iz fosilnih goriva, uz smanjenje emisija gasova sa efektom staklene ba\u0161te,<\/li>\n<li>razmena znanja i stru\u010dnosti izme\u0111u javnog i privatnog sektora.<\/li>\n<\/ul>\n[\/vc_column_text]<div id='cws_divider_69da051739966' class='separator-wrapper'><hr style='height:1px;'><\/div>[vc_column_text]Sva projektna i tehni\u010dka re\u0161enja su uskla\u0111ena sa srpskim i evropskim\/me\u0111unarodnim ekolo\u0161kim standardima.[\/vc_column_text][\/vc_column][\/vc_row][vc_row css=&#8221;.vc_custom_1613931129133{padding-top: 70px !important;}&#8221;][vc_column width=&#8221;1\/3&#8243;]<div id='banner_id_69da0517399a4' class='trendustry_banner  with_button'><div class='banner_wrapper button-default' style='background-image:url(https:\/\/www.bcenergy.rs\/rs\/wp-content\/uploads\/2021\/06\/awards.jpg);'><div class='banner_table a-center'><div class='banner_cell' style='color:#ffffff'><h3 class='banner_title'>U\u010desnici u<br \/>\nprojektu JPP<\/h3><\/div><\/div><div class='banner_button'><div class='sc_button_wrapper align-center mobile-align-center'><div id='cws_vc_shortcode_button_69da051739b81' class='cws_custom_button_wrapper cws_sc_button regular advanced'><span><a href='\/rs\/?page_id=4331' class='cws_custom_button'><span>PRO\u010cITAJTE VI\u0160E<\/span><\/a><\/span><\/div><\/div><\/div><\/div><\/div>[\/vc_column][vc_column width=&#8221;1\/3&#8243;]<div id='banner_id_69da051739bcd' class='trendustry_banner  with_button'><div class='banner_wrapper button-default' style='background-image:url(https:\/\/www.bcenergy.rs\/rs\/wp-content\/uploads\/2021\/04\/macro-photo-tooth-wheel-mechanism-260nw-737412403.jpg);'><div class='banner_table a-center'><div class='banner_cell' style='color:#ffffff'><h3 class='banner_title'>Osniva\u010di Beo \u010ciste Energije<\/h3><\/div><\/div><div class='banner_button'><div class='sc_button_wrapper align-center mobile-align-center'><div id='cws_vc_shortcode_button_69da051739d12' class='cws_custom_button_wrapper cws_sc_button regular advanced'><span><a href='\/rs\/?page_id=4306' class='cws_custom_button'><span>PRO\u010cITAJTE VI\u0160E<\/span><\/a><\/span><\/div><\/div><\/div><\/div><\/div>[\/vc_column][vc_column width=&#8221;1\/3&#8243;]<div id='banner_id_69da051739d5c' class='trendustry_banner  with_button'><div class='banner_wrapper button-default' style='background-image:url(https:\/\/www.bcenergy.rs\/rs\/wp-content\/uploads\/2024\/05\/10-15052024.jpg);'><div class='banner_table a-center'><div class='banner_cell' style='color:#ffffff'><h3 class='banner_title'>&nbsp;<br \/>Menad\u017ement<\/h3><\/div><\/div><div class='banner_button'><div class='sc_button_wrapper align-center mobile-align-center'><div id='cws_vc_shortcode_button_69da051739e6e' class='cws_custom_button_wrapper cws_sc_button regular advanced'><span><a href='\/rs\/?page_id=4652' class='cws_custom_button'><span>PRO\u010cITAJTE VI\u0160E<\/span><\/a><\/span><\/div><\/div><\/div><\/div><\/div>[\/vc_column][\/vc_row][vc_row][vc_column]<div class=\"cws_spacing cws_spacing_size_sm_desctop-on cws_spacing_tablet-on cws_spacing_mobile-on\"><div class=\"cws_spacing cws_spacing_default\" style=\"height:110px;\"><\/div> <div class=\"cws_spacing cws_spacing_size_sm_desctop\" style=\"height:80px;\"><\/div> <div class=\"cws_spacing cws_spacing_tablet\" style=\"height:50px;\"><\/div> <div class=\"cws_spacing cws_spacing_mobile\" style=\"height:75px;\"><\/div><\/div>[\/vc_column][\/vc_row]\n<\/div>","protected":false},"excerpt":{"rendered":"<p>[vc_row][vc_column][\/vc_column][\/vc_row][vc_row css=&#8221;.vc_custom_1601637590233{background-color: #ffffff !important;}&#8221;][vc_column width=&#8221;2\/5&#8243; css=&#8221;.vc_custom_1601637582328{background-color: #ffffff !important;}&#8221;][\/vc_column][vc_column width=&#8221;3\/5&#8243; css=&#8221;.vc_custom_1601637610378{background-color: #ffffff !important;}&#8221;][\/vc_column][\/vc_row][vc_row][vc_column][\/vc_column][\/vc_row][vc_row el_class=&#8221;tekst&#8221;][vc_column][vc_column_text]Beo \u010cista Energija d.o.o., dru\u0161tvo s posebnom namenom \u010diji su akcionari francusko preduze\u0107e Veolia, japanska korporacija ITOCHU i panevropski fond MARGUERITE sa sedi\u0161tem u Luksemburgu, zaklju\u010dilo je Ugovor o javno-privatnom partnerstvu sa Gradom Beogradom 29. septembra 2017. godine.[\/vc_column_text][vc_column_text]Prema ugovornom modelu projektuj-izgradi-finansiraj-upravljaj (DBFO), Beo \u010cista Energija d.o.o. je odgovorna za projektovanje, izgradnju, finansiranje i upravljanje novim centrom za upravljanje otpadom u Vin\u010di u cilju pru\u017eanja usluga odlaganja i tretmana komunalnog i gra\u0111evinskog otpada u narednih\u00a025 godina.[\/vc_column_text][vc_column_text]Na\u0161im projektom re\u0161avaju se mnogobrojni problemi sa kojima se Srbija i Beograd suo\u010davaju i on je jedan od osnovnih elemenata politika i strategija Beograda u oblasti upravljanja otpadom i \u017eivotne sredine. Glavni motivi projekta JPP: zaustavljanje zaga\u0111enja okoline i reke Dunav uzrokovano neodgovaraju\u0107im upravljanjem otpadom, proizvodnja elektri\u010dne i toplotne energije iz otpada umesto iz fosilnih goriva, uz smanjenje emisija gasova sa efektom staklene ba\u0161te, razmena znanja i stru\u010dnosti izme\u0111u javnog i privatnog sektora. [\/vc_column_text][vc_column_text]Sva projektna i tehni\u010dka re\u0161enja su uskla\u0111ena sa srpskim i evropskim\/me\u0111unarodnim ekolo\u0161kim standardima.[\/vc_column_text][\/vc_column][\/vc_row][vc_row css=&#8221;.vc_custom_1613931129133{padding-top: 70px !important;}&#8221;][vc_column width=&#8221;1\/3&#8243;][\/vc_column][vc_column width=&#8221;1\/3&#8243;][\/vc_column][vc_column width=&#8221;1\/3&#8243;][\/vc_column][\/vc_row][vc_row][vc_column][\/vc_column][\/vc_row]<\/p>\n","protected":false},"author":1,"featured_media":0,"parent":0,"menu_order":0,"comment_status":"closed","ping_status":"closed","template":"","meta":{"footnotes":""},"class_list":["post-4115","page","type-page","status-publish","hentry"],"distributor_meta":false,"distributor_terms":false,"distributor_media":false,"distributor_original_site_name":"Beo \u010cista Energija","distributor_original_site_url":"https:\/\/www.bcenergy.rs\/rs","push-errors":false,"_links":{"self":[{"href":"https:\/\/www.bcenergy.rs\/rs\/wp-json\/wp\/v2\/pages\/4115","targetHints":{"allow":["GET"]}}],"collection":[{"href":"https:\/\/www.bcenergy.rs\/rs\/wp-json\/wp\/v2\/pages"}],"about":[{"href":"https:\/\/www.bcenergy.rs\/rs\/wp-json\/wp\/v2\/types\/page"}],"author":[{"embeddable":true,"href":"https:\/\/www.bcenergy.rs\/rs\/wp-json\/wp\/v2\/users\/1"}],"replies":[{"embeddable":true,"href":"https:\/\/www.bcenergy.rs\/rs\/wp-json\/wp\/v2\/comments?post=4115"}],"version-history":[{"count":130,"href":"https:\/\/www.bcenergy.rs\/rs\/wp-json\/wp\/v2\/pages\/4115\/revisions"}],"predecessor-version":[{"id":6857,"href":"https:\/\/www.bcenergy.rs\/rs\/wp-json\/wp\/v2\/pages\/4115\/revisions\/6857"}],"wp:attachment":[{"href":"https:\/\/www.bcenergy.rs\/rs\/wp-json\/wp\/v2\/media?parent=4115"}],"curies":[{"name":"wp","href":"https:\/\/api.w.org\/{rel}","templated":true}]}}