

{"id":4256,"date":"2020-10-02T13:38:09","date_gmt":"2020-10-02T13:38:09","guid":{"rendered":"https:\/\/www.bcenergy.rs\/rs\/?page_id=4256"},"modified":"2021-12-28T16:47:18","modified_gmt":"2021-12-28T16:47:18","slug":"ciljevi-i-benefiti-projekta","status":"publish","type":"page","link":"https:\/\/www.bcenergy.rs\/rs\/projekat-jpp-u-oblasti-upravljanja-otpadom-u-beogradu\/ciljevi-i-benefiti-projekta\/","title":{"rendered":"Ciljevi i benefiti projekta"},"content":{"rendered":"<div class=\"wpb-content-wrapper\">[vc_row el_class=&#8221;tekst&#8221;][vc_column][vc_column_text]Projekat predstavlja dugoo\u010dekivano re\u0161enje za jedan od najve\u0107ih izazova sa kojima se Beograd suo\u010dio u oblasti upravljanja otpadom.[\/vc_column_text]<div class=\"cws_spacing cws_spacing_size_sm_desctop-on cws_spacing_tablet-on cws_spacing_mobile-on\"><div class=\"cws_spacing cws_spacing_default\" style=\"height:22px;\"><\/div> <div class=\"cws_spacing cws_spacing_size_sm_desctop\" style=\"height:10px;\"><\/div> <div class=\"cws_spacing cws_spacing_tablet\" style=\"height:0px;\"><\/div> <div class=\"cws_spacing cws_spacing_mobile\" style=\"height:0px;\"><\/div><\/div><div class='cws_textmodule cws_vc_shortcode_module' id='cws_textmodule_69ead32c231bd'><div class='cws_textmodule_wrapper add_divider'><div class='cws_textmodule_text text_align_left'><div class='cws_textmodule_titles display_block'><h3 class='cws_textmodule_title'>Ciljevi<\/h3><\/div><\/div><\/div><\/div><div class=\"cws_spacing cws_spacing_size_sm_desctop-on cws_spacing_tablet-on cws_spacing_mobile-on\"><div class=\"cws_spacing cws_spacing_default\" style=\"height:22px;\"><\/div> <div class=\"cws_spacing cws_spacing_size_sm_desctop\" style=\"height:10px;\"><\/div> <div class=\"cws_spacing cws_spacing_tablet\" style=\"height:0px;\"><\/div> <div class=\"cws_spacing cws_spacing_mobile\" style=\"height:0px;\"><\/div><\/div>[vc_column_text]\n<ul>\n<li>zna\u010dajno smanjenje zaga\u0111enja sa stare deponije u Vin\u010di;<\/li>\n<li>izgradnja i upravljanje novom sanitarnom deponijom u skladu sa srpskim i evropskim standardima;<\/li>\n<li>smanjenje koli\u010dine otpada koji se odla\u017ee na deponiju i doprinos transformaciji ka cirkularnoj ekonomiji;<\/li>\n<li>efikasno kori\u0161\u0107enje resursa;<\/li>\n<li>proizvodnja toplotne i elektri\u010dne energije primenom termalnog tretmana otpada i deponijskog gasa;<\/li>\n<li>usagla\u0161avanje sa direktivama EU o upravljanju otpadom kojima se zahteva smanjenje koli\u010dine biorazgradivog otpada koja se odla\u017ee na deponije;<\/li>\n<\/ul>\n<p><strong><em>Nacionalni cilj Republike Srbije<\/em><\/strong> \u2013 smanjenje koli\u010dine biorazgradivog otpada koji se odla\u017ee na deponijama za 65% do 2030. godine (u odnosu na koli\u010dine iz 2008).[\/vc_column_text]<div class=\"cws_spacing cws_spacing_size_sm_desctop-on cws_spacing_tablet-on cws_spacing_mobile-on\"><div class=\"cws_spacing cws_spacing_default\" style=\"height:42px;\"><\/div> <div class=\"cws_spacing cws_spacing_size_sm_desctop\" style=\"height:20px;\"><\/div> <div class=\"cws_spacing cws_spacing_tablet\" style=\"height:10px;\"><\/div> <div class=\"cws_spacing cws_spacing_mobile\" style=\"height:10px;\"><\/div><\/div><div id='cws_divider_69ead32c23235' class='separator-wrapper'><hr style='height:1px;'><\/div><div class=\"cws_spacing cws_spacing_size_sm_desctop-on cws_spacing_tablet-on cws_spacing_mobile-on\"><div class=\"cws_spacing cws_spacing_default\" style=\"height:22px;\"><\/div> <div class=\"cws_spacing cws_spacing_size_sm_desctop\" style=\"height:10px;\"><\/div> <div class=\"cws_spacing cws_spacing_tablet\" style=\"height:0px;\"><\/div> <div class=\"cws_spacing cws_spacing_mobile\" style=\"height:0px;\"><\/div><\/div><div class='cws_textmodule cws_vc_shortcode_module' id='cws_textmodule_69ead32c23300'><div class='cws_textmodule_wrapper add_divider'><div class='cws_textmodule_text text_align_left'><div class='cws_textmodule_titles display_block'><h3 class='cws_textmodule_title'>Benefiti<\/h3><\/div><\/div><\/div><\/div><div class=\"cws_spacing cws_spacing_size_sm_desctop-on cws_spacing_tablet-on cws_spacing_mobile-on\"><div class=\"cws_spacing cws_spacing_default\" style=\"height:22px;\"><\/div> <div class=\"cws_spacing cws_spacing_size_sm_desctop\" style=\"height:10px;\"><\/div> <div class=\"cws_spacing cws_spacing_tablet\" style=\"height:0px;\"><\/div> <div class=\"cws_spacing cws_spacing_mobile\" style=\"height:0px;\"><\/div><\/div>[vc_column_text]\n<ul>\n<li>unapre\u0111enje ekolo\u0161ke i socijalne sredine, zatvaranjem stare deponije, koja predstavlja zna\u010dajan rizik po \u017eivotnu sredinu u regionu;<\/li>\n<li>smanjenje emisije gasova koji doprinose efektu staklene ba\u0161te \u2013 kori\u0161\u0107enje elektri\u010dne i toplotne energije iz tretmana komunalnog otpada i deponijskog gasa umesto fosilnih goriva, uz smanjenje koli\u010dine otpada koja se odla\u017ee na deponiju;<\/li>\n<li>spre\u010davanje negativnih uticaja na \u017eivotnu sredinu, kao \u0161to je \u00a0naru\u0161avanje okolnog predela zbog odlaganja otpada na deponiju, i lokalno zaga\u0111enje vode i vazduha. Realizacijom projekta, Beograd ali i Srbija, bi\u0107e lideri u primeni najboljih praksi u oblasti \u017eivotne sredine i socijalne za\u0161tite u regionu;<\/li>\n<li>prenos <em>know-how<\/em> lokalno zaposlenima, unapre\u0111enje potencijala kapaciteta zaposlenih u gradskoj upravi za potrebe upravljanja kompleksnim ugovorom, ja\u010danje lokalnih podizvo\u0111a\u010da i podizanje svesti stanovni\u0161tva Beograda.<\/li>\n<\/ul>\n[\/vc_column_text][\/vc_column][\/vc_row][vc_row][vc_column]<div class=\"cws_spacing cws_spacing_size_sm_desctop-on cws_spacing_tablet-on cws_spacing_mobile-on\"><div class=\"cws_spacing cws_spacing_default\" style=\"height:42px;\"><\/div> <div class=\"cws_spacing cws_spacing_size_sm_desctop\" style=\"height:20px;\"><\/div> <div class=\"cws_spacing cws_spacing_tablet\" style=\"height:10px;\"><\/div> <div class=\"cws_spacing cws_spacing_mobile\" style=\"height:10px;\"><\/div><\/div>[\/vc_column][\/vc_row]\n<\/div>","protected":false},"excerpt":{"rendered":"<p>[vc_row el_class=&#8221;tekst&#8221;][vc_column][vc_column_text]Projekat predstavlja dugoo\u010dekivano re\u0161enje za jedan od najve\u0107ih izazova sa kojima se Beograd suo\u010dio u oblasti upravljanja otpadom.[\/vc_column_text][vc_column_text] zna\u010dajno smanjenje zaga\u0111enja sa stare deponije u Vin\u010di; izgradnja i upravljanje novom sanitarnom deponijom u skladu sa srpskim i evropskim standardima; smanjenje koli\u010dine otpada koji se odla\u017ee na deponiju i doprinos transformaciji ka cirkularnoj ekonomiji; efikasno kori\u0161\u0107enje resursa; proizvodnja toplotne i elektri\u010dne energije primenom termalnog tretmana otpada i deponijskog gasa; usagla\u0161avanje sa direktivama EU o upravljanju otpadom kojima se zahteva smanjenje koli\u010dine biorazgradivog otpada koja se odla\u017ee na deponije; Nacionalni cilj Republike Srbije \u2013 smanjenje koli\u010dine biorazgradivog otpada koji se odla\u017ee na deponijama za 65% do 2030. godine (u odnosu na koli\u010dine iz 2008).[\/vc_column_text][vc_column_text] unapre\u0111enje ekolo\u0161ke i socijalne sredine, zatvaranjem stare deponije, koja predstavlja zna\u010dajan rizik po \u017eivotnu sredinu u regionu; smanjenje emisije gasova koji doprinose efektu staklene ba\u0161te \u2013 kori\u0161\u0107enje elektri\u010dne i toplotne energije iz tretmana komunalnog otpada i deponijskog gasa umesto fosilnih goriva, uz smanjenje koli\u010dine otpada koja se odla\u017ee na deponiju; spre\u010davanje negativnih uticaja na \u017eivotnu sredinu, kao \u0161to je \u00a0naru\u0161avanje okolnog predela zbog odlaganja otpada na deponiju, i lokalno zaga\u0111enje vode i vazduha. Realizacijom projekta, Beograd ali i Srbija, bi\u0107e lideri u primeni najboljih praksi u oblasti \u017eivotne sredine i socijalne za\u0161tite u regionu; prenos know-how lokalno zaposlenima, unapre\u0111enje potencijala kapaciteta zaposlenih u gradskoj upravi za potrebe upravljanja kompleksnim ugovorom, ja\u010danje lokalnih podizvo\u0111a\u010da i podizanje svesti stanovni\u0161tva Beograda. [\/vc_column_text][\/vc_column][\/vc_row][vc_row][vc_column][\/vc_column][\/vc_row]<\/p>\n","protected":false},"author":1,"featured_media":0,"parent":4499,"menu_order":0,"comment_status":"closed","ping_status":"closed","template":"","meta":{"footnotes":""},"class_list":["post-4256","page","type-page","status-publish","hentry"],"distributor_meta":false,"distributor_terms":false,"distributor_media":false,"distributor_original_site_name":"Beo \u010cista Energija","distributor_original_site_url":"https:\/\/www.bcenergy.rs\/rs","push-errors":false,"_links":{"self":[{"href":"https:\/\/www.bcenergy.rs\/rs\/wp-json\/wp\/v2\/pages\/4256","targetHints":{"allow":["GET"]}}],"collection":[{"href":"https:\/\/www.bcenergy.rs\/rs\/wp-json\/wp\/v2\/pages"}],"about":[{"href":"https:\/\/www.bcenergy.rs\/rs\/wp-json\/wp\/v2\/types\/page"}],"author":[{"embeddable":true,"href":"https:\/\/www.bcenergy.rs\/rs\/wp-json\/wp\/v2\/users\/1"}],"replies":[{"embeddable":true,"href":"https:\/\/www.bcenergy.rs\/rs\/wp-json\/wp\/v2\/comments?post=4256"}],"version-history":[{"count":21,"href":"https:\/\/www.bcenergy.rs\/rs\/wp-json\/wp\/v2\/pages\/4256\/revisions"}],"predecessor-version":[{"id":5755,"href":"https:\/\/www.bcenergy.rs\/rs\/wp-json\/wp\/v2\/pages\/4256\/revisions\/5755"}],"up":[{"embeddable":true,"href":"https:\/\/www.bcenergy.rs\/rs\/wp-json\/wp\/v2\/pages\/4499"}],"wp:attachment":[{"href":"https:\/\/www.bcenergy.rs\/rs\/wp-json\/wp\/v2\/media?parent=4256"}],"curies":[{"name":"wp","href":"https:\/\/api.w.org\/{rel}","templated":true}]}}