

{"id":4262,"date":"2020-10-02T14:23:24","date_gmt":"2020-10-02T14:23:24","guid":{"rendered":"https:\/\/www.bcenergy.rs\/rs\/?page_id=4262"},"modified":"2026-04-21T14:16:32","modified_gmt":"2026-04-21T14:16:32","slug":"dinamika-realizacije-projekta","status":"publish","type":"page","link":"https:\/\/www.bcenergy.rs\/rs\/dinamika-realizacije-projekta\/","title":{"rendered":"Prekretnice projekta"},"content":{"rendered":"<div class=\"wpb-content-wrapper\">[vc_row el_class=&#8221;tekst&#8221;][vc_column]<div class='cws_textmodule cws_vc_shortcode_module' id='cws_textmodule_69eeef02b9b3e'><div class='cws_textmodule_wrapper '><div class='cws_textmodule_text text_align_left'><div class='cws_textmodule_titles display_block'><\/div><div class='cws_textmodule_content'><div class='text_content_wrapper'><p>Poduhvat Beo \u010ciste Energije d.o.o. zapo\u010det je 2015. godine kada je Beograd objavio me\u0111unarodni poziv za podno\u0161enje prijava za priznavanje kvalifikacija za u\u010de\u0161\u0107e u javnoj nabavci za projekat JPP u oblasti upravljanja otpadom i iskori\u0161\u0107enja resursa u periodu od 25 godina. Nakon sprovo\u0111enja konkurentnog dijaloga i dodele ugovora, \u00a0Beo \u010cista Energija i Grad Beograd potpisali su Ugovor o JPP 29. septembra 2017. godine. Prema ovom Ugovoru, Beo \u010cista Energija \u0107e izgraditi odgovaraju\u0107e objekte i njima upravljati narednih 25 godina.<\/p>\n<\/div><\/div><\/div><\/div><\/div>[\/vc_column][\/vc_row][vc_row full_width=&#8221;stretch_row&#8221; equal_height=&#8221;yes&#8221; css=&#8221;.vc_custom_1605177610522{padding-top: 100px !important;padding-bottom: 130px !important;}&#8221;][vc_column width=&#8221;1\/2&#8243; cws_mobile_paddings=&#8221;40px 0px 0px 20px&#8221; css=&#8221;.vc_custom_1605177720218{padding-right: 50px !important;}&#8221;]<div class='cws_textmodule cws_vc_shortcode_module' id='cws_textmodule_69eeef02b9c33'><div class='cws_textmodule_wrapper add_divider'><div class='cws_textmodule_text text_align_left'><div class='cws_textmodule_titles display_block'><h3 class='cws_textmodule_title'><strong>Klju\u010dni datumi<\/strong><\/h3><\/div><\/div><\/div><\/div>[vc_row_inner][vc_column_inner]<div id='cws_service_item_69eeef02b9d56' class='cws_service_item cws_vc_shortcode_module title_beside a-left  vc_custom_1776780979495'><div class='cws_service_item_wrapper clearfix'><span class='cws_searvice_icon_wrapper cws_searvice_side'><i class='cws_service_icon cws_vc_shortcode_icon_3\u0445 vc-oi vc-oi-calendar-inv'><\/i><\/span><div class='cws_service_info'><h6 class='cws_service_title'>maj 2015.<\/h6><div class='cws_service_desc clearfix'><p>objava poziva za podno\u0161enje kona\u010dnih ponuda<\/p>\n<\/div><\/div><\/div><\/div><div id='cws_service_item_69eeef02b9e6f' class='cws_service_item cws_vc_shortcode_module title_beside a-left  vc_custom_1639652171252'><div class='cws_service_item_wrapper clearfix'><span class='cws_searvice_icon_wrapper cws_searvice_side'><i class='cws_service_icon cws_vc_shortcode_icon_3\u0445 vc-oi vc-oi-calendar-inv'><\/i><\/span><div class='cws_service_info'><h6 class='cws_service_title'>jul 2017.<\/h6><div class='cws_service_desc clearfix'><p>podno\u0161enje kona\u010dne ponude<\/p>\n<\/div><\/div><\/div><\/div><div id='cws_service_item_69eeef02b9f6a' class='cws_service_item cws_vc_shortcode_module title_beside a-left  vc_custom_1640710315379'><div class='cws_service_item_wrapper clearfix'><span class='cws_searvice_icon_wrapper cws_searvice_side'><i class='cws_service_icon cws_vc_shortcode_icon_3\u0445 vc-oi vc-oi-calendar-inv'><\/i><\/span><div class='cws_service_info'><h6 class='cws_service_title'>septembar 2017.<\/h6><div class='cws_service_desc clearfix'><p>potpisivanje Ugovora o JPP<\/p>\n<\/div><\/div><\/div><\/div><div id='cws_service_item_69eeef02ba06d' class='cws_service_item cws_vc_shortcode_module title_beside a-left  vc_custom_1639652227813'><div class='cws_service_item_wrapper clearfix'><span class='cws_searvice_icon_wrapper cws_searvice_side'><i class='cws_service_icon cws_vc_shortcode_icon_3\u0445 vc-oi vc-oi-calendar-inv'><\/i><\/span><div class='cws_service_info'><h6 class='cws_service_title'>oktobar 2019.<\/h6><div class='cws_service_desc clearfix'><p>po\u010detak izvo\u0111enja radova<\/p>\n<\/div><\/div><\/div><\/div><div id='cws_service_item_69eeef02ba175' class='cws_service_item cws_vc_shortcode_module title_beside a-left  vc_custom_1644323714027'><div class='cws_service_item_wrapper clearfix'><span class='cws_searvice_icon_wrapper cws_searvice_side'><i class='cws_service_icon cws_vc_shortcode_icon_3\u0445 vc-oi vc-oi-calendar-inv'><\/i><\/span><div class='cws_service_info'><h6 class='cws_service_title'>avgust 2021.<\/h6><div class='cws_service_desc clearfix'><p>po\u010detak rada nove sanitarne deponije<br \/>\npo\u010detak rada postrojenja za recikla\u017eu otpada od gra\u0111enja i ru\u0161enja<br \/>\nprestanak odlaganja otpada na staru deponiju<\/p>\n<\/div><\/div><\/div><\/div><div id='cws_service_item_69eeef02ba260' class='cws_service_item cws_vc_shortcode_module title_beside a-left  vc_custom_1732633613887'><div class='cws_service_item_wrapper clearfix'><span class='cws_searvice_icon_wrapper cws_searvice_side'><i class='cws_service_icon cws_vc_shortcode_icon_3\u0445 vc-oi vc-oi-calendar-inv'><\/i><\/span><div class='cws_service_info'><h6 class='cws_service_title'>jul 2024.<\/h6><div class='cws_service_desc clearfix'><p>Zapo\u010deto pru\u017eanje punog obima usluga u skladu sa Ugovorom o javno-privatnom partnerstvu sa Gradom Beogradom u oblasti upravljanja otpadom<\/p>\n<\/div><\/div><\/div><\/div>[\/vc_column_inner][\/vc_row_inner][\/vc_column][vc_column width=&#8221;1\/2&#8243; bg_cws_repeat=&#8221;no-repeat&#8221; bg_cws_size=&#8221;cover&#8221; bg_image_position=&#8221;center_center&#8221; bg_cws_color=&#8221;color&#8221; cws_overlay_color=&#8221;rgba(51,83,134,0.5)&#8221; place_ahead=&#8221;1&#8243; cws_mobile_paddings=&#8221;200px 0px 0px 0px&#8221; css=&#8221;.vc_custom_1601649727700{background-image: url(https:\/\/www.bcenergy.rs\/rs\/wp-content\/uploads\/2020\/10\/timeline.jpg?id=4268) !important;}&#8221;][\/vc_column][\/vc_row][vc_row][vc_column][vc_raw_html css=&#8221;&#8221;]JTNDc3R5bGUlM0UlMEElMkYlMkEud3BiLWNvbnRlbnQtd3JhcHBlciUyMCU3QmRpc3BsYXklM0Fub25lJTNCJTdEJTJBJTJGJTBBJTNDJTJGc3R5bGUlM0U=[\/vc_raw_html][\/vc_column][\/vc_row]\n<\/div>","protected":false},"excerpt":{"rendered":"<p>[vc_row el_class=&#8221;tekst&#8221;][vc_column][\/vc_column][\/vc_row][vc_row full_width=&#8221;stretch_row&#8221; equal_height=&#8221;yes&#8221; css=&#8221;.vc_custom_1605177610522{padding-top: 100px !important;padding-bottom: 130px !important;}&#8221;][vc_column width=&#8221;1\/2&#8243; cws_mobile_paddings=&#8221;40px 0px 0px 20px&#8221; css=&#8221;.vc_custom_1605177720218{padding-right: 50px !important;}&#8221;][vc_row_inner][vc_column_inner][\/vc_column_inner][\/vc_row_inner][\/vc_column][vc_column width=&#8221;1\/2&#8243; bg_cws_repeat=&#8221;no-repeat&#8221; bg_cws_size=&#8221;cover&#8221; bg_image_position=&#8221;center_center&#8221; bg_cws_color=&#8221;color&#8221; cws_overlay_color=&#8221;rgba(51,83,134,0.5)&#8221; place_ahead=&#8221;1&#8243; cws_mobile_paddings=&#8221;200px 0px 0px 0px&#8221; css=&#8221;.vc_custom_1601649727700{background-image: url(https:\/\/www.bcenergy.rs\/rs\/wp-content\/uploads\/2020\/10\/timeline.jpg?id=4268) !important;}&#8221;][\/vc_column][\/vc_row][vc_row][vc_column][vc_raw_html css=&#8221;&#8221;]JTNDc3R5bGUlM0UlMEElMkYlMkEud3BiLWNvbnRlbnQtd3JhcHBlciUyMCU3QmRpc3BsYXklM0Fub25lJTNCJTdEJTJBJTJGJTBBJTNDJTJGc3R5bGUlM0U=[\/vc_raw_html][\/vc_column][\/vc_row]<\/p>\n","protected":false},"author":1,"featured_media":0,"parent":0,"menu_order":0,"comment_status":"closed","ping_status":"closed","template":"","meta":{"footnotes":""},"class_list":["post-4262","page","type-page","status-publish","hentry"],"distributor_meta":false,"distributor_terms":false,"distributor_media":false,"distributor_original_site_name":"Beo \u010cista Energija","distributor_original_site_url":"https:\/\/www.bcenergy.rs\/rs","push-errors":false,"_links":{"self":[{"href":"https:\/\/www.bcenergy.rs\/rs\/wp-json\/wp\/v2\/pages\/4262","targetHints":{"allow":["GET"]}}],"collection":[{"href":"https:\/\/www.bcenergy.rs\/rs\/wp-json\/wp\/v2\/pages"}],"about":[{"href":"https:\/\/www.bcenergy.rs\/rs\/wp-json\/wp\/v2\/types\/page"}],"author":[{"embeddable":true,"href":"https:\/\/www.bcenergy.rs\/rs\/wp-json\/wp\/v2\/users\/1"}],"replies":[{"embeddable":true,"href":"https:\/\/www.bcenergy.rs\/rs\/wp-json\/wp\/v2\/comments?post=4262"}],"version-history":[{"count":35,"href":"https:\/\/www.bcenergy.rs\/rs\/wp-json\/wp\/v2\/pages\/4262\/revisions"}],"predecessor-version":[{"id":7489,"href":"https:\/\/www.bcenergy.rs\/rs\/wp-json\/wp\/v2\/pages\/4262\/revisions\/7489"}],"wp:attachment":[{"href":"https:\/\/www.bcenergy.rs\/rs\/wp-json\/wp\/v2\/media?parent=4262"}],"curies":[{"name":"wp","href":"https:\/\/api.w.org\/{rel}","templated":true}]}}