

{"id":4270,"date":"2020-10-02T15:16:08","date_gmt":"2020-10-02T15:16:08","guid":{"rendered":"https:\/\/www.bcenergy.rs\/rs\/?page_id=4270"},"modified":"2025-05-07T15:08:37","modified_gmt":"2025-05-07T15:08:37","slug":"jedinstveno-resenje","status":"publish","type":"page","link":"https:\/\/www.bcenergy.rs\/rs\/jedinstveno-resenje\/","title":{"rendered":"Jedinstveno re\u0161enje"},"content":{"rendered":"<div class=\"wpb-content-wrapper\">[vc_row el_class=&#8221;tekst&#8221;][vc_column]<div class=\"cws_spacing cws_spacing_size_sm_desctop-on cws_spacing_tablet-on cws_spacing_mobile-on\"><div class=\"cws_spacing cws_spacing_default\" style=\"height:22px;\"><\/div> <div class=\"cws_spacing cws_spacing_size_sm_desctop\" style=\"height:10px;\"><\/div> <div class=\"cws_spacing cws_spacing_tablet\" style=\"height:0px;\"><\/div> <div class=\"cws_spacing cws_spacing_mobile\" style=\"height:0px;\"><\/div><\/div>[vc_column_text]<strong>Projekat JPP u oblasti upravljanja otpadom u Beogradu<\/strong> doprinosi\u00a0 o\u010duvanju \u017eivotne sredine i obezbe\u0111uje energiju iz otpada u skladu sa standardima EU i najboljim dostupnim tehnikama.<\/p>\n<p>Gradska deponija u beogradskom naselju Vin\u010da otvorena je 1977. godine i prostire se na 42 hektara povr\u0161ine. Ova deponija je bila jedna od 50 najve\u0107ih nesanitarnih deponija u svetu i druga najve\u0107a u Evropi. Njeno zatvaranje zna\u010dajno \u0107e doprineti o\u010duvanju i pobolj\u0161anju \u010dinilaca \u017eivotne sredine: vazduha, zemlji\u0161ta i vode.[\/vc_column_text]<div class='cws_textmodule cws_vc_shortcode_module' id='cws_textmodule_69eeef59d959e'><div class='cws_textmodule_wrapper add_divider'><div class='cws_textmodule_text text_align_left'><div class='cws_textmodule_titles display_block'><h3 class='cws_textmodule_title'>Deponija u Vin\u010di<\/h3><\/div><\/div><\/div><\/div>[vc_images_carousel images=&#8221;5237,5238&#8243; img_size=&#8221;full&#8221; autoplay=&#8221;yes&#8221; hide_pagination_control=&#8221;yes&#8221; wrap=&#8221;yes&#8221;]<div class=\"cws_spacing cws_spacing_size_sm_desctop-on cws_spacing_tablet-on cws_spacing_mobile-on\"><div class=\"cws_spacing cws_spacing_default\" style=\"height:22px;\"><\/div> <div class=\"cws_spacing cws_spacing_size_sm_desctop\" style=\"height:10px;\"><\/div> <div class=\"cws_spacing cws_spacing_tablet\" style=\"height:0px;\"><\/div> <div class=\"cws_spacing cws_spacing_mobile\" style=\"height:0px;\"><\/div><\/div>[vc_column_text]<strong>Projektom JPP u oblasti upravljanja otpadom u Beogradu koji realizuje Beo \u010cista Energija d.o.o.<\/strong> kroz partnerstvo sa Gradom Beogradom, re\u0161ava se jedan od najve\u0107ih ekolo\u0161kih problema u Evropi sa ciljem zaustavljanja negativnog uticaja stare nesanitarne deponije. Predvi\u0111eno re\u0161enje obuhvata njenu sanaciju, zatvaranje i pretvaranje u zelenu povr\u0161inu. Nesanitarna deponija u Vin\u010di, koja na pojedinim mestima dosti\u017ee i do 80 metara visine, nalazi se na obali reke Dunav i godi\u0161nje se na nju dopremalo oko 700.000 tona komunalnog i gra\u0111evinskog otpada iz prestonice Srbije. Deponija je negativno uticala ne samo na zemlji\u0161te, kvalitet vazduha i vode u okru\u017eenju, ve\u0107 i na zdravlje sakuplja\u010da sekundarnih sirovina koji su na njoj radili i \u017eiveli. Stara deponija koja se prostire na 42 hektara bi\u0107e u potpunosti sanirana i zamenjena modernim postrojenjima: postrojenjem za energetsko iskori\u0161\u0107enje komunalnog otpada, sanitarnom deponijom sa pre\u010di\u0161\u0107avanjem procednih voda i prikupljanjem deponijskog gasa, i postrojenjem za recikla\u017eu otpada od gra\u0111enja i ru\u0161enja, pridr\u017eavaju\u0107i se u potpunosti najstro\u017eih propisa EU.[\/vc_column_text]<div class=\"cws_spacing cws_spacing_size_sm_desctop-on cws_spacing_tablet-on cws_spacing_mobile-on\"><div class=\"cws_spacing cws_spacing_default\" style=\"height:22px;\"><\/div> <div class=\"cws_spacing cws_spacing_size_sm_desctop\" style=\"height:10px;\"><\/div> <div class=\"cws_spacing cws_spacing_tablet\" style=\"height:0px;\"><\/div> <div class=\"cws_spacing cws_spacing_mobile\" style=\"height:0px;\"><\/div><\/div>[vc_video link=&#8221;https:\/\/youtu.be\/8YmUks_rRNE&#8221; css=&#8221;&#8221;]<div class=\"cws_spacing cws_spacing_size_sm_desctop-on cws_spacing_tablet-on cws_spacing_mobile-on\"><div class=\"cws_spacing cws_spacing_default\" style=\"height:22px;\"><\/div> <div class=\"cws_spacing cws_spacing_size_sm_desctop\" style=\"height:10px;\"><\/div> <div class=\"cws_spacing cws_spacing_tablet\" style=\"height:0px;\"><\/div> <div class=\"cws_spacing cws_spacing_mobile\" style=\"height:0px;\"><\/div><\/div><div class='cws_textmodule cws_vc_shortcode_module' id='cws_textmodule_69eeef59d9694'><div class='cws_textmodule_wrapper add_divider'><div class='cws_textmodule_text text_align_left'><div class='cws_textmodule_titles display_block'><h3 class='cws_textmodule_title'>Projekat JPP u upravljanju otpadom u Beogradu doprinosi ostvarenju najmanje 7 ciljeva odr\u017eivog razvoja Ujedinjenih nacija:<\/h3><\/div><\/div><\/div><\/div>[vc_row_inner][vc_column_inner width=&#8221;1\/12&#8243;][vc_single_image image=&#8221;5717&#8243; img_size=&#8221;large&#8221;][\/vc_column_inner][vc_column_inner width=&#8221;11\/12&#8243;][vc_column_text]\n<h5>pre\u010di\u0161\u0107avanje procednih voda dove\u0161\u0107e do postepenog oporavka okolnih vodotokova koji su godinama bili zna\u010dajno ugro\u017eeni<\/h5>\n[\/vc_column_text][\/vc_column_inner][\/vc_row_inner][vc_row_inner][vc_column_inner width=&#8221;1\/12&#8243;][vc_single_image image=&#8221;5716&#8243; img_size=&#8221;large&#8221;][\/vc_column_inner][vc_column_inner width=&#8221;11\/12&#8243;][vc_column_text]\n<h5>odr\u017eiv izvor elektri\u010dne energije, 216 GWh godi\u0161nje<\/h5>\n[\/vc_column_text][\/vc_column_inner][\/vc_row_inner][vc_row_inner][vc_column_inner width=&#8221;1\/12&#8243;][vc_single_image image=&#8221;5715&#8243; img_size=&#8221;large&#8221;][\/vc_column_inner][vc_column_inner width=&#8221;11\/12&#8243;][vc_column_text]\n<h5>bezbedni uslovi za rad na lokaciji<\/h5>\n[\/vc_column_text][\/vc_column_inner][\/vc_row_inner][vc_row_inner][vc_column_inner width=&#8221;1\/12&#8243;][vc_single_image image=&#8221;5714&#8243; img_size=&#8221;large&#8221;][\/vc_column_inner][vc_column_inner width=&#8221;11\/12&#8243;][vc_column_text]\n<h5>odr\u017eivo upravljanje otpadom za vi\u0161e od 1,6 miliona stanovnika<\/h5>\n[\/vc_column_text][\/vc_column_inner][\/vc_row_inner][vc_row_inner][vc_column_inner width=&#8221;1\/12&#8243;][vc_single_image image=&#8221;6549&#8243; img_size=&#8221;large&#8221;][\/vc_column_inner][vc_column_inner width=&#8221;11\/12&#8243;][vc_column_text]\n<h5>odgovorna potro\u0161nja i proizvodnja<\/h5>\n[\/vc_column_text][\/vc_column_inner][\/vc_row_inner][vc_row_inner][vc_column_inner width=&#8221;1\/12&#8243;][vc_single_image image=&#8221;5713&#8243; img_size=&#8221;large&#8221;][\/vc_column_inner][vc_column_inner width=&#8221;11\/12&#8243;][vc_column_text]\n<h5>pozitivan uticaj na klimatske promene: smanjenje emisije 250.000 tona ekvivalentnog CO<sub>2<\/sub> na godi\u0161njem nivou \u0161to je jednako sadnji 2,2 miliona stabala drve\u0107a<\/h5>\n[\/vc_column_text][\/vc_column_inner][\/vc_row_inner][vc_row_inner][vc_column_inner width=&#8221;1\/12&#8243;][vc_single_image image=&#8221;5712&#8243; img_size=&#8221;large&#8221;][\/vc_column_inner][vc_column_inner width=&#8221;11\/12&#8243;][vc_column_text]\n<h5>zeleni pojas du\u017eine 6 km pobolj\u0161a\u0107e biolo\u0161ku raznovrsnost<\/h5>\n[\/vc_column_text][\/vc_column_inner][\/vc_row_inner][vc_row_inner][vc_column_inner width=&#8221;1\/12&#8243;][vc_single_image image=&#8221;5711&#8243; img_size=&#8221;large&#8221;][\/vc_column_inner][vc_column_inner width=&#8221;11\/12&#8243;][vc_column_text]\n<h5>prvo javno privatno partnerstvo u ovoj oblasti u Srbiji<\/h5>\n[\/vc_column_text][\/vc_column_inner][\/vc_row_inner]<div class=\"cws_spacing cws_spacing_size_sm_desctop-on cws_spacing_tablet-on cws_spacing_mobile-on\"><div class=\"cws_spacing cws_spacing_default\" style=\"height:22px;\"><\/div> <div class=\"cws_spacing cws_spacing_size_sm_desctop\" style=\"height:10px;\"><\/div> <div class=\"cws_spacing cws_spacing_tablet\" style=\"height:0px;\"><\/div> <div class=\"cws_spacing cws_spacing_mobile\" style=\"height:0px;\"><\/div><\/div>[\/vc_column][\/vc_row]\n<\/div>","protected":false},"excerpt":{"rendered":"<p>[vc_row el_class=&#8221;tekst&#8221;][vc_column][vc_column_text]Projekat JPP u oblasti upravljanja otpadom u Beogradu doprinosi\u00a0 o\u010duvanju \u017eivotne sredine i obezbe\u0111uje energiju iz otpada u skladu sa standardima EU i najboljim dostupnim tehnikama. Gradska deponija u beogradskom naselju Vin\u010da otvorena je 1977. godine i prostire se na 42 hektara povr\u0161ine. Ova deponija je bila jedna od 50 najve\u0107ih nesanitarnih deponija u svetu i druga najve\u0107a u Evropi. Njeno zatvaranje zna\u010dajno \u0107e doprineti o\u010duvanju i pobolj\u0161anju \u010dinilaca \u017eivotne sredine: vazduha, zemlji\u0161ta i vode.[\/vc_column_text][vc_images_carousel images=&#8221;5237,5238&#8243; img_size=&#8221;full&#8221; autoplay=&#8221;yes&#8221; hide_pagination_control=&#8221;yes&#8221; wrap=&#8221;yes&#8221;][vc_column_text]Projektom JPP u oblasti upravljanja otpadom u Beogradu koji realizuje Beo \u010cista Energija d.o.o. kroz partnerstvo sa Gradom Beogradom, re\u0161ava se jedan od najve\u0107ih ekolo\u0161kih problema u Evropi sa ciljem zaustavljanja negativnog uticaja stare nesanitarne deponije. Predvi\u0111eno re\u0161enje obuhvata njenu sanaciju, zatvaranje i pretvaranje u zelenu povr\u0161inu. Nesanitarna deponija u Vin\u010di, koja na pojedinim mestima dosti\u017ee i do 80 metara visine, nalazi se na obali reke Dunav i godi\u0161nje se na nju dopremalo oko 700.000 tona komunalnog i gra\u0111evinskog otpada iz prestonice Srbije. Deponija je negativno uticala ne samo na zemlji\u0161te, kvalitet vazduha i vode u okru\u017eenju, ve\u0107 i na zdravlje sakuplja\u010da sekundarnih sirovina koji su na njoj radili i \u017eiveli. Stara deponija koja se prostire na 42 hektara bi\u0107e u potpunosti sanirana i zamenjena modernim postrojenjima: postrojenjem za energetsko iskori\u0161\u0107enje komunalnog otpada, sanitarnom deponijom sa pre\u010di\u0161\u0107avanjem procednih voda i prikupljanjem deponijskog gasa, i postrojenjem za recikla\u017eu otpada od gra\u0111enja i ru\u0161enja, pridr\u017eavaju\u0107i se u potpunosti najstro\u017eih propisa EU.[\/vc_column_text][vc_video link=&#8221;https:\/\/youtu.be\/8YmUks_rRNE&#8221; css=&#8221;&#8221;][vc_row_inner][vc_column_inner width=&#8221;1\/12&#8243;][vc_single_image image=&#8221;5717&#8243; img_size=&#8221;large&#8221;][\/vc_column_inner][vc_column_inner width=&#8221;11\/12&#8243;][vc_column_text] pre\u010di\u0161\u0107avanje procednih voda dove\u0161\u0107e do postepenog oporavka okolnih vodotokova koji su godinama bili zna\u010dajno ugro\u017eeni [\/vc_column_text][\/vc_column_inner][\/vc_row_inner][vc_row_inner][vc_column_inner width=&#8221;1\/12&#8243;][vc_single_image image=&#8221;5716&#8243; img_size=&#8221;large&#8221;][\/vc_column_inner][vc_column_inner width=&#8221;11\/12&#8243;][vc_column_text] odr\u017eiv izvor elektri\u010dne energije, 216 GWh godi\u0161nje [\/vc_column_text][\/vc_column_inner][\/vc_row_inner][vc_row_inner][vc_column_inner width=&#8221;1\/12&#8243;][vc_single_image image=&#8221;5715&#8243; img_size=&#8221;large&#8221;][\/vc_column_inner][vc_column_inner width=&#8221;11\/12&#8243;][vc_column_text] bezbedni uslovi za rad na lokaciji [\/vc_column_text][\/vc_column_inner][\/vc_row_inner][vc_row_inner][vc_column_inner width=&#8221;1\/12&#8243;][vc_single_image image=&#8221;5714&#8243; img_size=&#8221;large&#8221;][\/vc_column_inner][vc_column_inner width=&#8221;11\/12&#8243;][vc_column_text] odr\u017eivo upravljanje otpadom za vi\u0161e od 1,6 miliona stanovnika [\/vc_column_text][\/vc_column_inner][\/vc_row_inner][vc_row_inner][vc_column_inner width=&#8221;1\/12&#8243;][vc_single_image image=&#8221;6549&#8243; img_size=&#8221;large&#8221;][\/vc_column_inner][vc_column_inner width=&#8221;11\/12&#8243;][vc_column_text] odgovorna potro\u0161nja i proizvodnja [\/vc_column_text][\/vc_column_inner][\/vc_row_inner][vc_row_inner][vc_column_inner width=&#8221;1\/12&#8243;][vc_single_image image=&#8221;5713&#8243; img_size=&#8221;large&#8221;][\/vc_column_inner][vc_column_inner width=&#8221;11\/12&#8243;][vc_column_text] pozitivan uticaj na klimatske promene: smanjenje emisije 250.000 tona ekvivalentnog CO2 na godi\u0161njem nivou \u0161to je jednako sadnji 2,2 miliona stabala drve\u0107a [\/vc_column_text][\/vc_column_inner][\/vc_row_inner][vc_row_inner][vc_column_inner width=&#8221;1\/12&#8243;][vc_single_image image=&#8221;5712&#8243; img_size=&#8221;large&#8221;][\/vc_column_inner][vc_column_inner width=&#8221;11\/12&#8243;][vc_column_text] zeleni pojas du\u017eine 6 km pobolj\u0161a\u0107e biolo\u0161ku raznovrsnost [\/vc_column_text][\/vc_column_inner][\/vc_row_inner][vc_row_inner][vc_column_inner width=&#8221;1\/12&#8243;][vc_single_image image=&#8221;5711&#8243; img_size=&#8221;large&#8221;][\/vc_column_inner][vc_column_inner width=&#8221;11\/12&#8243;][vc_column_text] prvo javno privatno partnerstvo u ovoj oblasti u Srbiji [\/vc_column_text][\/vc_column_inner][\/vc_row_inner][\/vc_column][\/vc_row]<\/p>\n","protected":false},"author":1,"featured_media":0,"parent":0,"menu_order":0,"comment_status":"closed","ping_status":"closed","template":"","meta":{"footnotes":""},"class_list":["post-4270","page","type-page","status-publish","hentry"],"distributor_meta":false,"distributor_terms":false,"distributor_media":false,"distributor_original_site_name":"Beo \u010cista Energija","distributor_original_site_url":"https:\/\/www.bcenergy.rs\/rs","push-errors":false,"_links":{"self":[{"href":"https:\/\/www.bcenergy.rs\/rs\/wp-json\/wp\/v2\/pages\/4270","targetHints":{"allow":["GET"]}}],"collection":[{"href":"https:\/\/www.bcenergy.rs\/rs\/wp-json\/wp\/v2\/pages"}],"about":[{"href":"https:\/\/www.bcenergy.rs\/rs\/wp-json\/wp\/v2\/types\/page"}],"author":[{"embeddable":true,"href":"https:\/\/www.bcenergy.rs\/rs\/wp-json\/wp\/v2\/users\/1"}],"replies":[{"embeddable":true,"href":"https:\/\/www.bcenergy.rs\/rs\/wp-json\/wp\/v2\/comments?post=4270"}],"version-history":[{"count":48,"href":"https:\/\/www.bcenergy.rs\/rs\/wp-json\/wp\/v2\/pages\/4270\/revisions"}],"predecessor-version":[{"id":7215,"href":"https:\/\/www.bcenergy.rs\/rs\/wp-json\/wp\/v2\/pages\/4270\/revisions\/7215"}],"wp:attachment":[{"href":"https:\/\/www.bcenergy.rs\/rs\/wp-json\/wp\/v2\/media?parent=4270"}],"curies":[{"name":"wp","href":"https:\/\/api.w.org\/{rel}","templated":true}]}}