

{"id":4306,"date":"2020-10-05T16:47:05","date_gmt":"2020-10-05T16:47:05","guid":{"rendered":"https:\/\/www.bcenergy.rs\/rs\/?page_id=4306"},"modified":"2022-07-19T13:21:25","modified_gmt":"2022-07-19T13:21:25","slug":"osnivaci-beo-ciste-energije","status":"publish","type":"page","link":"https:\/\/www.bcenergy.rs\/rs\/o-nama\/osnivaci-beo-ciste-energije\/","title":{"rendered":"\u010clanovi dru\u0161tva Beo \u010ciste Energije"},"content":{"rendered":"<div class=\"wpb-content-wrapper\">[vc_row el_class=&#8221;tekst&#8221;][vc_column]<div class='cws_textmodule cws_vc_shortcode_module' id='cws_textmodule_69de2b61e2116'><div class='cws_textmodule_wrapper add_divider'><div class='cws_textmodule_text text_align_left'><div class='cws_textmodule_titles display_block'><h6 class='cws_textmodule_title'>\u010clanovi dru\u0161tva Beo \u010ciste Energije<\/h6><\/div><\/div><\/div><\/div>[vc_column_text]\u010clanovi dru\u0161tva Beo \u010ciste Energije d.o.o. su tri globalno priznate kompanije u oblasti voda i \u017eivotne sredine.[\/vc_column_text]<div class=\"cws_spacing cws_spacing_size_sm_desctop-on cws_spacing_tablet-on cws_spacing_mobile-on\"><div class=\"cws_spacing cws_spacing_default\" style=\"height:42px;\"><\/div> <div class=\"cws_spacing cws_spacing_size_sm_desctop\" style=\"height:20px;\"><\/div> <div class=\"cws_spacing cws_spacing_tablet\" style=\"height:10px;\"><\/div> <div class=\"cws_spacing cws_spacing_mobile\" style=\"height:10px;\"><\/div><\/div>[vc_row_inner][vc_column_inner width=&#8221;1\/3&#8243;][vc_single_image image=&#8221;6126&#8243; img_size=&#8221;large&#8221; onclick=&#8221;custom_link&#8221; link=&#8221;\/rs\/?page_id=4484&#8243;]<div class='sc_button_wrapper align-left mobile-align-center'><div id='cws_vc_shortcode_button_69de2b61e21c7' class='cws_custom_button_wrapper cws_sc_button small advanced'><span><a href='\/rs\/?page_id=4484' class='cws_custom_button'><span>PRO\u010cITAJTE VI\u0160E<\/span><\/a><\/span><\/div><\/div>[\/vc_column_inner][vc_column_inner width=&#8221;1\/3&#8243;][vc_single_image image=&#8221;4316&#8243; img_size=&#8221;large&#8221; onclick=&#8221;custom_link&#8221; link=&#8221;\/rs\/?page_id=4488&#8243;]<div class='sc_button_wrapper align-left mobile-align-center'><div id='cws_vc_shortcode_button_69de2b61e222f' class='cws_custom_button_wrapper cws_sc_button small advanced'><span><a href='\/rs\/?page_id=4488' class='cws_custom_button'><span>PRO\u010cITAJTE VI\u0160E<\/span><\/a><\/span><\/div><\/div>[\/vc_column_inner][vc_column_inner width=&#8221;1\/3&#8243;][vc_single_image image=&#8221;4327&#8243; img_size=&#8221;large&#8221; onclick=&#8221;custom_link&#8221; link=&#8221;\/rs\/?page_id=4481&#8243;]<div class='sc_button_wrapper align-left mobile-align-center'><div id='cws_vc_shortcode_button_69de2b61e228d' class='cws_custom_button_wrapper cws_sc_button small advanced'><span><a href='\/rs\/?page_id=4481' class='cws_custom_button'><span>PRO\u010cITAJTE VI\u0160E<\/span><\/a><\/span><\/div><\/div>[\/vc_column_inner][\/vc_row_inner]<div class=\"cws_spacing cws_spacing_size_sm_desctop-on cws_spacing_tablet-on cws_spacing_mobile-on\"><div class=\"cws_spacing cws_spacing_default\" style=\"height:22px;\"><\/div> <div class=\"cws_spacing cws_spacing_size_sm_desctop\" style=\"height:10px;\"><\/div> <div class=\"cws_spacing cws_spacing_tablet\" style=\"height:5px;\"><\/div> <div class=\"cws_spacing cws_spacing_mobile\" style=\"height:0px;\"><\/div><\/div>[\/vc_column][\/vc_row][vc_row][vc_column]<div class=\"cws_spacing cws_spacing_size_sm_desctop-on cws_spacing_tablet-on cws_spacing_mobile-on\"><div class=\"cws_spacing cws_spacing_default\" style=\"height:42px;\"><\/div> <div class=\"cws_spacing cws_spacing_size_sm_desctop\" style=\"height:20px;\"><\/div> <div class=\"cws_spacing cws_spacing_tablet\" style=\"height:10px;\"><\/div> <div class=\"cws_spacing cws_spacing_mobile\" style=\"height:10px;\"><\/div><\/div>[\/vc_column][\/vc_row]\n<\/div>","protected":false},"excerpt":{"rendered":"<p>[vc_row el_class=&#8221;tekst&#8221;][vc_column][vc_column_text]\u010clanovi dru\u0161tva Beo \u010ciste Energije d.o.o. su tri globalno priznate kompanije u oblasti voda i \u017eivotne sredine.[\/vc_column_text][vc_row_inner][vc_column_inner width=&#8221;1\/3&#8243;][vc_single_image image=&#8221;6126&#8243; img_size=&#8221;large&#8221; onclick=&#8221;custom_link&#8221; link=&#8221;\/rs\/?page_id=4484&#8243;][\/vc_column_inner][vc_column_inner width=&#8221;1\/3&#8243;][vc_single_image image=&#8221;4316&#8243; img_size=&#8221;large&#8221; onclick=&#8221;custom_link&#8221; link=&#8221;\/rs\/?page_id=4488&#8243;][\/vc_column_inner][vc_column_inner width=&#8221;1\/3&#8243;][vc_single_image image=&#8221;4327&#8243; img_size=&#8221;large&#8221; onclick=&#8221;custom_link&#8221; link=&#8221;\/rs\/?page_id=4481&#8243;][\/vc_column_inner][\/vc_row_inner][\/vc_column][\/vc_row][vc_row][vc_column][\/vc_column][\/vc_row]<\/p>\n","protected":false},"author":1,"featured_media":0,"parent":4115,"menu_order":0,"comment_status":"closed","ping_status":"closed","template":"","meta":{"footnotes":""},"class_list":["post-4306","page","type-page","status-publish","hentry"],"distributor_meta":false,"distributor_terms":false,"distributor_media":false,"distributor_original_site_name":"Beo \u010cista Energija","distributor_original_site_url":"https:\/\/www.bcenergy.rs\/rs","push-errors":false,"_links":{"self":[{"href":"https:\/\/www.bcenergy.rs\/rs\/wp-json\/wp\/v2\/pages\/4306","targetHints":{"allow":["GET"]}}],"collection":[{"href":"https:\/\/www.bcenergy.rs\/rs\/wp-json\/wp\/v2\/pages"}],"about":[{"href":"https:\/\/www.bcenergy.rs\/rs\/wp-json\/wp\/v2\/types\/page"}],"author":[{"embeddable":true,"href":"https:\/\/www.bcenergy.rs\/rs\/wp-json\/wp\/v2\/users\/1"}],"replies":[{"embeddable":true,"href":"https:\/\/www.bcenergy.rs\/rs\/wp-json\/wp\/v2\/comments?post=4306"}],"version-history":[{"count":44,"href":"https:\/\/www.bcenergy.rs\/rs\/wp-json\/wp\/v2\/pages\/4306\/revisions"}],"predecessor-version":[{"id":6146,"href":"https:\/\/www.bcenergy.rs\/rs\/wp-json\/wp\/v2\/pages\/4306\/revisions\/6146"}],"up":[{"embeddable":true,"href":"https:\/\/www.bcenergy.rs\/rs\/wp-json\/wp\/v2\/pages\/4115"}],"wp:attachment":[{"href":"https:\/\/www.bcenergy.rs\/rs\/wp-json\/wp\/v2\/media?parent=4306"}],"curies":[{"name":"wp","href":"https:\/\/api.w.org\/{rel}","templated":true}]}}