

{"id":4331,"date":"2020-10-05T19:57:10","date_gmt":"2020-10-05T19:57:10","guid":{"rendered":"https:\/\/www.bcenergy.rs\/rs\/?page_id=4331"},"modified":"2022-07-15T12:13:52","modified_gmt":"2022-07-15T12:13:52","slug":"ucesnici-u-projektu-jpp","status":"publish","type":"page","link":"https:\/\/www.bcenergy.rs\/rs\/o-nama\/ucesnici-u-projektu-jpp\/","title":{"rendered":"U\u010desnici u projektu JPP"},"content":{"rendered":"<div class=\"wpb-content-wrapper\">[vc_row el_class=&#8221;tekst&#8221;][vc_column]<div class='cws_textmodule cws_vc_shortcode_module' id='cws_textmodule_69de316d86934'><div class='cws_textmodule_wrapper '><div class='cws_textmodule_text text_align_left'><div class='cws_textmodule_titles display_block'><\/div><div class='cws_textmodule_content'><div class='text_content_wrapper'><p><strong>Projekat JPP u oblasti upravljanja otpadom u Beogradu<\/strong> je prvo veliko infrastrukturno javno-privatno partnerstvo u Republici Srbiji. Projekat se realizuje primenom novog mehanizma finansiranja javnih usluga umesto dosada\u0161njeg na\u010dina finansiranja ovih usluga putem javnih sredstava. Kao prvo JPP ovog tipa u Srbiji, o\u010dekuje se da \u0107e projekat imati pokazni efekat u drugim sektorima.<\/p>\n<\/div><\/div><\/div><\/div><\/div><div class=\"cws_spacing cws_spacing_size_sm_desctop-on cws_spacing_tablet-on cws_spacing_mobile-on\"><div class=\"cws_spacing cws_spacing_default\" style=\"height:22px;\"><\/div> <div class=\"cws_spacing cws_spacing_size_sm_desctop\" style=\"height:10px;\"><\/div> <div class=\"cws_spacing cws_spacing_tablet\" style=\"height:0px;\"><\/div> <div class=\"cws_spacing cws_spacing_mobile\" style=\"height:0px;\"><\/div><\/div><div class='cws_textmodule cws_vc_shortcode_module' id='cws_textmodule_69de316d86a4e'><div class='cws_textmodule_wrapper add_divider'><div class='cws_textmodule_text text_align_left'><div class='cws_textmodule_titles display_block'><h3 class='cws_textmodule_title'>U\u010desnici<\/h3><\/div><\/div><\/div><\/div><div class=\"cws_spacing cws_spacing_size_sm_desctop-on cws_spacing_tablet-on cws_spacing_mobile-on\"><div class=\"cws_spacing cws_spacing_default\" style=\"height:22px;\"><\/div> <div class=\"cws_spacing cws_spacing_size_sm_desctop\" style=\"height:10px;\"><\/div> <div class=\"cws_spacing cws_spacing_tablet\" style=\"height:0px;\"><\/div> <div class=\"cws_spacing cws_spacing_mobile\" style=\"height:0px;\"><\/div><\/div>[vc_column_text]\n<h5><strong>Javni partner:<\/strong><strong><br \/>\n<\/strong>Grad Beograd<\/h5>\n<h5><strong>Privatni partner:<br \/>\n<\/strong>Beo \u010cista Energija d.o.o.<\/h5>\n<h5><strong>Osniva\u010di privatnog partnera:<\/strong><br \/>\nVeolia, I-Environment Investments Ltd. (ITOCHU Corporation), Marguerite<\/h5>\n<h5><strong>Nadre\u0111eni zajmodavci:<\/strong><br \/>\nMe\u0111unarodna finansijska korporacija (IFC), Evropska banka za obnovu i razvoj (EBRD), Razvojna banka Austrije (OeEB)<\/h5>\n<h5><strong>Osiguranje od politi\u010dkog rizika \u2013 osiguranje kapitala privatnog partnera:<\/strong><br \/>\nAgencija za multilateralne investicione garancije (MIGA)<\/h5>\n[\/vc_column_text][\/vc_column][\/vc_row][vc_row][vc_column]<div class=\"cws_spacing cws_spacing_size_sm_desctop-on cws_spacing_tablet-on cws_spacing_mobile-on\"><div class=\"cws_spacing cws_spacing_default\" style=\"height:42px;\"><\/div> <div class=\"cws_spacing cws_spacing_size_sm_desctop\" style=\"height:20px;\"><\/div> <div class=\"cws_spacing cws_spacing_tablet\" style=\"height:10px;\"><\/div> <div class=\"cws_spacing cws_spacing_mobile\" style=\"height:10px;\"><\/div><\/div>[\/vc_column][\/vc_row]\n<\/div>","protected":false},"excerpt":{"rendered":"<p>[vc_row el_class=&#8221;tekst&#8221;][vc_column][vc_column_text] Javni partner: Grad Beograd Privatni partner: Beo \u010cista Energija d.o.o. Osniva\u010di privatnog partnera: Veolia, I-Environment Investments Ltd. (ITOCHU Corporation), Marguerite Nadre\u0111eni zajmodavci: Me\u0111unarodna finansijska korporacija (IFC), Evropska banka za obnovu i razvoj (EBRD), Razvojna banka Austrije (OeEB) Osiguranje od politi\u010dkog rizika \u2013 osiguranje kapitala privatnog partnera: Agencija za multilateralne investicione garancije (MIGA) [\/vc_column_text][\/vc_column][\/vc_row][vc_row][vc_column][\/vc_column][\/vc_row]<\/p>\n","protected":false},"author":1,"featured_media":0,"parent":4115,"menu_order":0,"comment_status":"closed","ping_status":"closed","template":"","meta":{"footnotes":""},"class_list":["post-4331","page","type-page","status-publish","hentry"],"distributor_meta":false,"distributor_terms":false,"distributor_media":false,"distributor_original_site_name":"Beo \u010cista Energija","distributor_original_site_url":"https:\/\/www.bcenergy.rs\/rs","push-errors":false,"_links":{"self":[{"href":"https:\/\/www.bcenergy.rs\/rs\/wp-json\/wp\/v2\/pages\/4331","targetHints":{"allow":["GET"]}}],"collection":[{"href":"https:\/\/www.bcenergy.rs\/rs\/wp-json\/wp\/v2\/pages"}],"about":[{"href":"https:\/\/www.bcenergy.rs\/rs\/wp-json\/wp\/v2\/types\/page"}],"author":[{"embeddable":true,"href":"https:\/\/www.bcenergy.rs\/rs\/wp-json\/wp\/v2\/users\/1"}],"replies":[{"embeddable":true,"href":"https:\/\/www.bcenergy.rs\/rs\/wp-json\/wp\/v2\/comments?post=4331"}],"version-history":[{"count":41,"href":"https:\/\/www.bcenergy.rs\/rs\/wp-json\/wp\/v2\/pages\/4331\/revisions"}],"predecessor-version":[{"id":6125,"href":"https:\/\/www.bcenergy.rs\/rs\/wp-json\/wp\/v2\/pages\/4331\/revisions\/6125"}],"up":[{"embeddable":true,"href":"https:\/\/www.bcenergy.rs\/rs\/wp-json\/wp\/v2\/pages\/4115"}],"wp:attachment":[{"href":"https:\/\/www.bcenergy.rs\/rs\/wp-json\/wp\/v2\/media?parent=4331"}],"curies":[{"name":"wp","href":"https:\/\/api.w.org\/{rel}","templated":true}]}}