

{"id":4481,"date":"2020-11-03T13:40:47","date_gmt":"2020-11-03T13:40:47","guid":{"rendered":"https:\/\/www.bcenergy.rs\/rs\/?page_id=4481"},"modified":"2021-12-16T09:34:52","modified_gmt":"2021-12-16T09:34:52","slug":"fond-marguerite","status":"publish","type":"page","link":"https:\/\/www.bcenergy.rs\/rs\/o-nama\/osnivaci-beo-ciste-energije\/fond-marguerite\/","title":{"rendered":"Fond Marguerite"},"content":{"rendered":"<div class=\"wpb-content-wrapper\">[vc_row el_class=&#8221;tekst&#8221;][vc_column]<div class='cws_textmodule cws_vc_shortcode_module' id='cws_textmodule_69de2da480bec'><div class='cws_textmodule_wrapper add_divider'><div class='cws_textmodule_text text_align_left'><div class='cws_textmodule_titles display_block'><h6 class='cws_textmodule_title'>Fond Marguerite <\/h6><\/div><\/div><\/div><\/div>[vc_column_text]Osnovan 2010. godine sa kancelarijama u Luksemburgu i Parizu, Marguerite je dru\u0161tvo za upravljanje alternativnim investicionim fondom sa dozvolom izdatom u Luksemburgu. On je u vlasni\u0161tvu svojih partnera i upravlja slede\u0107im \u00a0finansijskim fondovima:<\/p>\n<ul>\n<li>Fond Marguerite, infrastrukturni fond vredan 710 miliona evra, sa sredstvima koja su obezbe\u0111ena 2010. godine, a danas u potpunosti ulo\u017eena u preko 20 investicija<\/li>\n<li>Marguerite Pantheon SCSp, investicioni fond posebne namene koji je investirao u obnovljive izvore energije i transport\u00a0 \u0161irom Evrope<\/li>\n<li>Marguerite II SCSp, infrastrukturni fond vredan 745 miliona evra, koji je osnovan 2017. godine uz pomo\u0107 EIB, KfW, CDC, CDP, BGK, i ICO.<\/li>\n<\/ul>\n[\/vc_column_text]<div class=\"cws_spacing cws_spacing_size_sm_desctop-on cws_spacing_tablet-on cws_spacing_mobile-on\"><div class=\"cws_spacing cws_spacing_default\" style=\"height:22px;\"><\/div> <div class=\"cws_spacing cws_spacing_size_sm_desctop\" style=\"height:10px;\"><\/div> <div class=\"cws_spacing cws_spacing_tablet\" style=\"height:5px;\"><\/div> <div class=\"cws_spacing cws_spacing_mobile\" style=\"height:0px;\"><\/div><\/div>[vc_row_inner][vc_column_inner width=&#8221;2\/5&#8243;][vc_single_image image=&#8221;4327&#8243; img_size=&#8221;large&#8221; onclick=&#8221;custom_link&#8221; img_link_target=&#8221;_blank&#8221; css_animation=&#8221;left-to-right&#8221; link=&#8221;http:\/\/www.marguerite.com\/&#8221;][\/vc_column_inner][vc_column_inner width=&#8221;3\/5&#8243;]<div id='cws_service_item_69de2da480d06' class='cws_service_item cws_vc_shortcode_module title_beside a-left'><a href='http:\/\/www.marguerite.com\/' class='cws_service_item_wrapper clearfix'><span class='cws_searvice_icon_wrapper cws_searvice_side'><i class='cws_service_icon cws_vc_shortcode_icon_3\u0445 vc-oi vc-oi-link'><\/i><\/span><div class='cws_service_info'><h6 class='cws_service_title'>http:\/\/www.marguerite.com\/<\/h6><\/div><\/a><\/div>[\/vc_column_inner][\/vc_row_inner]<div class=\"cws_spacing cws_spacing_size_sm_desctop-on cws_spacing_tablet-on cws_spacing_mobile-on\"><div class=\"cws_spacing cws_spacing_default\" style=\"height:22px;\"><\/div> <div class=\"cws_spacing cws_spacing_size_sm_desctop\" style=\"height:10px;\"><\/div> <div class=\"cws_spacing cws_spacing_tablet\" style=\"height:5px;\"><\/div> <div class=\"cws_spacing cws_spacing_mobile\" style=\"height:0px;\"><\/div><\/div>[\/vc_column][\/vc_row][vc_row][vc_column]<div class=\"cws_spacing cws_spacing_size_sm_desctop-on cws_spacing_tablet-on cws_spacing_mobile-on\"><div class=\"cws_spacing cws_spacing_default\" style=\"height:42px;\"><\/div> <div class=\"cws_spacing cws_spacing_size_sm_desctop\" style=\"height:20px;\"><\/div> <div class=\"cws_spacing cws_spacing_tablet\" style=\"height:10px;\"><\/div> <div class=\"cws_spacing cws_spacing_mobile\" style=\"height:10px;\"><\/div><\/div>[\/vc_column][\/vc_row]\n<\/div>","protected":false},"excerpt":{"rendered":"<p>[vc_row el_class=&#8221;tekst&#8221;][vc_column][vc_column_text]Osnovan 2010. godine sa kancelarijama u Luksemburgu i Parizu, Marguerite je dru\u0161tvo za upravljanje alternativnim investicionim fondom sa dozvolom izdatom u Luksemburgu. On je u vlasni\u0161tvu svojih partnera i upravlja slede\u0107im \u00a0finansijskim fondovima: Fond Marguerite, infrastrukturni fond vredan 710 miliona evra, sa sredstvima koja su obezbe\u0111ena 2010. godine, a danas u potpunosti ulo\u017eena u preko 20 investicija Marguerite Pantheon SCSp, investicioni fond posebne namene koji je investirao u obnovljive izvore energije i transport\u00a0 \u0161irom Evrope Marguerite II SCSp, infrastrukturni fond vredan 745 miliona evra, koji je osnovan 2017. godine uz pomo\u0107 EIB, KfW, CDC, CDP, BGK, i ICO. [\/vc_column_text][vc_row_inner][vc_column_inner width=&#8221;2\/5&#8243;][vc_single_image image=&#8221;4327&#8243; img_size=&#8221;large&#8221; onclick=&#8221;custom_link&#8221; img_link_target=&#8221;_blank&#8221; css_animation=&#8221;left-to-right&#8221; link=&#8221;http:\/\/www.marguerite.com\/&#8221;][\/vc_column_inner][vc_column_inner width=&#8221;3\/5&#8243;][\/vc_column_inner][\/vc_row_inner][\/vc_column][\/vc_row][vc_row][vc_column][\/vc_column][\/vc_row]<\/p>\n","protected":false},"author":1,"featured_media":0,"parent":4306,"menu_order":0,"comment_status":"closed","ping_status":"closed","template":"","meta":{"footnotes":""},"class_list":["post-4481","page","type-page","status-publish","hentry"],"distributor_meta":false,"distributor_terms":false,"distributor_media":false,"distributor_original_site_name":"Beo \u010cista Energija","distributor_original_site_url":"https:\/\/www.bcenergy.rs\/rs","push-errors":false,"_links":{"self":[{"href":"https:\/\/www.bcenergy.rs\/rs\/wp-json\/wp\/v2\/pages\/4481","targetHints":{"allow":["GET"]}}],"collection":[{"href":"https:\/\/www.bcenergy.rs\/rs\/wp-json\/wp\/v2\/pages"}],"about":[{"href":"https:\/\/www.bcenergy.rs\/rs\/wp-json\/wp\/v2\/types\/page"}],"author":[{"embeddable":true,"href":"https:\/\/www.bcenergy.rs\/rs\/wp-json\/wp\/v2\/users\/1"}],"replies":[{"embeddable":true,"href":"https:\/\/www.bcenergy.rs\/rs\/wp-json\/wp\/v2\/comments?post=4481"}],"version-history":[{"count":4,"href":"https:\/\/www.bcenergy.rs\/rs\/wp-json\/wp\/v2\/pages\/4481\/revisions"}],"predecessor-version":[{"id":5599,"href":"https:\/\/www.bcenergy.rs\/rs\/wp-json\/wp\/v2\/pages\/4481\/revisions\/5599"}],"up":[{"embeddable":true,"href":"https:\/\/www.bcenergy.rs\/rs\/wp-json\/wp\/v2\/pages\/4306"}],"wp:attachment":[{"href":"https:\/\/www.bcenergy.rs\/rs\/wp-json\/wp\/v2\/media?parent=4481"}],"curies":[{"name":"wp","href":"https:\/\/api.w.org\/{rel}","templated":true}]}}