

{"id":4484,"date":"2020-11-03T13:45:51","date_gmt":"2020-11-03T13:45:51","guid":{"rendered":"https:\/\/www.bcenergy.rs\/rs\/?page_id=4484"},"modified":"2022-07-15T13:46:13","modified_gmt":"2022-07-15T13:46:13","slug":"veolia","status":"publish","type":"page","link":"https:\/\/www.bcenergy.rs\/rs\/o-nama\/osnivaci-beo-ciste-energije\/veolia\/","title":{"rendered":"Veolia"},"content":{"rendered":"<div class=\"wpb-content-wrapper\">[vc_row el_class=&#8221;tekst&#8221;][vc_column]<div class='cws_textmodule cws_vc_shortcode_module' id='cws_textmodule_69de3195f1801'><div class='cws_textmodule_wrapper add_divider'><div class='cws_textmodule_text text_align_left'><div class='cws_textmodule_titles display_block'><h6 class='cws_textmodule_title'>Veolia<\/h6><\/div><\/div><\/div><\/div>[vc_column_text]Najavljen krajem leta 2020. godine, projekat stvaranja globalnog \u0161ampiona ekolo\u0161ke transformacije spajanjem Veolije i vec\u0301ine me\u0111unarodnih aktivnosti Sueza, za\u017eiveo je po\u010detkom 2022. godine, uspe\u0161nom integracijom 40.000 zaposlenih \u0161irom sveta.<\/p>\n<p>Spajanje se vec\u0301 pokazalo korisnim uz dodavanje novih ve\u0161tina, novih tehnologija i novih tr\u017ei\u0161ta. To c\u0301e dodatno ubrzati implementaciju strate\u0161kog programa Impact 2023, ja\u010dajuc\u0301i\u00a0 me\u0111unarodnu zastupljenost Veolie i povec\u0301avajuc\u0301i njen kapacitet za inovacije. Sa 220.000 zaposlenih u vi\u0161e od 50 zemalja i prihodima od oko 38 milijardi evra, vi\u0161e od 30% zahvaljujuc\u0301i doprinosu Suezovih aktivnosti, Veolia je sada vi\u0161e nego ikada vodec\u0301e svetsko preduze\u0107e u sektoru vode, otpada i energije.<\/p>\n<p>Veolia Grupa ima za cilj da postane referentna kompanija za ekolo\u0161ku transformaciju. Prisutna na pet kontinenata sa skoro 220.000 zaposlenih, Grupa osmi\u0161ljava i primenjuje korisna, prakti\u010dna re\u0161enja za upravljanje vodom, otpadom i energijom koja doprinose radikalnom preokretu trenutne situacije. Kroz svoje tri komplementarne aktivnosti, Veolia poma\u017ee u razvoju pristupa resursima, o\u010duvanju raspolo\u017eivih resursa i njihovom obnavljanju. Grupa Veolia je 2021. godine obezbedila 79 miliona stanovnika pijac\u0301om vodom i 61 milion sanitarnim uslovima, proizvela skoro 48 miliona megavat sati i tretirala 48 miliona tona otpada. Veolia Environnement (Paris Euronext: VIE) ostvario je konsolidovani prihod od 28,508 milijardi evra u 2021. vvv.veolia.com[\/vc_column_text]<div class=\"cws_spacing cws_spacing_size_sm_desctop-on cws_spacing_tablet-on cws_spacing_mobile-on\"><div class=\"cws_spacing cws_spacing_default\" style=\"height:22px;\"><\/div> <div class=\"cws_spacing cws_spacing_size_sm_desctop\" style=\"height:10px;\"><\/div> <div class=\"cws_spacing cws_spacing_tablet\" style=\"height:5px;\"><\/div> <div class=\"cws_spacing cws_spacing_mobile\" style=\"height:0px;\"><\/div><\/div>[vc_row_inner][vc_column_inner width=&#8221;2\/5&#8243;][vc_single_image image=&#8221;6126&#8243; img_size=&#8221;large&#8221; onclick=&#8221;custom_link&#8221; img_link_target=&#8221;_blank&#8221; css_animation=&#8221;left-to-right&#8221; link=&#8221;https:\/\/www.veolia.com\/en&#8221;][\/vc_column_inner][vc_column_inner width=&#8221;3\/5&#8243;]<div id='cws_service_item_69de3195f1908' class='cws_service_item cws_vc_shortcode_module title_beside a-left'><a href='https:\/\/www.veolia.com\/en' class='cws_service_item_wrapper clearfix'><span class='cws_searvice_icon_wrapper cws_searvice_side'><i class='cws_service_icon cws_vc_shortcode_icon_3\u0445 vc-oi vc-oi-link'><\/i><\/span><div class='cws_service_info'><h6 class='cws_service_title'>https:\/\/www.veolia.com\/en<\/h6><\/div><\/a><\/div>[\/vc_column_inner][\/vc_row_inner]<div class=\"cws_spacing cws_spacing_size_sm_desctop-on cws_spacing_tablet-on cws_spacing_mobile-on\"><div class=\"cws_spacing cws_spacing_default\" style=\"height:22px;\"><\/div> <div class=\"cws_spacing cws_spacing_size_sm_desctop\" style=\"height:10px;\"><\/div> <div class=\"cws_spacing cws_spacing_tablet\" style=\"height:5px;\"><\/div> <div class=\"cws_spacing cws_spacing_mobile\" style=\"height:0px;\"><\/div><\/div>[\/vc_column][\/vc_row][vc_row][vc_column]<div class=\"cws_spacing cws_spacing_size_sm_desctop-on cws_spacing_tablet-on cws_spacing_mobile-on\"><div class=\"cws_spacing cws_spacing_default\" style=\"height:42px;\"><\/div> <div class=\"cws_spacing cws_spacing_size_sm_desctop\" style=\"height:20px;\"><\/div> <div class=\"cws_spacing cws_spacing_tablet\" style=\"height:10px;\"><\/div> <div class=\"cws_spacing cws_spacing_mobile\" style=\"height:10px;\"><\/div><\/div>[\/vc_column][\/vc_row]\n<\/div>","protected":false},"excerpt":{"rendered":"<p>[vc_row el_class=&#8221;tekst&#8221;][vc_column][vc_column_text]Najavljen krajem leta 2020. godine, projekat stvaranja globalnog \u0161ampiona ekolo\u0161ke transformacije spajanjem Veolije i vec\u0301ine me\u0111unarodnih aktivnosti Sueza, za\u017eiveo je po\u010detkom 2022. godine, uspe\u0161nom integracijom 40.000 zaposlenih \u0161irom sveta. Spajanje se vec\u0301 pokazalo korisnim uz dodavanje novih ve\u0161tina, novih tehnologija i novih tr\u017ei\u0161ta. To c\u0301e dodatno ubrzati implementaciju strate\u0161kog programa Impact 2023, ja\u010dajuc\u0301i\u00a0 me\u0111unarodnu zastupljenost Veolie i povec\u0301avajuc\u0301i njen kapacitet za inovacije. Sa 220.000 zaposlenih u vi\u0161e od 50 zemalja i prihodima od oko 38 milijardi evra, vi\u0161e od 30% zahvaljujuc\u0301i doprinosu Suezovih aktivnosti, Veolia je sada vi\u0161e nego ikada vodec\u0301e svetsko preduze\u0107e u sektoru vode, otpada i energije. Veolia Grupa ima za cilj da postane referentna kompanija za ekolo\u0161ku transformaciju. Prisutna na pet kontinenata sa skoro 220.000 zaposlenih, Grupa osmi\u0161ljava i primenjuje korisna, prakti\u010dna re\u0161enja za upravljanje vodom, otpadom i energijom koja doprinose radikalnom preokretu trenutne situacije. Kroz svoje tri komplementarne aktivnosti, Veolia poma\u017ee u razvoju pristupa resursima, o\u010duvanju raspolo\u017eivih resursa i njihovom obnavljanju. Grupa Veolia je 2021. godine obezbedila 79 miliona stanovnika pijac\u0301om vodom i 61 milion sanitarnim uslovima, proizvela skoro 48 miliona megavat sati i tretirala 48 miliona tona otpada. Veolia Environnement (Paris Euronext: VIE) ostvario je konsolidovani prihod od 28,508 milijardi evra u 2021. vvv.veolia.com[\/vc_column_text][vc_row_inner][vc_column_inner width=&#8221;2\/5&#8243;][vc_single_image image=&#8221;6126&#8243; img_size=&#8221;large&#8221; onclick=&#8221;custom_link&#8221; img_link_target=&#8221;_blank&#8221; css_animation=&#8221;left-to-right&#8221; link=&#8221;https:\/\/www.veolia.com\/en&#8221;][\/vc_column_inner][vc_column_inner width=&#8221;3\/5&#8243;][\/vc_column_inner][\/vc_row_inner][\/vc_column][\/vc_row][vc_row][vc_column][\/vc_column][\/vc_row]<\/p>\n","protected":false},"author":1,"featured_media":0,"parent":4306,"menu_order":0,"comment_status":"closed","ping_status":"closed","template":"","meta":{"footnotes":""},"class_list":["post-4484","page","type-page","status-publish","hentry"],"distributor_meta":false,"distributor_terms":false,"distributor_media":false,"distributor_original_site_name":"Beo \u010cista Energija","distributor_original_site_url":"https:\/\/www.bcenergy.rs\/rs","push-errors":false,"_links":{"self":[{"href":"https:\/\/www.bcenergy.rs\/rs\/wp-json\/wp\/v2\/pages\/4484","targetHints":{"allow":["GET"]}}],"collection":[{"href":"https:\/\/www.bcenergy.rs\/rs\/wp-json\/wp\/v2\/pages"}],"about":[{"href":"https:\/\/www.bcenergy.rs\/rs\/wp-json\/wp\/v2\/types\/page"}],"author":[{"embeddable":true,"href":"https:\/\/www.bcenergy.rs\/rs\/wp-json\/wp\/v2\/users\/1"}],"replies":[{"embeddable":true,"href":"https:\/\/www.bcenergy.rs\/rs\/wp-json\/wp\/v2\/comments?post=4484"}],"version-history":[{"count":13,"href":"https:\/\/www.bcenergy.rs\/rs\/wp-json\/wp\/v2\/pages\/4484\/revisions"}],"predecessor-version":[{"id":6133,"href":"https:\/\/www.bcenergy.rs\/rs\/wp-json\/wp\/v2\/pages\/4484\/revisions\/6133"}],"up":[{"embeddable":true,"href":"https:\/\/www.bcenergy.rs\/rs\/wp-json\/wp\/v2\/pages\/4306"}],"wp:attachment":[{"href":"https:\/\/www.bcenergy.rs\/rs\/wp-json\/wp\/v2\/media?parent=4484"}],"curies":[{"name":"wp","href":"https:\/\/api.w.org\/{rel}","templated":true}]}}