

{"id":4488,"date":"2020-11-03T13:48:48","date_gmt":"2020-11-03T13:48:48","guid":{"rendered":"https:\/\/www.bcenergy.rs\/rs\/?page_id=4488"},"modified":"2021-12-28T16:43:52","modified_gmt":"2021-12-28T16:43:52","slug":"korporacija-itochu-i-environment-investments-ltd-iei","status":"publish","type":"page","link":"https:\/\/www.bcenergy.rs\/rs\/o-nama\/osnivaci-beo-ciste-energije\/korporacija-itochu-i-environment-investments-ltd-iei\/","title":{"rendered":"Korporacija ITOCHU, I-Environment Investments Ltd. (IEI)"},"content":{"rendered":"<div class=\"wpb-content-wrapper\">[vc_row el_class=&#8221;tekst&#8221;][vc_column]<div class='cws_textmodule cws_vc_shortcode_module' id='cws_textmodule_69e12e849c4b9'><div class='cws_textmodule_wrapper add_divider'><div class='cws_textmodule_text text_align_left'><div class='cws_textmodule_titles display_block'><h6 class='cws_textmodule_title'>Korporacija ITOCHU, I-Environment Investments Ltd. (IEI)<\/h6><\/div><\/div><\/div><\/div>[vc_column_text]I-Environment Investments Ltd (\u201eIEI\u201c) je podru\u017enica u 100% vlasni\u0161tvu korporacije Itochu sa sedi\u0161tem u Velikoj Britaniji, koja je centar Grupe za realizovanje i upravljanje infrastrukturnim projektima \u0161irom sveta. IEI ima zna\u010dajno iskustvo u uspe\u0161noj realizaciji projekata, uklju\u010duju\u0107i \u010detiri postrojenja za energetsko iskori\u0161\u0107enje otpada u Velikoj Britaniji koja se realizuju zajedno sa kompanijom SUEZ.<\/p>\n<p>Mati\u010dno preduze\u0107e IEI je korporacija Itochu, sa sedi\u0161tem u Tokiju i Osaki i oko 110 predstavni\u0161tava u 63 zemlje (uklju\u010duju\u0107i Srbiju). Itochu je vode\u0107i japanski trgovinski i investicioni konglomerat koji se bavi raznim delatnostima: doma\u0107om trgovinom, uvozom\/izvozom, i spoljnom trgovinom proizvoda kao \u0161to su tekstil, ma\u0161ine, metali, minerali, energija, hemikalije, hrana, op\u0161ti proizvodi, nekretnine, informacione i komunikacione tehnologije, finansije, ali i poslovnim ulaganjima u Japanu i inostranstvu. U japanskoj fiskalnoj godini zaklju\u010dno sa 31. martom 2020. godine, ITOCHU je ostvario ukupan prihod od 101 milijardi dolara i neto dobit od 5,14 milijarde dolara sa ukupnom imovinom u vrednosti od 100 milijardi dolara.<\/p>\n<p>ITOCHU, vo\u0111en misijom i poslovnim duhom koji se naziva \u201e<em>Sampo-yoshi<\/em>\u201c (\u201edobro za sve tri strane \u2013 za prodavca, kupca i dru\u0161tvo\u201c), re\u0161ava globalna ekolo\u0161ka i dru\u0161tvena pitanja, \u0161to smatra najva\u017enijim elementima svoje upravlja\u010dke politike.[\/vc_column_text]<div class=\"cws_spacing cws_spacing_size_sm_desctop-on cws_spacing_tablet-on cws_spacing_mobile-on\"><div class=\"cws_spacing cws_spacing_default\" style=\"height:22px;\"><\/div> <div class=\"cws_spacing cws_spacing_size_sm_desctop\" style=\"height:10px;\"><\/div> <div class=\"cws_spacing cws_spacing_tablet\" style=\"height:5px;\"><\/div> <div class=\"cws_spacing cws_spacing_mobile\" style=\"height:0px;\"><\/div><\/div>[vc_row_inner][vc_column_inner width=&#8221;2\/5&#8243;][vc_single_image image=&#8221;4316&#8243; img_size=&#8221;large&#8221; onclick=&#8221;custom_link&#8221; img_link_target=&#8221;_blank&#8221; css_animation=&#8221;left-to-right&#8221; link=&#8221;https:\/\/www.itochu.co.jp\/en\/index.html&#8221;][\/vc_column_inner][vc_column_inner width=&#8221;3\/5&#8243;]<div id='cws_service_item_69e12e849c5c2' class='cws_service_item cws_vc_shortcode_module title_beside a-left'><a href='https:\/\/www.itochu.co.jp\/en\/index.html' class='cws_service_item_wrapper clearfix'><span class='cws_searvice_icon_wrapper cws_searvice_side'><i class='cws_service_icon cws_vc_shortcode_icon_3\u0445 vc-oi vc-oi-link'><\/i><\/span><div class='cws_service_info'><h6 class='cws_service_title'>https:\/\/www.itochu.co.jp\/en\/index.html<\/h6><\/div><\/a><\/div>[\/vc_column_inner][\/vc_row_inner]<div class=\"cws_spacing cws_spacing_size_sm_desctop-on cws_spacing_tablet-on cws_spacing_mobile-on\"><div class=\"cws_spacing cws_spacing_default\" style=\"height:22px;\"><\/div> <div class=\"cws_spacing cws_spacing_size_sm_desctop\" style=\"height:10px;\"><\/div> <div class=\"cws_spacing cws_spacing_tablet\" style=\"height:5px;\"><\/div> <div class=\"cws_spacing cws_spacing_mobile\" style=\"height:0px;\"><\/div><\/div>[\/vc_column][\/vc_row][vc_row][vc_column]<div class=\"cws_spacing cws_spacing_size_sm_desctop-on cws_spacing_tablet-on cws_spacing_mobile-on\"><div class=\"cws_spacing cws_spacing_default\" style=\"height:42px;\"><\/div> <div class=\"cws_spacing cws_spacing_size_sm_desctop\" style=\"height:20px;\"><\/div> <div class=\"cws_spacing cws_spacing_tablet\" style=\"height:10px;\"><\/div> <div class=\"cws_spacing cws_spacing_mobile\" style=\"height:10px;\"><\/div><\/div>[\/vc_column][\/vc_row]\n<\/div>","protected":false},"excerpt":{"rendered":"<p>[vc_row el_class=&#8221;tekst&#8221;][vc_column][vc_column_text]I-Environment Investments Ltd (\u201eIEI\u201c) je podru\u017enica u 100% vlasni\u0161tvu korporacije Itochu sa sedi\u0161tem u Velikoj Britaniji, koja je centar Grupe za realizovanje i upravljanje infrastrukturnim projektima \u0161irom sveta. IEI ima zna\u010dajno iskustvo u uspe\u0161noj realizaciji projekata, uklju\u010duju\u0107i \u010detiri postrojenja za energetsko iskori\u0161\u0107enje otpada u Velikoj Britaniji koja se realizuju zajedno sa kompanijom SUEZ. Mati\u010dno preduze\u0107e IEI je korporacija Itochu, sa sedi\u0161tem u Tokiju i Osaki i oko 110 predstavni\u0161tava u 63 zemlje (uklju\u010duju\u0107i Srbiju). Itochu je vode\u0107i japanski trgovinski i investicioni konglomerat koji se bavi raznim delatnostima: doma\u0107om trgovinom, uvozom\/izvozom, i spoljnom trgovinom proizvoda kao \u0161to su tekstil, ma\u0161ine, metali, minerali, energija, hemikalije, hrana, op\u0161ti proizvodi, nekretnine, informacione i komunikacione tehnologije, finansije, ali i poslovnim ulaganjima u Japanu i inostranstvu. U japanskoj fiskalnoj godini zaklju\u010dno sa 31. martom 2020. godine, ITOCHU je ostvario ukupan prihod od 101 milijardi dolara i neto dobit od 5,14 milijarde dolara sa ukupnom imovinom u vrednosti od 100 milijardi dolara. ITOCHU, vo\u0111en misijom i poslovnim duhom koji se naziva \u201eSampo-yoshi\u201c (\u201edobro za sve tri strane \u2013 za prodavca, kupca i dru\u0161tvo\u201c), re\u0161ava globalna ekolo\u0161ka i dru\u0161tvena pitanja, \u0161to smatra najva\u017enijim elementima svoje upravlja\u010dke politike.[\/vc_column_text][vc_row_inner][vc_column_inner width=&#8221;2\/5&#8243;][vc_single_image image=&#8221;4316&#8243; img_size=&#8221;large&#8221; onclick=&#8221;custom_link&#8221; img_link_target=&#8221;_blank&#8221; css_animation=&#8221;left-to-right&#8221; link=&#8221;https:\/\/www.itochu.co.jp\/en\/index.html&#8221;][\/vc_column_inner][vc_column_inner width=&#8221;3\/5&#8243;][\/vc_column_inner][\/vc_row_inner][\/vc_column][\/vc_row][vc_row][vc_column][\/vc_column][\/vc_row]<\/p>\n","protected":false},"author":1,"featured_media":0,"parent":4306,"menu_order":0,"comment_status":"closed","ping_status":"closed","template":"","meta":{"footnotes":""},"class_list":["post-4488","page","type-page","status-publish","hentry"],"distributor_meta":false,"distributor_terms":false,"distributor_media":false,"distributor_original_site_name":"Beo \u010cista Energija","distributor_original_site_url":"https:\/\/www.bcenergy.rs\/rs","push-errors":false,"_links":{"self":[{"href":"https:\/\/www.bcenergy.rs\/rs\/wp-json\/wp\/v2\/pages\/4488","targetHints":{"allow":["GET"]}}],"collection":[{"href":"https:\/\/www.bcenergy.rs\/rs\/wp-json\/wp\/v2\/pages"}],"about":[{"href":"https:\/\/www.bcenergy.rs\/rs\/wp-json\/wp\/v2\/types\/page"}],"author":[{"embeddable":true,"href":"https:\/\/www.bcenergy.rs\/rs\/wp-json\/wp\/v2\/users\/1"}],"replies":[{"embeddable":true,"href":"https:\/\/www.bcenergy.rs\/rs\/wp-json\/wp\/v2\/comments?post=4488"}],"version-history":[{"count":10,"href":"https:\/\/www.bcenergy.rs\/rs\/wp-json\/wp\/v2\/pages\/4488\/revisions"}],"predecessor-version":[{"id":5751,"href":"https:\/\/www.bcenergy.rs\/rs\/wp-json\/wp\/v2\/pages\/4488\/revisions\/5751"}],"up":[{"embeddable":true,"href":"https:\/\/www.bcenergy.rs\/rs\/wp-json\/wp\/v2\/pages\/4306"}],"wp:attachment":[{"href":"https:\/\/www.bcenergy.rs\/rs\/wp-json\/wp\/v2\/media?parent=4488"}],"curies":[{"name":"wp","href":"https:\/\/api.w.org\/{rel}","templated":true}]}}