

{"id":4499,"date":"2020-11-03T14:28:39","date_gmt":"2020-11-03T14:28:39","guid":{"rendered":"https:\/\/www.bcenergy.rs\/rs\/?page_id=4499"},"modified":"2021-12-28T16:44:55","modified_gmt":"2021-12-28T16:44:55","slug":"projekat-jpp-u-oblasti-upravljanja-otpadom-u-beogradu","status":"publish","type":"page","link":"https:\/\/www.bcenergy.rs\/rs\/projekat-jpp-u-oblasti-upravljanja-otpadom-u-beogradu\/","title":{"rendered":"Projekat JPP u oblasti upravljanja otpadom u Beogradu"},"content":{"rendered":"<div class=\"wpb-content-wrapper\">[vc_row css_animation=&#8221;slideInUp&#8221; bg_cws_repeat=&#8221;no-repeat&#8221; bg_cws_size=&#8221;contain&#8221; bg_image_position=&#8221;center_bottom&#8221; css=&#8221;.vc_custom_1538727799858{background-image: url(https:\/\/www.bcenergy.rs\/rs\/wp-content\/uploads\/2018\/09\/bg-map.png?id=2932) !important;}&#8221;][vc_column]<div class=\"cws_spacing cws_spacing_size_sm_desctop-on cws_spacing_tablet-on cws_spacing_mobile-on\"><div class=\"cws_spacing cws_spacing_default\" style=\"height:107px;\"><\/div> <div class=\"cws_spacing cws_spacing_size_sm_desctop\" style=\"height:80px;\"><\/div> <div class=\"cws_spacing cws_spacing_tablet\" style=\"height:50px;\"><\/div> <div class=\"cws_spacing cws_spacing_mobile\" style=\"height:0px;\"><\/div><\/div>[vc_row_inner][vc_column_inner width=&#8221;1\/3&#8243;]<div id='cws_vc_shortcode_milestone_69d7ace941a54' class='cws_vc_shortcode_milestone cws_vc_shortcode_module a-center icon_center'><div class='milestone_wrapper'><div class='cws_vc_shortcode_milestone_wrapper'><div class='cws_vc_shortcode_milestone_data'><div class='cws_milestone_number_wrapper'><div class='cws_vc_shortcode_milestone_icon cws_vc_shortcode_icon_4x'><i class='vc-oi vc-oi-calendar'><\/i><\/div><div class='cws_vc_shortcode_milestone_number' data-speed='2000'>44<\/div><\/div><h6 class='cws_vc_shortcode_milestone_title'>GODINE<\/h6><div class='divider'><\/div><div class='cws_vc_shortcode_milestone_desc'>rada nesanitarne deponije<\/div><\/div><\/div><\/div><\/div>[\/vc_column_inner][vc_column_inner width=&#8221;1\/3&#8243;]<div id='cws_vc_shortcode_milestone_69d7ace941ab6' class='cws_vc_shortcode_milestone cws_vc_shortcode_module a-center icon_center'><div class='milestone_wrapper'><div class='cws_vc_shortcode_milestone_wrapper'><div class='cws_vc_shortcode_milestone_data'><div class='cws_milestone_number_wrapper'><div class='cws_vc_shortcode_milestone_icon cws_vc_shortcode_icon_4x'><i class='entypo-icon entypo-icon-globe'><\/i><\/div><div class='cws_vc_shortcode_milestone_number' data-speed='2000'>42<\/div><\/div><h6 class='cws_vc_shortcode_milestone_title'>HEKTARA<\/h6><div class='divider'><\/div><div class='cws_vc_shortcode_milestone_desc'>povr\u0161ina nesanitarne deponije<\/div><\/div><\/div><\/div><\/div>[\/vc_column_inner][vc_column_inner width=&#8221;1\/3&#8243;]<div id='cws_vc_shortcode_milestone_69d7ace941af3' class='cws_vc_shortcode_milestone cws_vc_shortcode_module a-center icon_center'><div class='milestone_wrapper'><div class='cws_vc_shortcode_milestone_wrapper'><div class='cws_vc_shortcode_milestone_data'><div class='cws_milestone_number_wrapper'><div class='cws_vc_shortcode_milestone_icon cws_vc_shortcode_icon_4x'><i class='typcn typcn-trash'><\/i><\/div><div class='cws_vc_shortcode_milestone_number' data-speed='2000'>80<\/div><\/div><h6 class='cws_vc_shortcode_milestone_title'>METARA<\/h6><div class='divider'><\/div><div class='cws_vc_shortcode_milestone_desc'>visina koju na pojedinim mestima dosti\u017ee nesanitarna deponija<\/div><\/div><\/div><\/div><\/div>[\/vc_column_inner][\/vc_row_inner]<div class=\"cws_spacing cws_spacing_size_sm_desctop-on cws_spacing_tablet-on cws_spacing_mobile-on\"><div class=\"cws_spacing cws_spacing_default\" style=\"height:150px;\"><\/div> <div class=\"cws_spacing cws_spacing_size_sm_desctop\" style=\"height:100px;\"><\/div> <div class=\"cws_spacing cws_spacing_tablet\" style=\"height:70px;\"><\/div> <div class=\"cws_spacing cws_spacing_mobile\" style=\"height:50px;\"><\/div><\/div>[\/vc_column][\/vc_row][vc_row el_class=&#8221;tekst&#8221;][vc_column]<div class=\"cws_spacing cws_spacing_size_sm_desctop-on cws_spacing_tablet-on cws_spacing_mobile-on\"><div class=\"cws_spacing cws_spacing_default\" style=\"height:22px;\"><\/div> <div class=\"cws_spacing cws_spacing_size_sm_desctop\" style=\"height:10px;\"><\/div> <div class=\"cws_spacing cws_spacing_tablet\" style=\"height:0px;\"><\/div> <div class=\"cws_spacing cws_spacing_mobile\" style=\"height:0px;\"><\/div><\/div>[vc_column_text]Nalazimo se u eri u kojoj prirodni resursi imaju izuzetnu va\u017enost u procesu dru\u0161tveno-ekonomskog razvoja. U svetu u kojem se suo\u010davamo sa veoma visokim demografskim rastom, naglom urbanizacijom, i oskudicom prirodnih resursa, obezbe\u0111ivanje, optimizacija i obnavljanje resursa je od su\u0161tinskog zna\u010daja za na\u0161u budu\u0107nost.<\/p>\n<p>Stara gradska deponija u Beogradu otvorena je 1977. godine, i bila je jedno od najve\u0107ih preostalih aktivnih smetli\u0161ta\u00a0 u Evropi. Ugovoreno je preduzimanje mera za njeno hitno zatvaranje i uvo\u0111enje modernog ekolo\u0161ko prihvatljivog sistema za upravljanje otpadom.<\/p>\n<p>Po\u0161to na njoj ne postoji sistem za sakupljanje deponijskog gasa, stara deponija zna\u010dajno doprinosi klimatskim promenama. Procenjuje se da \u0107e se realizacijom na\u0161eg projekta ostvariti u\u0161teda od 250.000 tona ekvivalentnog CO2 na godi\u0161njem nivou \u0161to je ekvivalentno sadnji 2,2 miliona stabala drve\u0107a.<\/p>\n<p>Projekat JPP doprine\u0107e o\u010duvanju \u017eivotne sredine u Srbiji i dostizanju ciljeva cirkularne ekonomije<span style=\"text-decoration: line-through;\">,<\/span> time \u0161to \u0107e se po\u0161tovati standardi EU koji se odnose na smanjenje koli\u010dine otpada koji se odla\u017ee na deponiji, kao i na emisije gasova koji izazivaju efekat staklene ba\u0161te. Ovaj projekat predstavlja dugoo\u010dekivano re\u0161enje za jedan od najve\u0107ih izazova grada Beograda u oblasti upravljanja otpadom. Projekat obuhvata:<\/p>\n<ul>\n<li>zatvaranje smetli\u0161ta u Vin\u010di,<\/li>\n<li>izgradnju nove deponije,<\/li>\n<li>sakupljanje i pre\u010di\u0161\u0107avanje procednih voda (zaga\u0111enih voda) i iskori\u0161\u0107enje deponijskog gasa,<\/li>\n<li>izgradnju i upravljanje postrojenjima za energetsko iskori\u0161\u0107enje komunalnog otpada i deponijskog gasa, \u010dime \u0107e se fosilna goriva zameniti otpadom kao izvorom toplotne i elektri\u010dne energije,<\/li>\n<li>preradu otpada od gra\u0111enja i ru\u0161enje.<\/li>\n<\/ul>\n[\/vc_column_text]<div class=\"cws_spacing cws_spacing_size_sm_desctop-on cws_spacing_tablet-on cws_spacing_mobile-on\"><div class=\"cws_spacing cws_spacing_default\" style=\"height:42px;\"><\/div> <div class=\"cws_spacing cws_spacing_size_sm_desctop\" style=\"height:20px;\"><\/div> <div class=\"cws_spacing cws_spacing_tablet\" style=\"height:10px;\"><\/div> <div class=\"cws_spacing cws_spacing_mobile\" style=\"height:10px;\"><\/div><\/div><div class=\"cws_spacing cws_spacing_size_sm_desctop-on cws_spacing_tablet-on cws_spacing_mobile-on\"><div class=\"cws_spacing cws_spacing_default\" style=\"height:22px;\"><\/div> <div class=\"cws_spacing cws_spacing_size_sm_desctop\" style=\"height:10px;\"><\/div> <div class=\"cws_spacing cws_spacing_tablet\" style=\"height:0px;\"><\/div> <div class=\"cws_spacing cws_spacing_mobile\" style=\"height:0px;\"><\/div><\/div>[\/vc_column][\/vc_row][vc_row][vc_column]<div class=\"cws_spacing cws_spacing_size_sm_desctop-on cws_spacing_tablet-on cws_spacing_mobile-on\"><div class=\"cws_spacing cws_spacing_default\" style=\"height:42px;\"><\/div> <div class=\"cws_spacing cws_spacing_size_sm_desctop\" style=\"height:20px;\"><\/div> <div class=\"cws_spacing cws_spacing_tablet\" style=\"height:10px;\"><\/div> <div class=\"cws_spacing cws_spacing_mobile\" style=\"height:10px;\"><\/div><\/div>[\/vc_column][\/vc_row]\n<\/div>","protected":false},"excerpt":{"rendered":"<p>[vc_row css_animation=&#8221;slideInUp&#8221; bg_cws_repeat=&#8221;no-repeat&#8221; bg_cws_size=&#8221;contain&#8221; bg_image_position=&#8221;center_bottom&#8221; css=&#8221;.vc_custom_1538727799858{background-image: url(https:\/\/www.bcenergy.rs\/rs\/wp-content\/uploads\/2018\/09\/bg-map.png?id=2932) !important;}&#8221;][vc_column][vc_row_inner][vc_column_inner width=&#8221;1\/3&#8243;][\/vc_column_inner][vc_column_inner width=&#8221;1\/3&#8243;][\/vc_column_inner][vc_column_inner width=&#8221;1\/3&#8243;][\/vc_column_inner][\/vc_row_inner][\/vc_column][\/vc_row][vc_row el_class=&#8221;tekst&#8221;][vc_column][vc_column_text]Nalazimo se u eri u kojoj prirodni resursi imaju izuzetnu va\u017enost u procesu dru\u0161tveno-ekonomskog razvoja. U svetu u kojem se suo\u010davamo sa veoma visokim demografskim rastom, naglom urbanizacijom, i oskudicom prirodnih resursa, obezbe\u0111ivanje, optimizacija i obnavljanje resursa je od su\u0161tinskog zna\u010daja za na\u0161u budu\u0107nost. Stara gradska deponija u Beogradu otvorena je 1977. godine, i bila je jedno od najve\u0107ih preostalih aktivnih smetli\u0161ta\u00a0 u Evropi. Ugovoreno je preduzimanje mera za njeno hitno zatvaranje i uvo\u0111enje modernog ekolo\u0161ko prihvatljivog sistema za upravljanje otpadom. Po\u0161to na njoj ne postoji sistem za sakupljanje deponijskog gasa, stara deponija zna\u010dajno doprinosi klimatskim promenama. Procenjuje se da \u0107e se realizacijom na\u0161eg projekta ostvariti u\u0161teda od 250.000 tona ekvivalentnog CO2 na godi\u0161njem nivou \u0161to je ekvivalentno sadnji 2,2 miliona stabala drve\u0107a. Projekat JPP doprine\u0107e o\u010duvanju \u017eivotne sredine u Srbiji i dostizanju ciljeva cirkularne ekonomije, time \u0161to \u0107e se po\u0161tovati standardi EU koji se odnose na smanjenje koli\u010dine otpada koji se odla\u017ee na deponiji, kao i na emisije gasova koji izazivaju efekat staklene ba\u0161te. Ovaj projekat predstavlja dugoo\u010dekivano re\u0161enje za jedan od najve\u0107ih izazova grada Beograda u oblasti upravljanja otpadom. Projekat obuhvata: zatvaranje smetli\u0161ta u Vin\u010di, izgradnju nove deponije, sakupljanje i pre\u010di\u0161\u0107avanje procednih voda (zaga\u0111enih voda) i iskori\u0161\u0107enje deponijskog gasa, izgradnju i upravljanje postrojenjima za energetsko iskori\u0161\u0107enje komunalnog otpada i deponijskog gasa, \u010dime \u0107e se fosilna goriva zameniti otpadom kao izvorom toplotne i elektri\u010dne energije, preradu otpada od gra\u0111enja i ru\u0161enje. [\/vc_column_text][\/vc_column][\/vc_row][vc_row][vc_column][\/vc_column][\/vc_row]<\/p>\n","protected":false},"author":1,"featured_media":0,"parent":0,"menu_order":0,"comment_status":"closed","ping_status":"closed","template":"","meta":{"footnotes":""},"class_list":["post-4499","page","type-page","status-publish","hentry"],"distributor_meta":false,"distributor_terms":false,"distributor_media":false,"distributor_original_site_name":"Beo \u010cista Energija","distributor_original_site_url":"https:\/\/www.bcenergy.rs\/rs","push-errors":false,"_links":{"self":[{"href":"https:\/\/www.bcenergy.rs\/rs\/wp-json\/wp\/v2\/pages\/4499","targetHints":{"allow":["GET"]}}],"collection":[{"href":"https:\/\/www.bcenergy.rs\/rs\/wp-json\/wp\/v2\/pages"}],"about":[{"href":"https:\/\/www.bcenergy.rs\/rs\/wp-json\/wp\/v2\/types\/page"}],"author":[{"embeddable":true,"href":"https:\/\/www.bcenergy.rs\/rs\/wp-json\/wp\/v2\/users\/1"}],"replies":[{"embeddable":true,"href":"https:\/\/www.bcenergy.rs\/rs\/wp-json\/wp\/v2\/comments?post=4499"}],"version-history":[{"count":22,"href":"https:\/\/www.bcenergy.rs\/rs\/wp-json\/wp\/v2\/pages\/4499\/revisions"}],"predecessor-version":[{"id":5752,"href":"https:\/\/www.bcenergy.rs\/rs\/wp-json\/wp\/v2\/pages\/4499\/revisions\/5752"}],"wp:attachment":[{"href":"https:\/\/www.bcenergy.rs\/rs\/wp-json\/wp\/v2\/media?parent=4499"}],"curies":[{"name":"wp","href":"https:\/\/api.w.org\/{rel}","templated":true}]}}