

{"id":4517,"date":"2020-11-03T18:58:00","date_gmt":"2020-11-03T18:58:00","guid":{"rendered":"https:\/\/www.bcenergy.rs\/rs\/?page_id=4517"},"modified":"2021-12-28T16:48:43","modified_gmt":"2021-12-28T16:48:43","slug":"obuhvat-projekta-jpp","status":"publish","type":"page","link":"https:\/\/www.bcenergy.rs\/rs\/projekat-jpp-u-oblasti-upravljanja-otpadom-u-beogradu\/obuhvat-projekta-jpp\/","title":{"rendered":"Obuhvat projekta JPP"},"content":{"rendered":"<div class=\"wpb-content-wrapper\">[vc_row el_class=&#8221;tekst&#8221;][vc_column]<div class='cws_textmodule cws_vc_shortcode_module' id='cws_textmodule_69de2da4aed18'><div class='cws_textmodule_wrapper add_divider'><div class='cws_textmodule_text text_align_left'><div class='cws_textmodule_titles display_block'><h3 class='cws_textmodule_title'>Obuhvat projekta JPP<\/h3><\/div><\/div><\/div><\/div><div class=\"cws_spacing cws_spacing_size_sm_desctop-on cws_spacing_tablet-on cws_spacing_mobile-on\"><div class=\"cws_spacing cws_spacing_default\" style=\"height:22px;\"><\/div> <div class=\"cws_spacing cws_spacing_size_sm_desctop\" style=\"height:10px;\"><\/div> <div class=\"cws_spacing cws_spacing_tablet\" style=\"height:0px;\"><\/div> <div class=\"cws_spacing cws_spacing_mobile\" style=\"height:0px;\"><\/div><\/div>[vc_column_text]Koncept projekta JPP obuhvata projektovanje, izgradnju, finansiranje i dugoro\u010dno upravljanje (<em>DBFO<\/em>) postrojenjima za preradu otpada. Od privatnog partnera se o\u010dekuje da u potpunosti obezbedi sredstva za finansiranje projekta, realizuje ga i garantuje dugoro\u010dni rad, u zamenu za naknadu koja \u00a0se ostvaruje nakon uspe\u0161no realizovane usluge. Ovakvi projekti omogu\u0107avaju vladama da iskoriste sredstva, stru\u010dnost i efikasnost privatnog sektora. Ugovorni model DBFO je dobar na\u010din da se osigura optimizacija projektovanja postrojenja, zavr\u0161etak izgradnje na vreme i u okviru planiranog bud\u017eeta, postizanje dugoro\u010dnih performansi, dok su svi rizici na privatnom partneru. Sve navedeno predstavlja uslove povra\u0107aja investicije.<\/p>\n<p>Ovaj projekat prevazilazi standardne benefite koje se ostvaruju primenom DBFO modela. Izme\u0111u ostalog, njegova realizacija omogu\u0107ava Beogradu da zatvori i sanira staru deponiju u Vin\u010di, \u0161to ne bi bilo ekonomski odr\u017eivo kao zaseban projekat:<\/p>\n<p><strong>Obuhvat projekta JPP:<\/strong><\/p>\n<ul>\n<li>sanacija deponije u Vin\u010di i njeno odr\u017eavanje nakon zatvaranja,<\/li>\n<li>preusmeravanje najmanje 200.000 tona otpada od gra\u0111enja i ru\u0161enja godi\u0161nje, ka novom recikla\u017enom postrojenju koje \u0107e proizvoditi materijal za izgradnju i nasipanje;<\/li>\n<li>preusmeravanje najmanje 340.000 tona komunalnog otpada godi\u0161nje u postrojenje za energetsko iskori\u0161\u0107enje komunalnog otpada isporu\u010duju\u0107i elektri\u010dnu energiju u elektroenergetski sistem, a toplotnu energiju u sistem daljinskog grejanja JKP Beogradske elektrane,<\/li>\n<li>izgradnja sanitarne deponije sa odgovaraju\u0107im sistemom za pre\u010di\u0161\u0107avanje procednih voda i sistemom za iskori\u0161\u0107enje deponijskog gasa, za odlaganje svih preostalih koli\u010dina komunalnog otpada, dok se potpuno ne uspostavi sistem razvrstavanja otpada na mestu nastanka, \u0161to \u0107e omogu\u0107iti porast stepena recikla\u017ee u Beogradu.<\/li>\n<\/ul>\n[\/vc_column_text]<div class=\"cws_spacing cws_spacing_size_sm_desctop-on cws_spacing_tablet-on cws_spacing_mobile-on\"><div class=\"cws_spacing cws_spacing_default\" style=\"height:22px;\"><\/div> <div class=\"cws_spacing cws_spacing_size_sm_desctop\" style=\"height:10px;\"><\/div> <div class=\"cws_spacing cws_spacing_tablet\" style=\"height:0px;\"><\/div> <div class=\"cws_spacing cws_spacing_mobile\" style=\"height:0px;\"><\/div><\/div>[\/vc_column][\/vc_row][vc_row][vc_column]<div class=\"cws_spacing cws_spacing_size_sm_desctop-on cws_spacing_tablet-on cws_spacing_mobile-on\"><div class=\"cws_spacing cws_spacing_default\" style=\"height:42px;\"><\/div> <div class=\"cws_spacing cws_spacing_size_sm_desctop\" style=\"height:20px;\"><\/div> <div class=\"cws_spacing cws_spacing_tablet\" style=\"height:10px;\"><\/div> <div class=\"cws_spacing cws_spacing_mobile\" style=\"height:10px;\"><\/div><\/div>[\/vc_column][\/vc_row]\n<\/div>","protected":false},"excerpt":{"rendered":"<p>[vc_row el_class=&#8221;tekst&#8221;][vc_column][vc_column_text]Koncept projekta JPP obuhvata projektovanje, izgradnju, finansiranje i dugoro\u010dno upravljanje (DBFO) postrojenjima za preradu otpada. Od privatnog partnera se o\u010dekuje da u potpunosti obezbedi sredstva za finansiranje projekta, realizuje ga i garantuje dugoro\u010dni rad, u zamenu za naknadu koja \u00a0se ostvaruje nakon uspe\u0161no realizovane usluge. Ovakvi projekti omogu\u0107avaju vladama da iskoriste sredstva, stru\u010dnost i efikasnost privatnog sektora. Ugovorni model DBFO je dobar na\u010din da se osigura optimizacija projektovanja postrojenja, zavr\u0161etak izgradnje na vreme i u okviru planiranog bud\u017eeta, postizanje dugoro\u010dnih performansi, dok su svi rizici na privatnom partneru. Sve navedeno predstavlja uslove povra\u0107aja investicije. Ovaj projekat prevazilazi standardne benefite koje se ostvaruju primenom DBFO modela. Izme\u0111u ostalog, njegova realizacija omogu\u0107ava Beogradu da zatvori i sanira staru deponiju u Vin\u010di, \u0161to ne bi bilo ekonomski odr\u017eivo kao zaseban projekat: Obuhvat projekta JPP: sanacija deponije u Vin\u010di i njeno odr\u017eavanje nakon zatvaranja, preusmeravanje najmanje 200.000 tona otpada od gra\u0111enja i ru\u0161enja godi\u0161nje, ka novom recikla\u017enom postrojenju koje \u0107e proizvoditi materijal za izgradnju i nasipanje; preusmeravanje najmanje 340.000 tona komunalnog otpada godi\u0161nje u postrojenje za energetsko iskori\u0161\u0107enje komunalnog otpada isporu\u010duju\u0107i elektri\u010dnu energiju u elektroenergetski sistem, a toplotnu energiju u sistem daljinskog grejanja JKP Beogradske elektrane, izgradnja sanitarne deponije sa odgovaraju\u0107im sistemom za pre\u010di\u0161\u0107avanje procednih voda i sistemom za iskori\u0161\u0107enje deponijskog gasa, za odlaganje svih preostalih koli\u010dina komunalnog otpada, dok se potpuno ne uspostavi sistem razvrstavanja otpada na mestu nastanka, \u0161to \u0107e omogu\u0107iti porast stepena recikla\u017ee u Beogradu. [\/vc_column_text][\/vc_column][\/vc_row][vc_row][vc_column][\/vc_column][\/vc_row]<\/p>\n","protected":false},"author":1,"featured_media":0,"parent":4499,"menu_order":0,"comment_status":"closed","ping_status":"closed","template":"","meta":{"footnotes":""},"class_list":["post-4517","page","type-page","status-publish","hentry"],"distributor_meta":false,"distributor_terms":false,"distributor_media":false,"distributor_original_site_name":"Beo \u010cista Energija","distributor_original_site_url":"https:\/\/www.bcenergy.rs\/rs","push-errors":false,"_links":{"self":[{"href":"https:\/\/www.bcenergy.rs\/rs\/wp-json\/wp\/v2\/pages\/4517","targetHints":{"allow":["GET"]}}],"collection":[{"href":"https:\/\/www.bcenergy.rs\/rs\/wp-json\/wp\/v2\/pages"}],"about":[{"href":"https:\/\/www.bcenergy.rs\/rs\/wp-json\/wp\/v2\/types\/page"}],"author":[{"embeddable":true,"href":"https:\/\/www.bcenergy.rs\/rs\/wp-json\/wp\/v2\/users\/1"}],"replies":[{"embeddable":true,"href":"https:\/\/www.bcenergy.rs\/rs\/wp-json\/wp\/v2\/comments?post=4517"}],"version-history":[{"count":8,"href":"https:\/\/www.bcenergy.rs\/rs\/wp-json\/wp\/v2\/pages\/4517\/revisions"}],"predecessor-version":[{"id":5756,"href":"https:\/\/www.bcenergy.rs\/rs\/wp-json\/wp\/v2\/pages\/4517\/revisions\/5756"}],"up":[{"embeddable":true,"href":"https:\/\/www.bcenergy.rs\/rs\/wp-json\/wp\/v2\/pages\/4499"}],"wp:attachment":[{"href":"https:\/\/www.bcenergy.rs\/rs\/wp-json\/wp\/v2\/media?parent=4517"}],"curies":[{"name":"wp","href":"https:\/\/api.w.org\/{rel}","templated":true}]}}