

{"id":4520,"date":"2020-11-03T19:00:45","date_gmt":"2020-11-03T19:00:45","guid":{"rendered":"https:\/\/www.bcenergy.rs\/rs\/?page_id=4520"},"modified":"2025-05-07T13:39:19","modified_gmt":"2025-05-07T13:39:19","slug":"postrojenje-za-energetsko-iskoriscenje-komunalnog-otpada","status":"publish","type":"page","link":"https:\/\/www.bcenergy.rs\/rs\/projekat-jpp-u-oblasti-upravljanja-otpadom-u-beogradu\/obuhvat-projekta-jpp\/postrojenje-za-energetsko-iskoriscenje-komunalnog-otpada\/","title":{"rendered":"Postrojenje za energetsko iskori\u0161\u0107enje komunalnog otpada"},"content":{"rendered":"<div class=\"wpb-content-wrapper\">[vc_row el_class=&#8221;tekst&#8221;][vc_column]<div class='cws_textmodule cws_vc_shortcode_module' id='cws_textmodule_69de2d9b64e07'><div class='cws_textmodule_wrapper add_divider'><div class='cws_textmodule_text text_align_left'><div class='cws_textmodule_titles display_block'><h3 class='cws_textmodule_title'>Postrojenje za energetsko iskori\u0161\u0107enje komunalnog otpada<\/h3><\/div><\/div><\/div><\/div><div class=\"cws_spacing cws_spacing_size_sm_desctop-on cws_spacing_tablet-on cws_spacing_mobile-on\"><div class=\"cws_spacing cws_spacing_default\" style=\"height:22px;\"><\/div> <div class=\"cws_spacing cws_spacing_size_sm_desctop\" style=\"height:10px;\"><\/div> <div class=\"cws_spacing cws_spacing_tablet\" style=\"height:0px;\"><\/div> <div class=\"cws_spacing cws_spacing_mobile\" style=\"height:0px;\"><\/div><\/div><div id='cws_vc_shortcode_carousel_69de2d9b64e81'  class='cws_vc_shortcode_sc_carousel cws_sc_carousel cws_vc_shortcode_module arrows_default arrows_on_hover arrows_nav bullets_nav' data-columns='1'><div class='cws_vc_shortcode_sc_carousel_header clearfix'><div class='carousel_nav_panel'><span class='prev'><\/span><span class='next'><\/span><\/div><\/div><div class='cws_vc_shortcode_wrapper cws_wrapper'>[vc_single_image image=&#8221;6803&#8243; img_size=&#8221;1000&#215;563&#8243; add_caption=&#8221;yes&#8221; alignment=&#8221;center&#8221; onclick=&#8221;link_image&#8221;][vc_single_image image=&#8221;6804&#8243; img_size=&#8221;1000&#215;563&#8243; add_caption=&#8221;yes&#8221; alignment=&#8221;center&#8221; onclick=&#8221;link_image&#8221;][vc_single_image image=&#8221;6805&#8243; img_size=&#8221;1000&#215;563&#8243; add_caption=&#8221;yes&#8221; alignment=&#8221;center&#8221; onclick=&#8221;link_image&#8221;]<\/div><\/div><div class=\"cws_spacing cws_spacing_size_sm_desctop-on cws_spacing_tablet-on cws_spacing_mobile-on\"><div class=\"cws_spacing cws_spacing_default\" style=\"height:22px;\"><\/div> <div class=\"cws_spacing cws_spacing_size_sm_desctop\" style=\"height:10px;\"><\/div> <div class=\"cws_spacing cws_spacing_tablet\" style=\"height:0px;\"><\/div> <div class=\"cws_spacing cws_spacing_mobile\" style=\"height:0px;\"><\/div><\/div>[vc_column_text css=&#8221;&#8221;]Energetsko iskori\u0161\u0107enje komunalnog otpada ili proizvodnja energije iz otpada predstavlja proces proizvodnje elektri\u010dne energije odnosno toplotne energije termalnim tretmanom otpada. Otpad je obnovljiv izvor energije.<\/p>\n<p><strong>Postrojenje za energetsko iskori\u0161\u0107enje komunalnog otpada<\/strong>\u00a0pretvara otpad iz doma\u0107instava i sli\u010dni otpad u energiju u obliku pare, elektri\u010dne energije ili tople vode. Energetsko iskori\u0161\u0107enje otpada i recikla\u017ea su komplementarni na\u010dini prerade otpada u integralnim sistemima upravljanja otpadom i doprinose ostvarivanju cilja da se smanji koli\u010dina otpada koja se odla\u017ee na deponije.<\/p>\n<p>Insineracija otpada je sanitarni na\u010din prerade otpada kojim se smanjuje njegova zapremina za oko 90%. Postrojenja za energetsko iskori\u0161\u0107enje komunalnog otpada smanjuju emisije metana (gasa sa efektom staklene ba\u0161te koji ima 25 puta ve\u0107i uticaj od ugljen-dioksida) koje poti\u010du od odlaganja otpada na deponije i od zamene proizvodnje elektri\u010dne energije otpadom umesto fosilnim gorivima.<\/p>\n<p>Karakteristike postrojenja za energetsko iskori\u0161\u0107enje komunalnog otpada u okviru\u00a0<strong>projekta JPP u oblasti upravljanja otpadom u Beogradu<\/strong>:<\/p>\n<ul>\n<li>insinerator otpada sa bunkerom za prijem otpada i sistemom za sagorevanje otpada (tehnologija pokretne re\u0161etke sa vazdu\u0161nim hla\u0111enjem);<\/li>\n<li>kotao za rekuperaciju toplote i parna turbina sa generatorom koji omogu\u0107ava proizvodnju elektri\u010dne i toplotne energije;<\/li>\n<li>sistem za pre\u010di\u0161\u0107avanje dimnih gasova (suvi sistem sa hidratisanim kre\u010dom) koji omogu\u0107ava smanjenje koncentracije zaga\u0111iva\u010da u dimnim gasovima koji se ispu\u0161taju u atmosferu u skladu sa zahtevima revidirane (2019) Direktive o industrijskim emisijama 2010\/75\/EU i njenim grani\u010dnim vrednostima emisija;<\/li>\n<li>postrojenje za preradu \u0161ljake i pepela sa dna insineratora;<\/li>\n<li>postrojenje za preradu ostataka nakon pre\u010di\u0161\u0107avanja dimnih gasova (<em>APCR<\/em>): Predvi\u0111eno je da ovi ostaci pro\u0111u postupak stabilizacije i solidifikacije me\u0161anjem sa cementom i vezivnim sredstvima pre nego \u0161to se odlo\u017ee na deponiji za odlaganje ostataka;<\/li>\n<li>instalisana snaga od 56,5 MWth toplotne energije i 32,24 MWel elektri\u010dne energije.<\/li>\n<\/ul>\n<p><strong>Grani\u010dne vrednosti emisija<\/strong><\/p>\n<ul>\n<li>Postrojenje za energetsko iskori\u0161\u0107enje komunalnog otpada projektovano je i gradi se u skladu sa najboljim dostupnim tehnikama. U skladu sa tim, opremljeno je sa najnovijim tehni\u010dkim i tehnolo\u0161kim re\u0161enjima koja omogu\u0107avaju da se zadovolje strogi ekolo\u0161ki standardi EU.<\/li>\n<li>Svi parametri procesa koji se odvijaju u postrojenju se konstantno prate i optimizuju. Emisije \u00a0se prate \u00a0pomo\u0107u senzora na dimnjaku. Rad postrojenja konstantno nadzire tim stru\u010dnjaka, kao i ovla\u0161\u0107ene eksterne institucije.<\/li>\n<li>Vrednosti emisija dimnih gasova su uskla\u0111ene sa vrednostima propisanim Direktivom EU o industrijskim emisijama 2010\/75\/EK (IED).<\/li>\n<li>Sistem selektivne nekataliti\u010dke redukcije sa ubrizgavanjem te\u010dne uree i CNIM\/LAB \u201cSECOLAB\u201d tehnologija sa ubrizgavanjem suvih aditiva odabrani su da bi se po\u0161tovale grani\u010dne vrednosti definisane Direktivom EU.<\/li>\n<\/ul>\n<p>Proizvodnja elektri\u010dne i toplotne energije u ovom postrojenju omogu\u0107i\u0107e da se doma\u0107instva u Beogradu snabdevaju energijom iz obnovljivog izvora.[\/vc_column_text]<div class=\"cws_spacing cws_spacing_size_sm_desctop-on cws_spacing_tablet-on cws_spacing_mobile-on\"><div class=\"cws_spacing cws_spacing_default\" style=\"height:22px;\"><\/div> <div class=\"cws_spacing cws_spacing_size_sm_desctop\" style=\"height:10px;\"><\/div> <div class=\"cws_spacing cws_spacing_tablet\" style=\"height:0px;\"><\/div> <div class=\"cws_spacing cws_spacing_mobile\" style=\"height:0px;\"><\/div><\/div>[\/vc_column][\/vc_row][vc_row][vc_column][vc_video link=&#8221;https:\/\/youtu.be\/t8Mx0B-TeO4&#8243; css=&#8221;&#8221;][\/vc_column][\/vc_row][vc_row][vc_column]<div class=\"cws_spacing cws_spacing_size_sm_desctop-on cws_spacing_tablet-on cws_spacing_mobile-on\"><div class=\"cws_spacing cws_spacing_default\" style=\"height:42px;\"><\/div> <div class=\"cws_spacing cws_spacing_size_sm_desctop\" style=\"height:20px;\"><\/div> <div class=\"cws_spacing cws_spacing_tablet\" style=\"height:10px;\"><\/div> <div class=\"cws_spacing cws_spacing_mobile\" style=\"height:10px;\"><\/div><\/div>[\/vc_column][\/vc_row]\n<\/div>","protected":false},"excerpt":{"rendered":"<p>[vc_row el_class=&#8221;tekst&#8221;][vc_column][vc_column_text css=&#8221;&#8221;]Energetsko iskori\u0161\u0107enje komunalnog otpada ili proizvodnja energije iz otpada predstavlja proces proizvodnje elektri\u010dne energije odnosno toplotne energije termalnim tretmanom otpada. Otpad je obnovljiv izvor energije. Postrojenje za energetsko iskori\u0161\u0107enje komunalnog otpada\u00a0pretvara otpad iz doma\u0107instava i sli\u010dni otpad u energiju u obliku pare, elektri\u010dne energije ili tople vode. Energetsko iskori\u0161\u0107enje otpada i recikla\u017ea su komplementarni na\u010dini prerade otpada u integralnim sistemima upravljanja otpadom i doprinose ostvarivanju cilja da se smanji koli\u010dina otpada koja se odla\u017ee na deponije. Insineracija otpada je sanitarni na\u010din prerade otpada kojim se smanjuje njegova zapremina za oko 90%. Postrojenja za energetsko iskori\u0161\u0107enje komunalnog otpada smanjuju emisije metana (gasa sa efektom staklene ba\u0161te koji ima 25 puta ve\u0107i uticaj od ugljen-dioksida) koje poti\u010du od odlaganja otpada na deponije i od zamene proizvodnje elektri\u010dne energije otpadom umesto fosilnim gorivima. Karakteristike postrojenja za energetsko iskori\u0161\u0107enje komunalnog otpada u okviru\u00a0projekta JPP u oblasti upravljanja otpadom u Beogradu: insinerator otpada sa bunkerom za prijem otpada i sistemom za sagorevanje otpada (tehnologija pokretne re\u0161etke sa vazdu\u0161nim hla\u0111enjem); kotao za rekuperaciju toplote i parna turbina sa generatorom koji omogu\u0107ava proizvodnju elektri\u010dne i toplotne energije; sistem za pre\u010di\u0161\u0107avanje dimnih gasova (suvi sistem sa hidratisanim kre\u010dom) koji omogu\u0107ava smanjenje koncentracije zaga\u0111iva\u010da u dimnim gasovima koji se ispu\u0161taju u atmosferu u skladu sa zahtevima revidirane (2019) Direktive o industrijskim emisijama 2010\/75\/EU i njenim grani\u010dnim vrednostima emisija; postrojenje za preradu \u0161ljake i pepela sa dna insineratora; postrojenje za preradu ostataka nakon pre\u010di\u0161\u0107avanja dimnih gasova (APCR): Predvi\u0111eno je da ovi ostaci pro\u0111u postupak stabilizacije i solidifikacije me\u0161anjem sa cementom i vezivnim sredstvima pre nego \u0161to se odlo\u017ee na deponiji za odlaganje ostataka; instalisana snaga od 56,5 MWth toplotne energije i 32,24 MWel elektri\u010dne energije. Grani\u010dne vrednosti emisija Postrojenje za energetsko iskori\u0161\u0107enje komunalnog otpada projektovano je i gradi se u skladu sa najboljim dostupnim tehnikama. U skladu sa tim, opremljeno je sa najnovijim tehni\u010dkim i tehnolo\u0161kim re\u0161enjima koja omogu\u0107avaju da se zadovolje strogi ekolo\u0161ki standardi EU. Svi parametri procesa koji se odvijaju u postrojenju se konstantno prate i optimizuju. Emisije \u00a0se prate \u00a0pomo\u0107u senzora na dimnjaku. Rad postrojenja konstantno nadzire tim stru\u010dnjaka, kao i ovla\u0161\u0107ene eksterne institucije. Vrednosti emisija dimnih gasova su uskla\u0111ene sa vrednostima propisanim Direktivom EU o industrijskim emisijama 2010\/75\/EK (IED). Sistem selektivne nekataliti\u010dke redukcije sa ubrizgavanjem te\u010dne uree i CNIM\/LAB \u201cSECOLAB\u201d tehnologija sa ubrizgavanjem suvih aditiva odabrani su da bi se po\u0161tovale grani\u010dne vrednosti definisane Direktivom EU. Proizvodnja elektri\u010dne i toplotne energije u ovom postrojenju omogu\u0107i\u0107e da se doma\u0107instva u Beogradu snabdevaju energijom iz obnovljivog izvora.[\/vc_column_text][\/vc_column][\/vc_row][vc_row][vc_column][vc_video link=&#8221;https:\/\/youtu.be\/t8Mx0B-TeO4&#8243; css=&#8221;&#8221;][\/vc_column][\/vc_row][vc_row][vc_column][\/vc_column][\/vc_row]<\/p>\n","protected":false},"author":1,"featured_media":0,"parent":4517,"menu_order":0,"comment_status":"closed","ping_status":"closed","template":"","meta":{"footnotes":""},"class_list":["post-4520","page","type-page","status-publish","hentry"],"distributor_meta":false,"distributor_terms":false,"distributor_media":false,"distributor_original_site_name":"Beo \u010cista Energija","distributor_original_site_url":"https:\/\/www.bcenergy.rs\/rs","push-errors":false,"_links":{"self":[{"href":"https:\/\/www.bcenergy.rs\/rs\/wp-json\/wp\/v2\/pages\/4520","targetHints":{"allow":["GET"]}}],"collection":[{"href":"https:\/\/www.bcenergy.rs\/rs\/wp-json\/wp\/v2\/pages"}],"about":[{"href":"https:\/\/www.bcenergy.rs\/rs\/wp-json\/wp\/v2\/types\/page"}],"author":[{"embeddable":true,"href":"https:\/\/www.bcenergy.rs\/rs\/wp-json\/wp\/v2\/users\/1"}],"replies":[{"embeddable":true,"href":"https:\/\/www.bcenergy.rs\/rs\/wp-json\/wp\/v2\/comments?post=4520"}],"version-history":[{"count":52,"href":"https:\/\/www.bcenergy.rs\/rs\/wp-json\/wp\/v2\/pages\/4520\/revisions"}],"predecessor-version":[{"id":7204,"href":"https:\/\/www.bcenergy.rs\/rs\/wp-json\/wp\/v2\/pages\/4520\/revisions\/7204"}],"up":[{"embeddable":true,"href":"https:\/\/www.bcenergy.rs\/rs\/wp-json\/wp\/v2\/pages\/4517"}],"wp:attachment":[{"href":"https:\/\/www.bcenergy.rs\/rs\/wp-json\/wp\/v2\/media?parent=4520"}],"curies":[{"name":"wp","href":"https:\/\/api.w.org\/{rel}","templated":true}]}}