

{"id":4539,"date":"2020-11-03T19:22:21","date_gmt":"2020-11-03T19:22:21","guid":{"rendered":"https:\/\/www.bcenergy.rs\/rs\/?page_id=4539"},"modified":"2025-05-07T13:29:23","modified_gmt":"2025-05-07T13:29:23","slug":"postrojenje-za-preciscavanje-procednih-voda","status":"publish","type":"page","link":"https:\/\/www.bcenergy.rs\/rs\/projekat-jpp-u-oblasti-upravljanja-otpadom-u-beogradu\/obuhvat-projekta-jpp\/postrojenje-za-preciscavanje-procednih-voda\/","title":{"rendered":"Postrojenje za pre\u010di\u0161\u0107avanje procednih voda"},"content":{"rendered":"<div class=\"wpb-content-wrapper\">[vc_row el_class=&#8221;tekst&#8221;][vc_column]<div class='cws_textmodule cws_vc_shortcode_module' id='cws_textmodule_69d7630b330fc'><div class='cws_textmodule_wrapper add_divider'><div class='cws_textmodule_text text_align_left'><div class='cws_textmodule_titles display_block'><h3 class='cws_textmodule_title'>Postrojenje za pre\u010di\u0161\u0107avanje procednih voda \u2013 u fazi probnog rada<\/h3><\/div><\/div><\/div><\/div><div class=\"cws_spacing cws_spacing_size_sm_desctop-on cws_spacing_tablet-on cws_spacing_mobile-on\"><div class=\"cws_spacing cws_spacing_default\" style=\"height:22px;\"><\/div> <div class=\"cws_spacing cws_spacing_size_sm_desctop\" style=\"height:10px;\"><\/div> <div class=\"cws_spacing cws_spacing_tablet\" style=\"height:0px;\"><\/div> <div class=\"cws_spacing cws_spacing_mobile\" style=\"height:0px;\"><\/div><\/div><div id='cws_vc_shortcode_carousel_69d7630b33174'  class='cws_vc_shortcode_sc_carousel cws_sc_carousel cws_vc_shortcode_module arrows_default arrows_on_hover arrows_nav bullets_nav' data-columns='1'><div class='cws_vc_shortcode_sc_carousel_header clearfix'><div class='carousel_nav_panel'><span class='prev'><\/span><span class='next'><\/span><\/div><\/div><div class='cws_vc_shortcode_wrapper cws_wrapper'>[vc_single_image image=&#8221;6809&#8243; img_size=&#8221;1000&#215;563&#8243; add_caption=&#8221;yes&#8221; alignment=&#8221;center&#8221; onclick=&#8221;link_image&#8221;][vc_single_image image=&#8221;6810&#8243; img_size=&#8221;1000&#215;563&#8243; add_caption=&#8221;yes&#8221; alignment=&#8221;center&#8221; onclick=&#8221;link_image&#8221;][vc_single_image image=&#8221;6811&#8243; img_size=&#8221;1000&#215;563&#8243; add_caption=&#8221;yes&#8221; alignment=&#8221;center&#8221; onclick=&#8221;link_image&#8221;][vc_single_image image=&#8221;6812&#8243; img_size=&#8221;1000&#215;563&#8243; add_caption=&#8221;yes&#8221; alignment=&#8221;center&#8221; onclick=&#8221;link_image&#8221;][vc_single_image image=&#8221;6813&#8243; img_size=&#8221;1000&#215;563&#8243; add_caption=&#8221;yes&#8221; alignment=&#8221;center&#8221; onclick=&#8221;link_image&#8221;][vc_single_image image=&#8221;6814&#8243; img_size=&#8221;1000&#215;563&#8243; add_caption=&#8221;yes&#8221; alignment=&#8221;center&#8221; onclick=&#8221;link_image&#8221;][vc_single_image image=&#8221;6815&#8243; img_size=&#8221;1000&#215;563&#8243; add_caption=&#8221;yes&#8221; alignment=&#8221;center&#8221; onclick=&#8221;link_image&#8221;]<\/div><\/div><div class=\"cws_spacing cws_spacing_size_sm_desctop-on cws_spacing_tablet-on cws_spacing_mobile-on\"><div class=\"cws_spacing cws_spacing_default\" style=\"height:22px;\"><\/div> <div class=\"cws_spacing cws_spacing_size_sm_desctop\" style=\"height:10px;\"><\/div> <div class=\"cws_spacing cws_spacing_tablet\" style=\"height:0px;\"><\/div> <div class=\"cws_spacing cws_spacing_mobile\" style=\"height:0px;\"><\/div><\/div>[vc_column_text]Postrojenje za pre\u010di\u0161\u0107avanje procednih voda obuhvata:<\/p>\n<ul>\n<li>postrojenje za pre\u010di\u0161\u0107avanje procednih voda primenom obrnute osmoze;<\/li>\n<li>sistem za sakupljanje i odvo\u0111enje atmosferskih voda, procednih voda i deponijskog gasa;<\/li>\n<li>bazene za prikupljanje atmosferskih voda i bazeni\/lagune za prikupljanje procednih voda.<\/li>\n<\/ul>\n<p>Procedne vode \u0107e se sakupljati sa svih podru\u010dja u okviru kompleksa i usmeravati ka bazenima za procedne vode, koji imaju vodonepropusnu oblogu. Pri dimenzionisanju bazena kori\u0161\u0107ene su kontinualne ki\u0161e od 20 dana za povratni period od 25 godina.<\/p>\n<p>Postrojenje za pre\u010di\u0161\u0107avanje procednih voda je dimenzionisano na 90.000 m<sup>3<\/sup>\/godi\u0161nje, i sam proces se sastoji iz slede\u0107ih faza:<\/p>\n<ul>\n<li>prethodnog pre\u010di\u0161\u0107avanja\/predtretmana<\/li>\n<li>zaki\u0161eljavanja<\/li>\n<li>obrnute osmoze<\/li>\n<li>evaporacije (koncentrat obrnute osmoze se \u0161alje na vakuum upariva\u010d)<\/li>\n<li>zavr\u0161ne obrnute osmoze.<\/li>\n<\/ul>\n<p>Pu\u0161tanjem u rad ovog objekta, procedne vode ne\u0107e vi\u0161e zaga\u0111ivati O\u0161ljanski potok i O\u0161ljansku baru, okolno zemlji\u0161te i reku Dunav.[\/vc_column_text]<div class=\"cws_spacing cws_spacing_size_sm_desctop-on cws_spacing_tablet-on cws_spacing_mobile-on\"><div class=\"cws_spacing cws_spacing_default\" style=\"height:22px;\"><\/div> <div class=\"cws_spacing cws_spacing_size_sm_desctop\" style=\"height:10px;\"><\/div> <div class=\"cws_spacing cws_spacing_tablet\" style=\"height:0px;\"><\/div> <div class=\"cws_spacing cws_spacing_mobile\" style=\"height:0px;\"><\/div><\/div>[\/vc_column][\/vc_row][vc_row][vc_column][vc_video link=&#8221;https:\/\/youtu.be\/jZzzRun_2kQ&#8221; css=&#8221;&#8221;][\/vc_column][\/vc_row][vc_row][vc_column]<div class=\"cws_spacing cws_spacing_size_sm_desctop-on cws_spacing_tablet-on cws_spacing_mobile-on\"><div class=\"cws_spacing cws_spacing_default\" style=\"height:42px;\"><\/div> <div class=\"cws_spacing cws_spacing_size_sm_desctop\" style=\"height:20px;\"><\/div> <div class=\"cws_spacing cws_spacing_tablet\" style=\"height:10px;\"><\/div> <div class=\"cws_spacing cws_spacing_mobile\" style=\"height:10px;\"><\/div><\/div>[\/vc_column][\/vc_row]\n<\/div>","protected":false},"excerpt":{"rendered":"<p>[vc_row el_class=&#8221;tekst&#8221;][vc_column][vc_column_text]Postrojenje za pre\u010di\u0161\u0107avanje procednih voda obuhvata: postrojenje za pre\u010di\u0161\u0107avanje procednih voda primenom obrnute osmoze; sistem za sakupljanje i odvo\u0111enje atmosferskih voda, procednih voda i deponijskog gasa; bazene za prikupljanje atmosferskih voda i bazeni\/lagune za prikupljanje procednih voda. Procedne vode \u0107e se sakupljati sa svih podru\u010dja u okviru kompleksa i usmeravati ka bazenima za procedne vode, koji imaju vodonepropusnu oblogu. Pri dimenzionisanju bazena kori\u0161\u0107ene su kontinualne ki\u0161e od 20 dana za povratni period od 25 godina. Postrojenje za pre\u010di\u0161\u0107avanje procednih voda je dimenzionisano na 90.000 m3\/godi\u0161nje, i sam proces se sastoji iz slede\u0107ih faza: prethodnog pre\u010di\u0161\u0107avanja\/predtretmana zaki\u0161eljavanja obrnute osmoze evaporacije (koncentrat obrnute osmoze se \u0161alje na vakuum upariva\u010d) zavr\u0161ne obrnute osmoze. Pu\u0161tanjem u rad ovog objekta, procedne vode ne\u0107e vi\u0161e zaga\u0111ivati O\u0161ljanski potok i O\u0161ljansku baru, okolno zemlji\u0161te i reku Dunav.[\/vc_column_text][\/vc_column][\/vc_row][vc_row][vc_column][vc_video link=&#8221;https:\/\/youtu.be\/jZzzRun_2kQ&#8221; css=&#8221;&#8221;][\/vc_column][\/vc_row][vc_row][vc_column][\/vc_column][\/vc_row]<\/p>\n","protected":false},"author":1,"featured_media":0,"parent":4517,"menu_order":0,"comment_status":"closed","ping_status":"closed","template":"","meta":{"footnotes":""},"class_list":["post-4539","page","type-page","status-publish","hentry"],"distributor_meta":false,"distributor_terms":false,"distributor_media":false,"distributor_original_site_name":"Beo \u010cista Energija","distributor_original_site_url":"https:\/\/www.bcenergy.rs\/rs","push-errors":false,"_links":{"self":[{"href":"https:\/\/www.bcenergy.rs\/rs\/wp-json\/wp\/v2\/pages\/4539","targetHints":{"allow":["GET"]}}],"collection":[{"href":"https:\/\/www.bcenergy.rs\/rs\/wp-json\/wp\/v2\/pages"}],"about":[{"href":"https:\/\/www.bcenergy.rs\/rs\/wp-json\/wp\/v2\/types\/page"}],"author":[{"embeddable":true,"href":"https:\/\/www.bcenergy.rs\/rs\/wp-json\/wp\/v2\/users\/1"}],"replies":[{"embeddable":true,"href":"https:\/\/www.bcenergy.rs\/rs\/wp-json\/wp\/v2\/comments?post=4539"}],"version-history":[{"count":37,"href":"https:\/\/www.bcenergy.rs\/rs\/wp-json\/wp\/v2\/pages\/4539\/revisions"}],"predecessor-version":[{"id":7201,"href":"https:\/\/www.bcenergy.rs\/rs\/wp-json\/wp\/v2\/pages\/4539\/revisions\/7201"}],"up":[{"embeddable":true,"href":"https:\/\/www.bcenergy.rs\/rs\/wp-json\/wp\/v2\/pages\/4517"}],"wp:attachment":[{"href":"https:\/\/www.bcenergy.rs\/rs\/wp-json\/wp\/v2\/media?parent=4539"}],"curies":[{"name":"wp","href":"https:\/\/api.w.org\/{rel}","templated":true}]}}