

{"id":4544,"date":"2020-11-03T19:25:06","date_gmt":"2020-11-03T19:25:06","guid":{"rendered":"https:\/\/www.bcenergy.rs\/rs\/?page_id=4544"},"modified":"2025-05-07T13:35:04","modified_gmt":"2025-05-07T13:35:04","slug":"postrojenje-za-reciklazu-otpada-od-gradenja-i-rusenja","status":"publish","type":"page","link":"https:\/\/www.bcenergy.rs\/rs\/projekat-jpp-u-oblasti-upravljanja-otpadom-u-beogradu\/obuhvat-projekta-jpp\/postrojenje-za-reciklazu-otpada-od-gradenja-i-rusenja\/","title":{"rendered":"Postrojenje za recikla\u017eu otpada od gra\u0111enja i ru\u0161enja"},"content":{"rendered":"<div class=\"wpb-content-wrapper\">[vc_row el_class=&#8221;tekst&#8221;][vc_column]<div class='cws_textmodule cws_vc_shortcode_module' id='cws_textmodule_69de2d3a1c6b3'><div class='cws_textmodule_wrapper add_divider'><div class='cws_textmodule_text text_align_left'><div class='cws_textmodule_titles display_block'><h3 class='cws_textmodule_title'>Postrojenje za recikla\u017eu otpada od gra\u0111enja i ru\u0161enja<\/h3><\/div><\/div><\/div><\/div><div id='cws_vc_shortcode_carousel_69de2d3a1c732'  class='cws_vc_shortcode_sc_carousel cws_sc_carousel cws_vc_shortcode_module arrows_default arrows_on_hover arrows_nav bullets_nav' data-columns='1'><div class='cws_vc_shortcode_sc_carousel_header clearfix'><div class='carousel_nav_panel'><span class='prev'><\/span><span class='next'><\/span><\/div><\/div><div class='cws_vc_shortcode_wrapper cws_wrapper'>[vc_single_image image=&#8221;6806&#8243; img_size=&#8221;1000&#215;563&#8243; add_caption=&#8221;yes&#8221; alignment=&#8221;center&#8221; onclick=&#8221;link_image&#8221;][vc_single_image image=&#8221;6807&#8243; img_size=&#8221;1000&#215;563&#8243; add_caption=&#8221;yes&#8221; alignment=&#8221;center&#8221; onclick=&#8221;link_image&#8221;][vc_single_image image=&#8221;6808&#8243; img_size=&#8221;1000&#215;563&#8243; add_caption=&#8221;yes&#8221; alignment=&#8221;center&#8221; onclick=&#8221;link_image&#8221;]<\/div><\/div><div class=\"cws_spacing cws_spacing_size_sm_desctop-on cws_spacing_tablet-on cws_spacing_mobile-on\"><div class=\"cws_spacing cws_spacing_default\" style=\"height:22px;\"><\/div> <div class=\"cws_spacing cws_spacing_size_sm_desctop\" style=\"height:10px;\"><\/div> <div class=\"cws_spacing cws_spacing_tablet\" style=\"height:0px;\"><\/div> <div class=\"cws_spacing cws_spacing_mobile\" style=\"height:0px;\"><\/div><\/div><div class=\"cws_spacing cws_spacing_size_sm_desctop-on cws_spacing_tablet-on cws_spacing_mobile-on\"><div class=\"cws_spacing cws_spacing_default\" style=\"height:22px;\"><\/div> <div class=\"cws_spacing cws_spacing_size_sm_desctop\" style=\"height:10px;\"><\/div> <div class=\"cws_spacing cws_spacing_tablet\" style=\"height:0px;\"><\/div> <div class=\"cws_spacing cws_spacing_mobile\" style=\"height:0px;\"><\/div><\/div>[vc_column_text]Postrojenje za recikla\u017eu otpada od gra\u0111enja i ru\u0161enja sastoji se od drobili\u010dnog postrojenja za inertni otpad od gra\u0111enja i ru\u0161enja sa ciljem iskori\u0161\u0107enja otpada od gra\u0111enja i ru\u0161enja i privremeno skladi\u0161tenje recikliranog inertnog otpada od gra\u0111enja i ru\u0161enja (spremnog za otkup i preuzimanje).<\/p>\n<p>Sam proces se sastoji od:<\/p>\n<ul>\n<li>prijema otpada od gra\u0111enja i ru\u0161enja<\/li>\n<li>grubog sortiranja otpada od gra\u0111enja i ru\u0161enja<\/li>\n<li>drobljenja i prosejavanja inertnog otpada na razli\u010dite frakcije za proizvodnju:\n<ul>\n<li>granulata,<\/li>\n<li>materijala za podloge za puteve (nevezani nose\u0107i sloj),<\/li>\n<li>materijala za nasipe, itd.,<\/li>\n<\/ul>\n<\/li>\n<li>skladi\u0161tenje \u010diste zemlje na za to odre\u0111enom prostoru za ponovno kori\u0161\u0107enje za nasipanje\/pokrivku.<\/li>\n<\/ul>\n<p>Ovo postrojenje je pu\u0161teno je u rad 17. avgusta 2021. godine i \u00a0jedino je koje ima recikla\u017eni karakter u okviru kompleksa. Kapacitet postrojenja je 200.000 tona otpada od gra\u0111enja i ru\u0161enja.[\/vc_column_text]<div class=\"cws_spacing cws_spacing_size_sm_desctop-on cws_spacing_tablet-on cws_spacing_mobile-on\"><div class=\"cws_spacing cws_spacing_default\" style=\"height:22px;\"><\/div> <div class=\"cws_spacing cws_spacing_size_sm_desctop\" style=\"height:10px;\"><\/div> <div class=\"cws_spacing cws_spacing_tablet\" style=\"height:0px;\"><\/div> <div class=\"cws_spacing cws_spacing_mobile\" style=\"height:0px;\"><\/div><\/div>[\/vc_column][\/vc_row][vc_row][vc_column][vc_video link=&#8221;https:\/\/youtu.be\/AyTeAsHelas&#8221; css=&#8221;&#8221;][\/vc_column][\/vc_row][vc_row][vc_column]<div class=\"cws_spacing cws_spacing_size_sm_desctop-on cws_spacing_tablet-on cws_spacing_mobile-on\"><div class=\"cws_spacing cws_spacing_default\" style=\"height:42px;\"><\/div> <div class=\"cws_spacing cws_spacing_size_sm_desctop\" style=\"height:20px;\"><\/div> <div class=\"cws_spacing cws_spacing_tablet\" style=\"height:10px;\"><\/div> <div class=\"cws_spacing cws_spacing_mobile\" style=\"height:10px;\"><\/div><\/div>[\/vc_column][\/vc_row]\n<\/div>","protected":false},"excerpt":{"rendered":"<p>[vc_row el_class=&#8221;tekst&#8221;][vc_column][vc_column_text]Postrojenje za recikla\u017eu otpada od gra\u0111enja i ru\u0161enja sastoji se od drobili\u010dnog postrojenja za inertni otpad od gra\u0111enja i ru\u0161enja sa ciljem iskori\u0161\u0107enja otpada od gra\u0111enja i ru\u0161enja i privremeno skladi\u0161tenje recikliranog inertnog otpada od gra\u0111enja i ru\u0161enja (spremnog za otkup i preuzimanje). Sam proces se sastoji od: prijema otpada od gra\u0111enja i ru\u0161enja grubog sortiranja otpada od gra\u0111enja i ru\u0161enja drobljenja i prosejavanja inertnog otpada na razli\u010dite frakcije za proizvodnju: granulata, materijala za podloge za puteve (nevezani nose\u0107i sloj), materijala za nasipe, itd., skladi\u0161tenje \u010diste zemlje na za to odre\u0111enom prostoru za ponovno kori\u0161\u0107enje za nasipanje\/pokrivku. Ovo postrojenje je pu\u0161teno je u rad 17. avgusta 2021. godine i \u00a0jedino je koje ima recikla\u017eni karakter u okviru kompleksa. Kapacitet postrojenja je 200.000 tona otpada od gra\u0111enja i ru\u0161enja.[\/vc_column_text][\/vc_column][\/vc_row][vc_row][vc_column][vc_video link=&#8221;https:\/\/youtu.be\/AyTeAsHelas&#8221; css=&#8221;&#8221;][\/vc_column][\/vc_row][vc_row][vc_column][\/vc_column][\/vc_row]<\/p>\n","protected":false},"author":1,"featured_media":0,"parent":4517,"menu_order":0,"comment_status":"closed","ping_status":"closed","template":"","meta":{"footnotes":""},"class_list":["post-4544","page","type-page","status-publish","hentry"],"distributor_meta":false,"distributor_terms":false,"distributor_media":false,"distributor_original_site_name":"Beo \u010cista Energija","distributor_original_site_url":"https:\/\/www.bcenergy.rs\/rs","push-errors":false,"_links":{"self":[{"href":"https:\/\/www.bcenergy.rs\/rs\/wp-json\/wp\/v2\/pages\/4544","targetHints":{"allow":["GET"]}}],"collection":[{"href":"https:\/\/www.bcenergy.rs\/rs\/wp-json\/wp\/v2\/pages"}],"about":[{"href":"https:\/\/www.bcenergy.rs\/rs\/wp-json\/wp\/v2\/types\/page"}],"author":[{"embeddable":true,"href":"https:\/\/www.bcenergy.rs\/rs\/wp-json\/wp\/v2\/users\/1"}],"replies":[{"embeddable":true,"href":"https:\/\/www.bcenergy.rs\/rs\/wp-json\/wp\/v2\/comments?post=4544"}],"version-history":[{"count":41,"href":"https:\/\/www.bcenergy.rs\/rs\/wp-json\/wp\/v2\/pages\/4544\/revisions"}],"predecessor-version":[{"id":7202,"href":"https:\/\/www.bcenergy.rs\/rs\/wp-json\/wp\/v2\/pages\/4544\/revisions\/7202"}],"up":[{"embeddable":true,"href":"https:\/\/www.bcenergy.rs\/rs\/wp-json\/wp\/v2\/pages\/4517"}],"wp:attachment":[{"href":"https:\/\/www.bcenergy.rs\/rs\/wp-json\/wp\/v2\/media?parent=4544"}],"curies":[{"name":"wp","href":"https:\/\/api.w.org\/{rel}","templated":true}]}}