

{"id":4547,"date":"2020-11-03T19:28:22","date_gmt":"2020-11-03T19:28:22","guid":{"rendered":"https:\/\/www.bcenergy.rs\/rs\/?page_id=4547"},"modified":"2025-05-07T13:37:27","modified_gmt":"2025-05-07T13:37:27","slug":"nova-deponija","status":"publish","type":"page","link":"https:\/\/www.bcenergy.rs\/rs\/projekat-jpp-u-oblasti-upravljanja-otpadom-u-beogradu\/obuhvat-projekta-jpp\/nova-deponija\/","title":{"rendered":"Nova deponija"},"content":{"rendered":"<div class=\"wpb-content-wrapper\">[vc_row el_class=&#8221;tekst&#8221;][vc_column]<div class='cws_textmodule cws_vc_shortcode_module' id='cws_textmodule_69de2d4b3ddcb'><div class='cws_textmodule_wrapper add_divider'><div class='cws_textmodule_text text_align_left'><div class='cws_textmodule_titles display_block'><h3 class='cws_textmodule_title'>Nova deponija<\/h3><\/div><\/div><\/div><\/div><div class=\"cws_spacing cws_spacing_size_sm_desctop-on cws_spacing_tablet-on cws_spacing_mobile-on\"><div class=\"cws_spacing cws_spacing_default\" style=\"height:22px;\"><\/div> <div class=\"cws_spacing cws_spacing_size_sm_desctop\" style=\"height:10px;\"><\/div> <div class=\"cws_spacing cws_spacing_tablet\" style=\"height:0px;\"><\/div> <div class=\"cws_spacing cws_spacing_mobile\" style=\"height:0px;\"><\/div><\/div><div id='cws_vc_shortcode_carousel_69de2d4b3de4c'  class='cws_vc_shortcode_sc_carousel cws_sc_carousel cws_vc_shortcode_module arrows_default arrows_on_hover arrows_nav bullets_nav' data-columns='1'><div class='cws_vc_shortcode_sc_carousel_header clearfix'><div class='carousel_nav_panel'><span class='prev'><\/span><span class='next'><\/span><\/div><\/div><div class='cws_vc_shortcode_wrapper cws_wrapper'>[vc_single_image image=&#8221;6817&#8243; img_size=&#8221;1000&#215;563&#8243; add_caption=&#8221;yes&#8221; alignment=&#8221;center&#8221; onclick=&#8221;link_image&#8221;][vc_single_image image=&#8221;6818&#8243; img_size=&#8221;1000&#215;563&#8243; add_caption=&#8221;yes&#8221; alignment=&#8221;center&#8221; onclick=&#8221;link_image&#8221;][vc_single_image image=&#8221;6819&#8243; img_size=&#8221;1000&#215;563&#8243; add_caption=&#8221;yes&#8221; alignment=&#8221;center&#8221; onclick=&#8221;link_image&#8221;]<\/div><\/div><div class=\"cws_spacing cws_spacing_size_sm_desctop-on cws_spacing_tablet-on cws_spacing_mobile-on\"><div class=\"cws_spacing cws_spacing_default\" style=\"height:22px;\"><\/div> <div class=\"cws_spacing cws_spacing_size_sm_desctop\" style=\"height:10px;\"><\/div> <div class=\"cws_spacing cws_spacing_tablet\" style=\"height:0px;\"><\/div> <div class=\"cws_spacing cws_spacing_mobile\" style=\"height:0px;\"><\/div><\/div>[vc_column_text]Grad Beograd je u svom Lokalnom planu upravljanja otpadom za period 2011-2020. godine predvideo unapre\u0111enje praksi sakupljanja i odvo\u017eenja otpada, kao i pove\u0107anje ponovne upotrebe i recikla\u017ee otpada, izgradnju postrojenja za tretman otpada (uklju\u010duju\u0107i energetsko iskori\u0161\u0107enje otpada), sanaciju postoje\u0107e deponije i izgradnju nove sanitarne deponije u Vin\u010di.<\/p>\n<p>Kapacitet nove sanitarne deponije u okviru projekta JPP u oblasti upravljanja otpadom u Beogradu je 5.500.000 tona otpada za kona\u010dno odlaganje neprera\u0111enog preostalog komunalnog otpada i ostatke nastale nakon prerade otpada.<\/p>\n<p>Nova deponija je izgra\u0111ena u skladu sa va\u017ee\u0107im propisima Republike Srbije koji su uskla\u0111eni sa direktivama EU. Cela deponija je oblo\u017eena vodonepropusnim geosinteti\u010dkim materijalom koji spre\u010dava nekontrolisano curenje procednih voda u okolno zemlji\u0161te, koja se cevovodima transportuje do postrojenja za pre\u010di\u0161\u0107avanje procednih voda. Predvi\u0111eni su slede\u0107i slojevi za oblaganje dna deponije (od vrha ka dnu):<\/p>\n<ul>\n<li>drena\u017eni sloj od \u0161ljunka, debljine 50 cm;<\/li>\n<li>sloj geotekstila;<\/li>\n<li>obloga od polietilena visoke gustine, debljine 2 mm;<\/li>\n<li>sloj od glinovitog materijala sa maksimalnim koeficijentom vodopropusnosti K\u2264 1,0 x 10<sup>-9<\/sup> m\/s, debljine 50cm;<\/li>\n<li>prirodno zemlji\u0161te.<\/li>\n<\/ul>\n<p>Nova sanitarna deponija pu\u0161tena je u rad 2. avgusta 2021. godine.[\/vc_column_text]<div class=\"cws_spacing cws_spacing_size_sm_desctop-on cws_spacing_tablet-on cws_spacing_mobile-on\"><div class=\"cws_spacing cws_spacing_default\" style=\"height:22px;\"><\/div> <div class=\"cws_spacing cws_spacing_size_sm_desctop\" style=\"height:10px;\"><\/div> <div class=\"cws_spacing cws_spacing_tablet\" style=\"height:0px;\"><\/div> <div class=\"cws_spacing cws_spacing_mobile\" style=\"height:0px;\"><\/div><\/div>[\/vc_column][\/vc_row][vc_row][vc_column][vc_video link=&#8221;https:\/\/youtu.be\/Jo9F43Xwq0I&#8221; css=&#8221;&#8221;][\/vc_column][\/vc_row][vc_row][vc_column]<div class=\"cws_spacing cws_spacing_size_sm_desctop-on cws_spacing_tablet-on cws_spacing_mobile-on\"><div class=\"cws_spacing cws_spacing_default\" style=\"height:42px;\"><\/div> <div class=\"cws_spacing cws_spacing_size_sm_desctop\" style=\"height:20px;\"><\/div> <div class=\"cws_spacing cws_spacing_tablet\" style=\"height:10px;\"><\/div> <div class=\"cws_spacing cws_spacing_mobile\" style=\"height:10px;\"><\/div><\/div>[\/vc_column][\/vc_row]\n<\/div>","protected":false},"excerpt":{"rendered":"<p>[vc_row el_class=&#8221;tekst&#8221;][vc_column][vc_column_text]Grad Beograd je u svom Lokalnom planu upravljanja otpadom za period 2011-2020. godine predvideo unapre\u0111enje praksi sakupljanja i odvo\u017eenja otpada, kao i pove\u0107anje ponovne upotrebe i recikla\u017ee otpada, izgradnju postrojenja za tretman otpada (uklju\u010duju\u0107i energetsko iskori\u0161\u0107enje otpada), sanaciju postoje\u0107e deponije i izgradnju nove sanitarne deponije u Vin\u010di. Kapacitet nove sanitarne deponije u okviru projekta JPP u oblasti upravljanja otpadom u Beogradu je 5.500.000 tona otpada za kona\u010dno odlaganje neprera\u0111enog preostalog komunalnog otpada i ostatke nastale nakon prerade otpada. Nova deponija je izgra\u0111ena u skladu sa va\u017ee\u0107im propisima Republike Srbije koji su uskla\u0111eni sa direktivama EU. Cela deponija je oblo\u017eena vodonepropusnim geosinteti\u010dkim materijalom koji spre\u010dava nekontrolisano curenje procednih voda u okolno zemlji\u0161te, koja se cevovodima transportuje do postrojenja za pre\u010di\u0161\u0107avanje procednih voda. Predvi\u0111eni su slede\u0107i slojevi za oblaganje dna deponije (od vrha ka dnu): drena\u017eni sloj od \u0161ljunka, debljine 50 cm; sloj geotekstila; obloga od polietilena visoke gustine, debljine 2 mm; sloj od glinovitog materijala sa maksimalnim koeficijentom vodopropusnosti K\u2264 1,0 x 10-9 m\/s, debljine 50cm; prirodno zemlji\u0161te. Nova sanitarna deponija pu\u0161tena je u rad 2. avgusta 2021. godine.[\/vc_column_text][\/vc_column][\/vc_row][vc_row][vc_column][vc_video link=&#8221;https:\/\/youtu.be\/Jo9F43Xwq0I&#8221; css=&#8221;&#8221;][\/vc_column][\/vc_row][vc_row][vc_column][\/vc_column][\/vc_row]<\/p>\n","protected":false},"author":1,"featured_media":0,"parent":4517,"menu_order":0,"comment_status":"closed","ping_status":"closed","template":"","meta":{"footnotes":""},"class_list":["post-4547","page","type-page","status-publish","hentry"],"distributor_meta":false,"distributor_terms":false,"distributor_media":false,"distributor_original_site_name":"Beo \u010cista Energija","distributor_original_site_url":"https:\/\/www.bcenergy.rs\/rs","push-errors":false,"_links":{"self":[{"href":"https:\/\/www.bcenergy.rs\/rs\/wp-json\/wp\/v2\/pages\/4547","targetHints":{"allow":["GET"]}}],"collection":[{"href":"https:\/\/www.bcenergy.rs\/rs\/wp-json\/wp\/v2\/pages"}],"about":[{"href":"https:\/\/www.bcenergy.rs\/rs\/wp-json\/wp\/v2\/types\/page"}],"author":[{"embeddable":true,"href":"https:\/\/www.bcenergy.rs\/rs\/wp-json\/wp\/v2\/users\/1"}],"replies":[{"embeddable":true,"href":"https:\/\/www.bcenergy.rs\/rs\/wp-json\/wp\/v2\/comments?post=4547"}],"version-history":[{"count":37,"href":"https:\/\/www.bcenergy.rs\/rs\/wp-json\/wp\/v2\/pages\/4547\/revisions"}],"predecessor-version":[{"id":7203,"href":"https:\/\/www.bcenergy.rs\/rs\/wp-json\/wp\/v2\/pages\/4547\/revisions\/7203"}],"up":[{"embeddable":true,"href":"https:\/\/www.bcenergy.rs\/rs\/wp-json\/wp\/v2\/pages\/4517"}],"wp:attachment":[{"href":"https:\/\/www.bcenergy.rs\/rs\/wp-json\/wp\/v2\/media?parent=4547"}],"curies":[{"name":"wp","href":"https:\/\/api.w.org\/{rel}","templated":true}]}}