

{"id":4550,"date":"2020-11-03T19:29:54","date_gmt":"2020-11-03T19:29:54","guid":{"rendered":"https:\/\/www.bcenergy.rs\/rs\/?page_id=4550"},"modified":"2021-12-16T10:28:46","modified_gmt":"2021-12-16T10:28:46","slug":"saobracajna-infrastruktura","status":"publish","type":"page","link":"https:\/\/www.bcenergy.rs\/rs\/projekat-jpp-u-oblasti-upravljanja-otpadom-u-beogradu\/obuhvat-projekta-jpp\/saobracajna-infrastruktura\/","title":{"rendered":"Saobra\u0107ajna infrastruktura"},"content":{"rendered":"<div class=\"wpb-content-wrapper\">[vc_row el_class=&#8221;tekst&#8221;][vc_column]<div class='cws_textmodule cws_vc_shortcode_module' id='cws_textmodule_69de2d4b0c909'><div class='cws_textmodule_wrapper add_divider'><div class='cws_textmodule_text text_align_left'><div class='cws_textmodule_titles display_block'><h3 class='cws_textmodule_title'>Saobra\u0107ajna infrastruktura<\/h3><\/div><\/div><\/div><\/div><div class=\"cws_spacing cws_spacing_size_sm_desctop-on cws_spacing_tablet-on cws_spacing_mobile-on\"><div class=\"cws_spacing cws_spacing_default\" style=\"height:22px;\"><\/div> <div class=\"cws_spacing cws_spacing_size_sm_desctop\" style=\"height:10px;\"><\/div> <div class=\"cws_spacing cws_spacing_tablet\" style=\"height:0px;\"><\/div> <div class=\"cws_spacing cws_spacing_mobile\" style=\"height:0px;\"><\/div><\/div>[vc_column_text]U okviru integralnog centra za upravljanje otpadom u Vin\u010di, izgra\u0111ena je potpuno nova infrastruktura\u00a0 koja obuhvata:<\/p>\n<ul>\n<li>pristupne i unutra\u0161nje saobra\u0107ajnice;<\/li>\n<li>operativne objekte;<\/li>\n<li>kontrolnu zonu na ulazu koja obuhvata kolske vage, supervizorsku stanicu i parking;<\/li>\n<li>unutra\u0161nje kolske vage;<\/li>\n<li>operativnu platformu koja obuhvata zonu za \u010di\u0161\u0107enje i parkiranje ma\u0161ina za rad, parking za laka vozila, i objekat za odr\u017eavanje mehanizacije.<\/li>\n<\/ul>\n[\/vc_column_text]<div class=\"cws_spacing cws_spacing_size_sm_desctop-on cws_spacing_tablet-on cws_spacing_mobile-on\"><div class=\"cws_spacing cws_spacing_default\" style=\"height:22px;\"><\/div> <div class=\"cws_spacing cws_spacing_size_sm_desctop\" style=\"height:10px;\"><\/div> <div class=\"cws_spacing cws_spacing_tablet\" style=\"height:0px;\"><\/div> <div class=\"cws_spacing cws_spacing_mobile\" style=\"height:0px;\"><\/div><\/div>[\/vc_column][\/vc_row][vc_row][vc_column]<div class=\"cws_spacing cws_spacing_size_sm_desctop-on cws_spacing_tablet-on cws_spacing_mobile-on\"><div class=\"cws_spacing cws_spacing_default\" style=\"height:42px;\"><\/div> <div class=\"cws_spacing cws_spacing_size_sm_desctop\" style=\"height:20px;\"><\/div> <div class=\"cws_spacing cws_spacing_tablet\" style=\"height:10px;\"><\/div> <div class=\"cws_spacing cws_spacing_mobile\" style=\"height:10px;\"><\/div><\/div>[\/vc_column][\/vc_row]\n<\/div>","protected":false},"excerpt":{"rendered":"<p>[vc_row el_class=&#8221;tekst&#8221;][vc_column][vc_column_text]U okviru integralnog centra za upravljanje otpadom u Vin\u010di, izgra\u0111ena je potpuno nova infrastruktura\u00a0 koja obuhvata: pristupne i unutra\u0161nje saobra\u0107ajnice; operativne objekte; kontrolnu zonu na ulazu koja obuhvata kolske vage, supervizorsku stanicu i parking; unutra\u0161nje kolske vage; operativnu platformu koja obuhvata zonu za \u010di\u0161\u0107enje i parkiranje ma\u0161ina za rad, parking za laka vozila, i objekat za odr\u017eavanje mehanizacije. [\/vc_column_text][\/vc_column][\/vc_row][vc_row][vc_column][\/vc_column][\/vc_row]<\/p>\n","protected":false},"author":1,"featured_media":0,"parent":4517,"menu_order":0,"comment_status":"closed","ping_status":"closed","template":"","meta":{"footnotes":""},"class_list":["post-4550","page","type-page","status-publish","hentry"],"distributor_meta":false,"distributor_terms":false,"distributor_media":false,"distributor_original_site_name":"Beo \u010cista Energija","distributor_original_site_url":"https:\/\/www.bcenergy.rs\/rs","push-errors":false,"_links":{"self":[{"href":"https:\/\/www.bcenergy.rs\/rs\/wp-json\/wp\/v2\/pages\/4550","targetHints":{"allow":["GET"]}}],"collection":[{"href":"https:\/\/www.bcenergy.rs\/rs\/wp-json\/wp\/v2\/pages"}],"about":[{"href":"https:\/\/www.bcenergy.rs\/rs\/wp-json\/wp\/v2\/types\/page"}],"author":[{"embeddable":true,"href":"https:\/\/www.bcenergy.rs\/rs\/wp-json\/wp\/v2\/users\/1"}],"replies":[{"embeddable":true,"href":"https:\/\/www.bcenergy.rs\/rs\/wp-json\/wp\/v2\/comments?post=4550"}],"version-history":[{"count":7,"href":"https:\/\/www.bcenergy.rs\/rs\/wp-json\/wp\/v2\/pages\/4550\/revisions"}],"predecessor-version":[{"id":5612,"href":"https:\/\/www.bcenergy.rs\/rs\/wp-json\/wp\/v2\/pages\/4550\/revisions\/5612"}],"up":[{"embeddable":true,"href":"https:\/\/www.bcenergy.rs\/rs\/wp-json\/wp\/v2\/pages\/4517"}],"wp:attachment":[{"href":"https:\/\/www.bcenergy.rs\/rs\/wp-json\/wp\/v2\/media?parent=4550"}],"curies":[{"name":"wp","href":"https:\/\/api.w.org\/{rel}","templated":true}]}}