

{"id":4571,"date":"2020-11-04T18:11:19","date_gmt":"2020-11-04T18:11:19","guid":{"rendered":"https:\/\/www.bcenergy.rs\/rs\/?page_id=4571"},"modified":"2023-09-07T10:38:11","modified_gmt":"2023-09-07T10:38:11","slug":"prituzbe","status":"publish","type":"page","link":"https:\/\/www.bcenergy.rs\/rs\/kontaktirajte-nas\/prituzbe\/","title":{"rendered":"Pritu\u017ebe"},"content":{"rendered":"<div class=\"wpb-content-wrapper\">[vc_row el_class=&#8221;tekst&#8221;][vc_column]<div class='cws_textmodule cws_vc_shortcode_module' id='cws_textmodule_69de316c244b2'><div class='cws_textmodule_wrapper add_divider'><div class='cws_textmodule_text text_align_left'><div class='cws_textmodule_titles display_block'><h3 class='cws_textmodule_title'>Sistem za podno\u0161enje pritu\u017ebi:<\/h3><\/div><\/div><\/div><\/div>[vc_column_text]Sekretarijat za za\u0161titu \u017eivotne sredine u Beogradu, Beo \u010cista Energija i podizvo\u0111a\u010di primaju i odgovaraju na sve predloge i pritu\u017ebe povezane sa Projektom.<\/p>\n<p>Bilo koje lice ili organizacija mo\u017ee da podnese komentar, pritu\u017ebu i\/ili zahtev za informacijama li\u010dno ili putem po\u0161te, telefona ili elektronske po\u0161te, koriste\u0107i podatke za kontakt navedene ispod.<\/p>\n<p>U svakom trenutku, podnosioci pritu\u017ebi mogu da potra\u017ee i pravne lekove u skladu sa zakonima i propisima Republike Srbije.<\/p>\n<p>Sve pritu\u017ebe bi\u0107e evidentirane i na njih \u0107e biti odgovoreno u roku od 20 dana. Odgovori \u0107e biti dostavljeni u pismenom obliku ili uru\u010deni li\u010dno, shodno na\u010dinu koji odabere podnosilac pritu\u017ebe.<\/p>\n<p>Fizi\u010dka lica koja podnesu komentare ili pritu\u017ebe imaju pravo da tra\u017ee da se njihovo ime \u010duva kao poverljiva informacija. Pritu\u017ebe se mogu podneti i anonimno, me\u0111utim, to mo\u017ee ograni\u010diti mogu\u0107nosti za ispitivanje pritu\u017ebe i dostavljanje odgovora.[\/vc_column_text]<div class=\"cws_spacing cws_spacing_size_sm_desctop-on cws_spacing_tablet-on cws_spacing_mobile-on\"><div class=\"cws_spacing cws_spacing_default\" style=\"height:22px;\"><\/div> <div class=\"cws_spacing cws_spacing_size_sm_desctop\" style=\"height:10px;\"><\/div> <div class=\"cws_spacing cws_spacing_tablet\" style=\"height:0px;\"><\/div> <div class=\"cws_spacing cws_spacing_mobile\" style=\"height:0px;\"><\/div><\/div><div class='cws_textmodule cws_vc_shortcode_module' id='cws_textmodule_69de316c24598'><div class='cws_textmodule_wrapper add_divider'><div class='cws_textmodule_text text_align_left'><div class='cws_textmodule_titles display_block'><h3 class='cws_textmodule_title'>Osoba za kontakt:<\/h3><\/div><\/div><\/div><\/div>[vc_column_text]\n<table width=\"100%\">\n<thead>\n<tr>\n<th width=\"50%\">Grad Beograd, Sekretarijat za za\u0161titu \u017eivotne sredine<\/th>\n<th width=\"50%\">Beo \u010cista Energija d.o.o.<\/th>\n<\/tr>\n<\/thead>\n<tbody>\n<tr>\n<td><strong>Osoba za kontakt:<\/strong> Sne\u017eana Bond\u017ei\u0107<br \/>\n<strong>Adresa: <\/strong>Kara\u0111or\u0111eva 71a, 11000 Beograd, Republika Srbija<br \/>\n<strong>Telefon: <\/strong>+381 11 797 5119<br \/>\n<strong>Imejl: <\/strong><a href=\"mailto:snezana.bondzic@beograd.gov.rs\">snezana.bondzic@beograd.gov.rs<\/a><\/td>\n<td><strong>Osoba za kontakt: <\/strong>Gordana Jeleni\u0107, asistent direktora<br \/>\n<strong>Adresa: <\/strong>To\u0161in bunar 272v, 11070 Beograd, Republika Srbija<br \/>\n<strong>Telefon: <\/strong>+381 11 715 4885<br \/>\n<strong>Imejl:<\/strong>\u00a0<a href=\"mailto:bce@bcenergy.rs\">bce@bcenergy.rs<\/a><\/td>\n<\/tr>\n<\/tbody>\n<\/table>\n[\/vc_column_text]<div class=\"cws_spacing cws_spacing_size_sm_desctop-on cws_spacing_tablet-on cws_spacing_mobile-on\"><div class=\"cws_spacing cws_spacing_default\" style=\"height:44px;\"><\/div> <div class=\"cws_spacing cws_spacing_size_sm_desctop\" style=\"height:20px;\"><\/div> <div class=\"cws_spacing cws_spacing_tablet\" style=\"height:10px;\"><\/div> <div class=\"cws_spacing cws_spacing_mobile\" style=\"height:5px;\"><\/div><\/div><div id='cws_service_item_69de316c24676' class='cws_service_item cws_vc_shortcode_module title_beside animate_divider a-left'><a href='\/wp-content\/uploads\/2020\/11\/Grievance-Form-Zalbeni-zahtev.docx' class='cws_service_item_wrapper clearfix'><span class='cws_searvice_icon_wrapper cws_searvice_side'><i class='cws_service_icon cws_vc_shortcode_icon_3\u0445 typcn typcn-download'><\/i><\/span><div class='cws_service_info'><h6 class='cws_service_title'>Obrazac za podno\u0161enje pritu\u017ebi<\/h6><div class='cws_service_desc clearfix'><div class='divider divider_left'><\/div><\/div><\/div><\/a><\/div>[\/vc_column][\/vc_row][vc_row][vc_column]<div class=\"cws_spacing cws_spacing_size_sm_desctop-on cws_spacing_tablet-on cws_spacing_mobile-on\"><div class=\"cws_spacing cws_spacing_default\" style=\"height:42px;\"><\/div> <div class=\"cws_spacing cws_spacing_size_sm_desctop\" style=\"height:20px;\"><\/div> <div class=\"cws_spacing cws_spacing_tablet\" style=\"height:10px;\"><\/div> <div class=\"cws_spacing cws_spacing_mobile\" style=\"height:10px;\"><\/div><\/div>[\/vc_column][\/vc_row]\n<\/div>","protected":false},"excerpt":{"rendered":"<p>[vc_row el_class=&#8221;tekst&#8221;][vc_column][vc_column_text]Sekretarijat za za\u0161titu \u017eivotne sredine u Beogradu, Beo \u010cista Energija i podizvo\u0111a\u010di primaju i odgovaraju na sve predloge i pritu\u017ebe povezane sa Projektom. Bilo koje lice ili organizacija mo\u017ee da podnese komentar, pritu\u017ebu i\/ili zahtev za informacijama li\u010dno ili putem po\u0161te, telefona ili elektronske po\u0161te, koriste\u0107i podatke za kontakt navedene ispod. U svakom trenutku, podnosioci pritu\u017ebi mogu da potra\u017ee i pravne lekove u skladu sa zakonima i propisima Republike Srbije. Sve pritu\u017ebe bi\u0107e evidentirane i na njih \u0107e biti odgovoreno u roku od 20 dana. Odgovori \u0107e biti dostavljeni u pismenom obliku ili uru\u010deni li\u010dno, shodno na\u010dinu koji odabere podnosilac pritu\u017ebe. Fizi\u010dka lica koja podnesu komentare ili pritu\u017ebe imaju pravo da tra\u017ee da se njihovo ime \u010duva kao poverljiva informacija. Pritu\u017ebe se mogu podneti i anonimno, me\u0111utim, to mo\u017ee ograni\u010diti mogu\u0107nosti za ispitivanje pritu\u017ebe i dostavljanje odgovora.[\/vc_column_text][vc_column_text] Grad Beograd, Sekretarijat za za\u0161titu \u017eivotne sredine Beo \u010cista Energija d.o.o. Osoba za kontakt: Sne\u017eana Bond\u017ei\u0107 Adresa: Kara\u0111or\u0111eva 71a, 11000 Beograd, Republika Srbija Telefon: +381 11 797 5119 Imejl: snezana.bondzic@beograd.gov.rs Osoba za kontakt: Gordana Jeleni\u0107, asistent direktora Adresa: To\u0161in bunar 272v, 11070 Beograd, Republika Srbija Telefon: +381 11 715 4885 Imejl:\u00a0bce@bcenergy.rs [\/vc_column_text][\/vc_column][\/vc_row][vc_row][vc_column][\/vc_column][\/vc_row]<\/p>\n","protected":false},"author":1,"featured_media":0,"parent":4349,"menu_order":0,"comment_status":"closed","ping_status":"closed","template":"","meta":{"footnotes":""},"class_list":["post-4571","page","type-page","status-publish","hentry"],"distributor_meta":false,"distributor_terms":false,"distributor_media":false,"distributor_original_site_name":"Beo \u010cista Energija","distributor_original_site_url":"https:\/\/www.bcenergy.rs\/rs","push-errors":false,"_links":{"self":[{"href":"https:\/\/www.bcenergy.rs\/rs\/wp-json\/wp\/v2\/pages\/4571","targetHints":{"allow":["GET"]}}],"collection":[{"href":"https:\/\/www.bcenergy.rs\/rs\/wp-json\/wp\/v2\/pages"}],"about":[{"href":"https:\/\/www.bcenergy.rs\/rs\/wp-json\/wp\/v2\/types\/page"}],"author":[{"embeddable":true,"href":"https:\/\/www.bcenergy.rs\/rs\/wp-json\/wp\/v2\/users\/1"}],"replies":[{"embeddable":true,"href":"https:\/\/www.bcenergy.rs\/rs\/wp-json\/wp\/v2\/comments?post=4571"}],"version-history":[{"count":23,"href":"https:\/\/www.bcenergy.rs\/rs\/wp-json\/wp\/v2\/pages\/4571\/revisions"}],"predecessor-version":[{"id":6657,"href":"https:\/\/www.bcenergy.rs\/rs\/wp-json\/wp\/v2\/pages\/4571\/revisions\/6657"}],"up":[{"embeddable":true,"href":"https:\/\/www.bcenergy.rs\/rs\/wp-json\/wp\/v2\/pages\/4349"}],"wp:attachment":[{"href":"https:\/\/www.bcenergy.rs\/rs\/wp-json\/wp\/v2\/media?parent=4571"}],"curies":[{"name":"wp","href":"https:\/\/api.w.org\/{rel}","templated":true}]}}