

{"id":4845,"date":"2021-02-24T11:57:34","date_gmt":"2021-02-24T11:57:34","guid":{"rendered":"https:\/\/www.bcenergy.rs\/rs\/?page_id=4845"},"modified":"2024-06-24T14:08:25","modified_gmt":"2024-06-24T14:08:25","slug":"mapa-novog-kompleksa-u-vinci","status":"publish","type":"page","link":"https:\/\/www.bcenergy.rs\/rs\/mapa-novog-kompleksa-u-vinci\/","title":{"rendered":"Mapa novog kompleksa u Vin\u010di"},"content":{"rendered":"<div class=\"wpb-content-wrapper\">[vc_row full_width=&#8221;stretch_row&#8221; equal_height=&#8221;yes&#8221; css=&#8221;.vc_custom_1614342744876{padding-top: 100px !important;padding-bottom: 130px !important;}&#8221;][vc_column cws_mobile_paddings=&#8221;40px 0px 0px 20px&#8221; css=&#8221;.vc_custom_1605177720218{padding-right: 50px !important;}&#8221;]<div class='cws_textmodule cws_vc_shortcode_module' id='cws_textmodule_69eeef53c8636'><div class='cws_textmodule_wrapper add_divider'><div class='cws_textmodule_text text_align_left'><div class='cws_textmodule_titles display_block'><h3 class='cws_textmodule_title'>Mapa novog kompleksa u Vin\u010di<\/h3><\/div><\/div><\/div><\/div>[vc_row_inner][vc_column_inner]<div style=\"width:;\" class=\"cwstooltip-wrapper \" data-opacity=\"1\" data-tooltipanimation=\"grow\" data-tooltipstyle=\"shadow\" data-trigger=\"\" data-maxwidth=\"240\" data-marginoffset=\"\" data-isdisplayall=\"off\" data-displayednum=\"1\"><img decoding=\"async\" src=\"https:\/\/www.bcenergy.rs\/rs\/wp-content\/uploads\/2023\/02\/Landfill-Ortophoto-23-Feb-2023.jpg\" alt=\"\" \/><div class=\"cws-hotspots\"><div class=\"hotspot-item pulse-white \" style=\"top:84%;left:12%;\" data-top=\"84%\" data-left=\"12%\"><a href=\"#\" class=\"cws-tooltip\" style=\"background:rgba(30,115,190,0.8);\" data-tooltip=\"&lt;strong&gt;&lt;a href=&quot;\/rs\/?page_id=4520&quot;&gt;Postrojenje za energetsko iskori\u0161\u0107enje komunalnog otpada&lt;\/a&gt;&lt;\/strong&gt;&lt;br \/&gt;\n(Q2-2024)\" data-arrowposition=\"\"><span style=\"background:#81d742;\"><\/span><\/a><\/div><div class=\"hotspot-item pulse-white \" style=\"top:30%;left:36%;\" data-top=\"30%\" data-left=\"36%\"><a href=\"#\" class=\"cws-tooltip\" style=\"background:rgba(30,115,190,0.8);\" data-tooltip=\"&lt;strong&gt;Deponija za inertni otpad&lt;\/strong&gt;&lt;br \/&gt;\n(Q3-2021)\" data-arrowposition=\"top\"><span style=\"background:#81d742;\"><\/span><\/a><\/div><div class=\"hotspot-item pulse-white \" style=\"top:35%;left:55%;\" data-top=\"35%\" data-left=\"55%\"><a href=\"#\" class=\"cws-tooltip\" style=\"background:rgba(30,115,190,0.8);\" data-tooltip=\"&lt;a href=&quot;\/rs\/?page_id=4555&quot;&gt;&lt;strong&gt;Stara deponija&lt;\/strong&gt;&lt;b&gt;&lt;br \/&gt;\n&lt;\/b&gt;&lt;\/a&gt;(sanacija 2024-2026)&lt;b&gt;&lt;br \/&gt;\n&lt;\/b&gt;\" data-arrowposition=\"top\"><span style=\"background:#81d742;\"><\/span><\/a><\/div><div class=\"hotspot-item pulse-white \" style=\"top:86%;left:24%;\" data-top=\"86%\" data-left=\"24%\"><a href=\"#\" class=\"cws-tooltip\" style=\"background:rgba(30,115,190,0.8);\" data-tooltip=\"&lt;b&gt;&lt;\/b&gt;&lt;strong&gt;&lt;a href=&quot;\/rs\/?page_id=4544&quot;&gt;Postrojenje za recikla\u017eu otpada od gra\u0111enja i ru\u0161enja&lt;\/a&gt;&lt;\/strong&gt;&lt;b&gt;&lt;br \/&gt;\n&lt;\/b&gt;(Q3-2021)&lt;b&gt;&lt;br \/&gt;\n&lt;\/b&gt;\" data-arrowposition=\"top\"><span style=\"background:#81d742;\"><\/span><\/a><\/div><div class=\"hotspot-item pulse-white \" style=\"top:66%;left:27%;\" data-top=\"66%\" data-left=\"27%\"><a href=\"#\" class=\"cws-tooltip\" style=\"background:rgba(30,115,190,0.8);\" data-tooltip=\"&lt;b&gt;&lt;\/b&gt;&lt;strong&gt;&lt;a href=&quot;\/rs\/?page_id=4547&quot;&gt;Sanitarna deponija&lt;\/a&gt;&lt;\/strong&gt;&lt;b&gt;&lt;br \/&gt;\n&lt;\/b&gt;(Q3-2021)&lt;b&gt;&lt;br \/&gt;\n&lt;\/b&gt;&lt;b&gt;&lt;\/b&gt;\" data-arrowposition=\"top\"><span style=\"background:#81d742;\"><\/span><\/a><\/div><div class=\"hotspot-item pulse-white \" style=\"top:31%;left:88%;\" data-top=\"31%\" data-left=\"88%\"><a href=\"#\" class=\"cws-tooltip\" style=\"background:rgba(30,115,190,0.8);\" data-tooltip=\"&lt;b&gt;&lt;\/b&gt;&lt;strong&gt;&lt;a href=&quot;\/?page_id=4539&quot;&gt;Postrojenje za pre\u010di\u0161\u0107avanje procednih voda&lt;\/a&gt;&lt;\/strong&gt;&lt;b&gt;&lt;br \/&gt;\n&lt;\/b&gt;(Q3-2022)&lt;b&gt;&lt;br \/&gt;\n&lt;\/b&gt;&lt;b&gt;&lt;\/b&gt;&lt;b&gt;&lt;\/b&gt;\" data-arrowposition=\"top\"><span style=\"background:#81d742;\"><\/span><\/a><\/div><\/div><\/div>[\/vc_column_inner][\/vc_row_inner][\/vc_column][\/vc_row]\n<\/div>","protected":false},"excerpt":{"rendered":"<p>[vc_row full_width=&#8221;stretch_row&#8221; equal_height=&#8221;yes&#8221; css=&#8221;.vc_custom_1614342744876{padding-top: 100px !important;padding-bottom: 130px !important;}&#8221;][vc_column cws_mobile_paddings=&#8221;40px 0px 0px 20px&#8221; css=&#8221;.vc_custom_1605177720218{padding-right: 50px !important;}&#8221;][vc_row_inner][vc_column_inner][\/vc_column_inner][\/vc_row_inner][\/vc_column][\/vc_row]<\/p>\n","protected":false},"author":1,"featured_media":0,"parent":0,"menu_order":0,"comment_status":"closed","ping_status":"closed","template":"","meta":{"footnotes":""},"class_list":["post-4845","page","type-page","status-publish","hentry"],"distributor_meta":false,"distributor_terms":false,"distributor_media":false,"distributor_original_site_name":"Beo \u010cista Energija","distributor_original_site_url":"https:\/\/www.bcenergy.rs\/rs","push-errors":false,"_links":{"self":[{"href":"https:\/\/www.bcenergy.rs\/rs\/wp-json\/wp\/v2\/pages\/4845","targetHints":{"allow":["GET"]}}],"collection":[{"href":"https:\/\/www.bcenergy.rs\/rs\/wp-json\/wp\/v2\/pages"}],"about":[{"href":"https:\/\/www.bcenergy.rs\/rs\/wp-json\/wp\/v2\/types\/page"}],"author":[{"embeddable":true,"href":"https:\/\/www.bcenergy.rs\/rs\/wp-json\/wp\/v2\/users\/1"}],"replies":[{"embeddable":true,"href":"https:\/\/www.bcenergy.rs\/rs\/wp-json\/wp\/v2\/comments?post=4845"}],"version-history":[{"count":26,"href":"https:\/\/www.bcenergy.rs\/rs\/wp-json\/wp\/v2\/pages\/4845\/revisions"}],"predecessor-version":[{"id":6859,"href":"https:\/\/www.bcenergy.rs\/rs\/wp-json\/wp\/v2\/pages\/4845\/revisions\/6859"}],"wp:attachment":[{"href":"https:\/\/www.bcenergy.rs\/rs\/wp-json\/wp\/v2\/media?parent=4845"}],"curies":[{"name":"wp","href":"https:\/\/api.w.org\/{rel}","templated":true}]}}