

{"id":5047,"date":"2021-04-05T09:46:59","date_gmt":"2021-04-05T09:46:59","guid":{"rendered":"https:\/\/www.bcenergy.rs\/rs\/?page_id=5047"},"modified":"2023-10-31T16:27:07","modified_gmt":"2023-10-31T16:27:07","slug":"prvi-projekat-u-srbiji-sertifikovan-od-strane-organizacije-gold-standard","status":"publish","type":"page","link":"https:\/\/www.bcenergy.rs\/rs\/prvi-projekat-u-srbiji-sertifikovan-od-strane-organizacije-gold-standard\/","title":{"rendered":"Prvi projekat u Srbiji sertifikovan od strane organizacije Gold Standard"},"content":{"rendered":"<div class=\"wpb-content-wrapper\">[vc_row el_class=&#8221;tekst&#8221;][vc_column]<div class='cws_textmodule cws_vc_shortcode_module' id='cws_textmodule_69de2e47090b4'><div class='cws_textmodule_wrapper add_divider'><div class='cws_textmodule_text text_align_left'><div class='cws_textmodule_titles display_block'><h3 class='cws_textmodule_title'>Prvi projekat u Srbiji sertifikovan od strane organizacije Gold Standard<\/h3><\/div><\/div><\/div><\/div><div class=\"cws_spacing cws_spacing_size_sm_desctop-on cws_spacing_tablet-on cws_spacing_mobile-on\"><div class=\"cws_spacing cws_spacing_default\" style=\"height:22px;\"><\/div> <div class=\"cws_spacing cws_spacing_size_sm_desctop\" style=\"height:10px;\"><\/div> <div class=\"cws_spacing cws_spacing_tablet\" style=\"height:0px;\"><\/div> <div class=\"cws_spacing cws_spacing_mobile\" style=\"height:0px;\"><\/div><\/div>[vc_column_text]Projekat javno privatnog partnerstva u oblasti upravljanja otpadom u Beogradu je prvi projekat sertifikovan od strane organizacije Gold Standard koji u svom sastavu ima postrojenje za energetsko iskori\u0161\u0107enje komunalnog otpada, ali i prvi projekat u Srbiji ikada do sada.<\/p>\n<p>Sa kompleksa u Vin\u010di, gde se nalazi i stara nesanitarna deponija, koja je radila u periodu od 1977. do 2021. godine, 90 miliona tona gasova sa efektom staklene ba\u0161te, odnosno ekvivalentnog ugljen-dioksida, emitovano je u atmosferu iz odlo\u017eenog otpada tokom poslednjih 45 godina. Realizacijom projekta \u0107e se smanjiti emisije ekvivalentnog ugljen-dioksida za 210.000 tona godi\u0161nje, \u0161to se doprineti ostvarivanju sedam ciljeva odr\u017eivog razvoja (6, 7, 8, 11, 13, 15, 17) koje su ustanovile Ujedinjene Nacije.\u00a0 Glavni pokreta\u010d ovog projekta je bilo re\u0161avanje neodr\u017eivih praksi u oblasti upravljanja otpadom u Beogradu i uvo\u0111enje re\u0161enja kojima \u0107e se spre\u010diti emisije \u0161tetnih gasova.<\/p>\n<p>Sertifikacija organizacije Gold Standard je globalno priznata kao najvi\u0161i standard kvaliteta za projekte kojima se spre\u010davaju emisije ugljen-dioksida. Na\u0161 projekat je sertifikovan kao projekat smanjenja ugljen dioksida od Mehanizma \u010distog razvoja (CDM) i Fondacije Gold Standard i generisac\u0301e karbon kredite kroz hvatanje metana na deponiji i proizvodnju biogasa, kao i nefosilne elektri\u010dne i toplotne energije. Da bi valorizovala u\u0161tedu emisije uglen-dioksida, Beo \u010cista Energija je zavr\u0161ila registraciju u okviru procesa sertifikacije Gold Standard.<\/p>\n<p>Gold Standard sertifikat potvr\u0111uje da projekti ispunjavaju stroge kriterijume ekolo\u0161ke i socijalne odr\u017eivosti, i garantuje da su izdati karbon krediti stvarni, imaju pravu dodatnu vrednost, da su izmereni i nezavisno potvr\u0111eni.<\/p>\n<p>Ovaj Gold Standard sertifikat predstavlja jo\u0161 jednu potvrdu ekolo\u0161kih koristi koje realizacija ovog projekta donosi, kao i doprinos odr\u017eivom razvoju u Srbiji.[\/vc_column_text]<div class=\"cws_spacing cws_spacing_size_sm_desctop-on cws_spacing_tablet-on cws_spacing_mobile-on\"><div class=\"cws_spacing cws_spacing_default\" style=\"height:22px;\"><\/div> <div class=\"cws_spacing cws_spacing_size_sm_desctop\" style=\"height:10px;\"><\/div> <div class=\"cws_spacing cws_spacing_tablet\" style=\"height:0px;\"><\/div> <div class=\"cws_spacing cws_spacing_mobile\" style=\"height:0px;\"><\/div><\/div>[\/vc_column][\/vc_row][vc_row el_class=&#8221;tekst&#8221;][vc_column]<div class=\"cws_spacing cws_spacing_size_sm_desctop-on cws_spacing_tablet-on cws_spacing_mobile-on\"><div class=\"cws_spacing cws_spacing_default\" style=\"height:22px;\"><\/div> <div class=\"cws_spacing cws_spacing_size_sm_desctop\" style=\"height:10px;\"><\/div> <div class=\"cws_spacing cws_spacing_tablet\" style=\"height:0px;\"><\/div> <div class=\"cws_spacing cws_spacing_mobile\" style=\"height:0px;\"><\/div><\/div>[vc_single_image image=&#8221;6449&#8243; img_size=&#8221;full&#8221; alignment=&#8221;center&#8221; onclick=&#8221;link_image&#8221;]<div class=\"cws_spacing cws_spacing_size_sm_desctop-on cws_spacing_tablet-on cws_spacing_mobile-on\"><div class=\"cws_spacing cws_spacing_default\" style=\"height:22px;\"><\/div> <div class=\"cws_spacing cws_spacing_size_sm_desctop\" style=\"height:10px;\"><\/div> <div class=\"cws_spacing cws_spacing_tablet\" style=\"height:0px;\"><\/div> <div class=\"cws_spacing cws_spacing_mobile\" style=\"height:0px;\"><\/div><\/div>[\/vc_column][\/vc_row][vc_row][vc_column]<div class=\"cws_spacing cws_spacing_size_sm_desctop-on cws_spacing_tablet-on cws_spacing_mobile-on\"><div class=\"cws_spacing cws_spacing_default\" style=\"height:42px;\"><\/div> <div class=\"cws_spacing cws_spacing_size_sm_desctop\" style=\"height:20px;\"><\/div> <div class=\"cws_spacing cws_spacing_tablet\" style=\"height:10px;\"><\/div> <div class=\"cws_spacing cws_spacing_mobile\" style=\"height:10px;\"><\/div><\/div>[\/vc_column][\/vc_row]\n<\/div>","protected":false},"excerpt":{"rendered":"<p>[vc_row el_class=&#8221;tekst&#8221;][vc_column][vc_column_text]Projekat javno privatnog partnerstva u oblasti upravljanja otpadom u Beogradu je prvi projekat sertifikovan od strane organizacije Gold Standard koji u svom sastavu ima postrojenje za energetsko iskori\u0161\u0107enje komunalnog otpada, ali i prvi projekat u Srbiji ikada do sada. Sa kompleksa u Vin\u010di, gde se nalazi i stara nesanitarna deponija, koja je radila u periodu od 1977. do 2021. godine, 90 miliona tona gasova sa efektom staklene ba\u0161te, odnosno ekvivalentnog ugljen-dioksida, emitovano je u atmosferu iz odlo\u017eenog otpada tokom poslednjih 45 godina. Realizacijom projekta \u0107e se smanjiti emisije ekvivalentnog ugljen-dioksida za 210.000 tona godi\u0161nje, \u0161to se doprineti ostvarivanju sedam ciljeva odr\u017eivog razvoja (6, 7, 8, 11, 13, 15, 17) koje su ustanovile Ujedinjene Nacije.\u00a0 Glavni pokreta\u010d ovog projekta je bilo re\u0161avanje neodr\u017eivih praksi u oblasti upravljanja otpadom u Beogradu i uvo\u0111enje re\u0161enja kojima \u0107e se spre\u010diti emisije \u0161tetnih gasova. Sertifikacija organizacije Gold Standard je globalno priznata kao najvi\u0161i standard kvaliteta za projekte kojima se spre\u010davaju emisije ugljen-dioksida. Na\u0161 projekat je sertifikovan kao projekat smanjenja ugljen dioksida od Mehanizma \u010distog razvoja (CDM) i Fondacije Gold Standard i generisac\u0301e karbon kredite kroz hvatanje metana na deponiji i proizvodnju biogasa, kao i nefosilne elektri\u010dne i toplotne energije. Da bi valorizovala u\u0161tedu emisije uglen-dioksida, Beo \u010cista Energija je zavr\u0161ila registraciju u okviru procesa sertifikacije Gold Standard. Gold Standard sertifikat potvr\u0111uje da projekti ispunjavaju stroge kriterijume ekolo\u0161ke i socijalne odr\u017eivosti, i garantuje da su izdati karbon krediti stvarni, imaju pravu dodatnu vrednost, da su izmereni i nezavisno potvr\u0111eni. Ovaj Gold Standard sertifikat predstavlja jo\u0161 jednu potvrdu ekolo\u0161kih koristi koje realizacija ovog projekta donosi, kao i doprinos odr\u017eivom razvoju u Srbiji.[\/vc_column_text][\/vc_column][\/vc_row][vc_row el_class=&#8221;tekst&#8221;][vc_column][vc_single_image image=&#8221;6449&#8243; img_size=&#8221;full&#8221; alignment=&#8221;center&#8221; onclick=&#8221;link_image&#8221;][\/vc_column][\/vc_row][vc_row][vc_column][\/vc_column][\/vc_row]<\/p>\n","protected":false},"author":1,"featured_media":0,"parent":0,"menu_order":0,"comment_status":"closed","ping_status":"closed","template":"","meta":{"footnotes":""},"class_list":["post-5047","page","type-page","status-publish","hentry"],"distributor_meta":false,"distributor_terms":false,"distributor_media":false,"distributor_original_site_name":"Beo \u010cista Energija","distributor_original_site_url":"https:\/\/www.bcenergy.rs\/rs","push-errors":false,"_links":{"self":[{"href":"https:\/\/www.bcenergy.rs\/rs\/wp-json\/wp\/v2\/pages\/5047","targetHints":{"allow":["GET"]}}],"collection":[{"href":"https:\/\/www.bcenergy.rs\/rs\/wp-json\/wp\/v2\/pages"}],"about":[{"href":"https:\/\/www.bcenergy.rs\/rs\/wp-json\/wp\/v2\/types\/page"}],"author":[{"embeddable":true,"href":"https:\/\/www.bcenergy.rs\/rs\/wp-json\/wp\/v2\/users\/1"}],"replies":[{"embeddable":true,"href":"https:\/\/www.bcenergy.rs\/rs\/wp-json\/wp\/v2\/comments?post=5047"}],"version-history":[{"count":13,"href":"https:\/\/www.bcenergy.rs\/rs\/wp-json\/wp\/v2\/pages\/5047\/revisions"}],"predecessor-version":[{"id":6685,"href":"https:\/\/www.bcenergy.rs\/rs\/wp-json\/wp\/v2\/pages\/5047\/revisions\/6685"}],"wp:attachment":[{"href":"https:\/\/www.bcenergy.rs\/rs\/wp-json\/wp\/v2\/media?parent=5047"}],"curies":[{"name":"wp","href":"https:\/\/api.w.org\/{rel}","templated":true}]}}