

{"id":5698,"date":"2021-12-25T09:53:02","date_gmt":"2021-12-25T09:53:02","guid":{"rendered":"https:\/\/www.bcenergy.rs\/rs\/?page_id=5698"},"modified":"2021-12-25T09:53:38","modified_gmt":"2021-12-25T09:53:38","slug":"proizvodnja-ciste-energije-sa-deponije","status":"publish","type":"page","link":"https:\/\/www.bcenergy.rs\/rs\/proizvodnja-ciste-energije-sa-deponije\/","title":{"rendered":"Proizvodnja \u010diste energije sa deponije"},"content":{"rendered":"<div class=\"wpb-content-wrapper\">[vc_row el_class=&#8221;tekst&#8221; css=&#8221;.vc_custom_1602802126273{margin-top: 90px !important;}&#8221;][vc_column][vc_single_image image=&#8221;4921&#8243; img_size=&#8221;full&#8221;]<div class=\"cws_spacing cws_spacing_size_sm_desctop-on cws_spacing_tablet-on cws_spacing_mobile-on\"><div class=\"cws_spacing cws_spacing_default\" style=\"height:22px;\"><\/div> <div class=\"cws_spacing cws_spacing_size_sm_desctop\" style=\"height:10px;\"><\/div> <div class=\"cws_spacing cws_spacing_tablet\" style=\"height:5px;\"><\/div> <div class=\"cws_spacing cws_spacing_mobile\" style=\"height:0px;\"><\/div><\/div>[vc_column_text]Intervju g. Harade, direktora Beo \u010ciste Energije koji je objavljen na veb-sajtu MIGA.<\/p>\n<p><img loading=\"lazy\" decoding=\"async\" class=\"shifted alignleft wp-image-3994 size-medium\" src=\"https:\/\/www.bcenergy.rs\/rs\/wp-content\/uploads\/2020\/09\/Generating-Clean-Energy-from-a-Landfill-Mr-Harada-300x200.jpg\" alt=\"\" width=\"300\" height=\"200\" srcset=\"https:\/\/www.bcenergy.rs\/rs\/wp-content\/uploads\/2020\/09\/Generating-Clean-Energy-from-a-Landfill-Mr-Harada-300x200.jpg 300w, https:\/\/www.bcenergy.rs\/rs\/wp-content\/uploads\/2020\/09\/Generating-Clean-Energy-from-a-Landfill-Mr-Harada-1024x684.jpg 1024w, https:\/\/www.bcenergy.rs\/rs\/wp-content\/uploads\/2020\/09\/Generating-Clean-Energy-from-a-Landfill-Mr-Harada-768x513.jpg 768w, https:\/\/www.bcenergy.rs\/rs\/wp-content\/uploads\/2020\/09\/Generating-Clean-Energy-from-a-Landfill-Mr-Harada-1536x1025.jpg 1536w, https:\/\/www.bcenergy.rs\/rs\/wp-content\/uploads\/2020\/09\/Generating-Clean-Energy-from-a-Landfill-Mr-Harada.jpg 1600w\" sizes=\"auto, (max-width: 300px) 100vw, 300px\" \/>Pro\u010ditajte ceo \u010dlanak <a href=\"https:\/\/www.miga.org\/generating-clean-energy-landfill\">\u00a0OVDE.<\/a>[\/vc_column_text]<div class=\"cws_spacing cws_spacing_size_sm_desctop-on cws_spacing_tablet-on cws_spacing_mobile-on\"><div class=\"cws_spacing cws_spacing_default\" style=\"height:22px;\"><\/div> <div class=\"cws_spacing cws_spacing_size_sm_desctop\" style=\"height:10px;\"><\/div> <div class=\"cws_spacing cws_spacing_tablet\" style=\"height:5px;\"><\/div> <div class=\"cws_spacing cws_spacing_mobile\" style=\"height:0px;\"><\/div><\/div>[\/vc_column][\/vc_row]\n<\/div>","protected":false},"excerpt":{"rendered":"<p>[vc_row el_class=&#8221;tekst&#8221; css=&#8221;.vc_custom_1602802126273{margin-top: 90px !important;}&#8221;][vc_column][vc_single_image image=&#8221;4921&#8243; img_size=&#8221;full&#8221;][vc_column_text]Intervju g. Harade, direktora Beo \u010ciste Energije koji je objavljen na veb-sajtu MIGA. Pro\u010ditajte ceo \u010dlanak \u00a0OVDE.[\/vc_column_text][\/vc_column][\/vc_row]<\/p>\n","protected":false},"author":1,"featured_media":0,"parent":0,"menu_order":0,"comment_status":"closed","ping_status":"closed","template":"","meta":{"footnotes":""},"class_list":["post-5698","page","type-page","status-publish","hentry"],"distributor_meta":false,"distributor_terms":false,"distributor_media":false,"distributor_original_site_name":"Beo \u010cista Energija","distributor_original_site_url":"https:\/\/www.bcenergy.rs\/rs","push-errors":false,"_links":{"self":[{"href":"https:\/\/www.bcenergy.rs\/rs\/wp-json\/wp\/v2\/pages\/5698","targetHints":{"allow":["GET"]}}],"collection":[{"href":"https:\/\/www.bcenergy.rs\/rs\/wp-json\/wp\/v2\/pages"}],"about":[{"href":"https:\/\/www.bcenergy.rs\/rs\/wp-json\/wp\/v2\/types\/page"}],"author":[{"embeddable":true,"href":"https:\/\/www.bcenergy.rs\/rs\/wp-json\/wp\/v2\/users\/1"}],"replies":[{"embeddable":true,"href":"https:\/\/www.bcenergy.rs\/rs\/wp-json\/wp\/v2\/comments?post=5698"}],"version-history":[{"count":2,"href":"https:\/\/www.bcenergy.rs\/rs\/wp-json\/wp\/v2\/pages\/5698\/revisions"}],"predecessor-version":[{"id":5702,"href":"https:\/\/www.bcenergy.rs\/rs\/wp-json\/wp\/v2\/pages\/5698\/revisions\/5702"}],"wp:attachment":[{"href":"https:\/\/www.bcenergy.rs\/rs\/wp-json\/wp\/v2\/media?parent=5698"}],"curies":[{"name":"wp","href":"https:\/\/api.w.org\/{rel}","templated":true}]}}