

{"id":6101,"date":"2022-07-05T15:00:22","date_gmt":"2022-07-05T15:00:22","guid":{"rendered":"https:\/\/www.bcenergy.rs\/rs\/?page_id=6101"},"modified":"2023-12-14T11:45:28","modified_gmt":"2023-12-14T11:45:28","slug":"obavestenje-o-otkupu-agregata-i-zemlje","status":"publish","type":"page","link":"https:\/\/www.bcenergy.rs\/rs\/obavestenje-o-otkupu-agregata-i-zemlje\/","title":{"rendered":"Obave\u0161tenje o otkupu agregata i zemlje"},"content":{"rendered":"<div class=\"wpb-content-wrapper\">[vc_row el_class=&#8221;tekst&#8221;][vc_column]<div class=\"cws_spacing cws_spacing_size_sm_desctop-on cws_spacing_tablet-on cws_spacing_mobile-on\"><div class=\"cws_spacing cws_spacing_default\" style=\"height:22px;\"><\/div> <div class=\"cws_spacing cws_spacing_size_sm_desctop\" style=\"height:10px;\"><\/div> <div class=\"cws_spacing cws_spacing_tablet\" style=\"height:0px;\"><\/div> <div class=\"cws_spacing cws_spacing_mobile\" style=\"height:0px;\"><\/div><\/div><div class='cws_textmodule cws_vc_shortcode_module' id='cws_textmodule_69eb6c4276c48'><div class='cws_textmodule_wrapper add_divider'><div class='cws_textmodule_text text_align_left'><div class='cws_textmodule_titles display_block'><h3 class='cws_textmodule_title'>Obave\u0161tenje o otkupu agregata i zemlje<\/h3><\/div><\/div><\/div><\/div><div class=\"cws_spacing cws_spacing_size_sm_desctop-on cws_spacing_tablet-on cws_spacing_mobile-on\"><div class=\"cws_spacing cws_spacing_default\" style=\"height:22px;\"><\/div> <div class=\"cws_spacing cws_spacing_size_sm_desctop\" style=\"height:10px;\"><\/div> <div class=\"cws_spacing cws_spacing_tablet\" style=\"height:0px;\"><\/div> <div class=\"cws_spacing cws_spacing_mobile\" style=\"height:0px;\"><\/div><\/div>[vc_column_text]Recikla\u017eno postrojenje u okviru centra za upravljanje otpadom prera\u0111uje otpad od gra\u0111enja i ru\u0161enja i proizvodi reciklirane agregate.<br \/>\nUkoliko ste zainteresovani za otkup agregata (materijal za podloge za puteve, za nasipe i drugo), molimo Vas da pogledate dokumentaciju na slede\u0107im linkovima:[\/vc_column_text]<div id='cws_service_item_69eb6c4276d53' class='cws_service_item cws_vc_shortcode_module title_beside animate_divider a-left  vc_custom_1657207205059'><a href='\/agregati\/SCH%202%20Opsti%20uslovi%20SRP-ENG.pdf' class='cws_service_item_wrapper clearfix'><span class='cws_searvice_icon_wrapper cws_searvice_side'><i class='cws_service_icon cws_vc_shortcode_icon_3\u0445 typcn typcn-download'><\/i><\/span><div class='cws_service_info'><h6 class='cws_service_title'>Op\u0161ti uslovi<\/h6><div class='cws_service_desc clearfix'><div class='divider divider_left'><\/div><\/div><\/div><\/a><\/div><div id='cws_service_item_69eb6c4276e39' class='cws_service_item cws_vc_shortcode_module title_beside animate_divider a-left  vc_custom_1657032085098'><a href='\/agregati\/SCH%203%20Purchase%20Order%20Form%20SRP.xlsx' class='cws_service_item_wrapper clearfix'><span class='cws_searvice_icon_wrapper cws_searvice_side'><i class='cws_service_icon cws_vc_shortcode_icon_3\u0445 typcn typcn-download'><\/i><\/span><div class='cws_service_info'><h6 class='cws_service_title'>Narud\u017ebenica<\/h6><div class='cws_service_desc clearfix'><div class='divider divider_left'><\/div><\/div><\/div><\/a><\/div><div id='cws_service_item_69eb6c4276f0a' class='cws_service_item cws_vc_shortcode_module title_beside animate_divider a-left  vc_custom_1657183044451'><a href='\/agregati\/SCH%204%20Cenovnik%20SRP%20ENG.pdf' class='cws_service_item_wrapper clearfix'><span class='cws_searvice_icon_wrapper cws_searvice_side'><i class='cws_service_icon cws_vc_shortcode_icon_3\u0445 typcn typcn-download'><\/i><\/span><div class='cws_service_info'><h6 class='cws_service_title'>Cenovnik<\/h6><div class='cws_service_desc clearfix'><div class='divider divider_left'><\/div><\/div><\/div><\/a><\/div><div id='cws_service_item_69eb6c4276ffb' class='cws_service_item cws_vc_shortcode_module title_beside animate_divider a-left  vc_custom_1657183526563'><a href='\/agregati\/SCH%205%20Process%20of%20entry%20SRP.xlsx' class='cws_service_item_wrapper clearfix'><span class='cws_searvice_icon_wrapper cws_searvice_side'><i class='cws_service_icon cws_vc_shortcode_icon_3\u0445 typcn typcn-download'><\/i><\/span><div class='cws_service_info'><h6 class='cws_service_title'>Protokol za primopredaju<\/h6><div class='cws_service_desc clearfix'><div class='divider divider_left'><\/div><\/div><\/div><\/a><\/div><div id='cws_service_item_69eb6c42770c0' class='cws_service_item cws_vc_shortcode_module title_beside animate_divider a-left  vc_custom_1657183496678'><a href='\/agregati\/SCH%205%20Protokol%20za%20bezbednost%20i%20bezbednosna%20pravila%20SRP.pdf' class='cws_service_item_wrapper clearfix'><span class='cws_searvice_icon_wrapper cws_searvice_side'><i class='cws_service_icon cws_vc_shortcode_icon_3\u0445 typcn typcn-download'><\/i><\/span><div class='cws_service_info'><h6 class='cws_service_title'>Protokol za bezbednost i bezbednosna pravila<\/h6><div class='cws_service_desc clearfix'><div class='divider divider_left'><\/div><\/div><\/div><\/a><\/div><div id='cws_service_item_69eb6c4277179' class='cws_service_item cws_vc_shortcode_module title_beside animate_divider a-left  vc_custom_1657183067968'><a href='\/agregati\/SCH%206%20Sporazum-SRP-ENG.pdf' class='cws_service_item_wrapper clearfix'><span class='cws_searvice_icon_wrapper cws_searvice_side'><i class='cws_service_icon cws_vc_shortcode_icon_3\u0445 typcn typcn-download'><\/i><\/span><div class='cws_service_info'><h6 class='cws_service_title'>Sporazum o saradnji i koordinaciji aktivnosti u primeni mera bezbednosti i zdravlja na radu<\/h6><div class='cws_service_desc clearfix'><div class='divider divider_left'><\/div><\/div><\/div><\/a><\/div><div id='cws_service_item_69eb6c4277232' class='cws_service_item cws_vc_shortcode_module title_beside animate_divider a-left  vc_custom_1662738424695'><a href='https:\/\/www.bcenergy.rs\/wp-content\/uploads\/2022\/09\/Report-on-chemical-environmental-and-mechanical-testing-of-aggregate.pdf' class='cws_service_item_wrapper clearfix'><span class='cws_searvice_icon_wrapper cws_searvice_side'><i class='cws_service_icon cws_vc_shortcode_icon_3\u0445 typcn typcn-download'><\/i><\/span><div class='cws_service_info'><h6 class='cws_service_title'>Izve\u0161taj o hemijskom, ekolo\u0161kom, mehani\u010dkom ispitivanju agregata<\/h6><div class='cws_service_desc clearfix'><div class='divider divider_left'><\/div><\/div><\/div><\/a><\/div><div class=\"cws_spacing cws_spacing_size_sm_desctop-on cws_spacing_tablet-on cws_spacing_mobile-on\"><div class=\"cws_spacing cws_spacing_default\" style=\"height:22px;\"><\/div> <div class=\"cws_spacing cws_spacing_size_sm_desctop\" style=\"height:10px;\"><\/div> <div class=\"cws_spacing cws_spacing_tablet\" style=\"height:0px;\"><\/div> <div class=\"cws_spacing cws_spacing_mobile\" style=\"height:0px;\"><\/div><\/div>[vc_column_text]Ukoliko su Vam potrebne dodatne informacije, molimo Vas da kontaktirate:<\/p>\n<p><strong>Veolia Waste Vin\u010da Operator d.o.o.<br \/>\n<\/strong>11070 Beograd-Novi Beograd<br \/>\nTo\u0161in bunar 272v<br \/>\n<a href=\"mailto:contactvinca@veolia.com\">contactvinca@veolia.com<\/a>[\/vc_column_text]<div class=\"cws_spacing cws_spacing_size_sm_desctop-on cws_spacing_tablet-on cws_spacing_mobile-on\"><div class=\"cws_spacing cws_spacing_default\" style=\"height:22px;\"><\/div> <div class=\"cws_spacing cws_spacing_size_sm_desctop\" style=\"height:10px;\"><\/div> <div class=\"cws_spacing cws_spacing_tablet\" style=\"height:0px;\"><\/div> <div class=\"cws_spacing cws_spacing_mobile\" style=\"height:0px;\"><\/div><\/div><div class=\"cws_spacing cws_spacing_size_sm_desctop-on cws_spacing_tablet-on cws_spacing_mobile-on\"><div class=\"cws_spacing cws_spacing_default\" style=\"height:22px;\"><\/div> <div class=\"cws_spacing cws_spacing_size_sm_desctop\" style=\"height:10px;\"><\/div> <div class=\"cws_spacing cws_spacing_tablet\" style=\"height:0px;\"><\/div> <div class=\"cws_spacing cws_spacing_mobile\" style=\"height:0px;\"><\/div><\/div>[\/vc_column][\/vc_row]\n<\/div>","protected":false},"excerpt":{"rendered":"<p>[vc_row el_class=&#8221;tekst&#8221;][vc_column][vc_column_text]Recikla\u017eno postrojenje u okviru centra za upravljanje otpadom prera\u0111uje otpad od gra\u0111enja i ru\u0161enja i proizvodi reciklirane agregate. Ukoliko ste zainteresovani za otkup agregata (materijal za podloge za puteve, za nasipe i drugo), molimo Vas da pogledate dokumentaciju na slede\u0107im linkovima:[\/vc_column_text][vc_column_text]Ukoliko su Vam potrebne dodatne informacije, molimo Vas da kontaktirate: Veolia Waste Vin\u010da Operator d.o.o. 11070 Beograd-Novi Beograd To\u0161in bunar 272v contactvinca@veolia.com[\/vc_column_text][\/vc_column][\/vc_row]<\/p>\n","protected":false},"author":1,"featured_media":0,"parent":0,"menu_order":0,"comment_status":"closed","ping_status":"closed","template":"","meta":{"footnotes":""},"class_list":["post-6101","page","type-page","status-publish","hentry"],"distributor_meta":false,"distributor_terms":false,"distributor_media":false,"distributor_original_site_name":"Beo \u010cista Energija","distributor_original_site_url":"https:\/\/www.bcenergy.rs\/rs","push-errors":false,"_links":{"self":[{"href":"https:\/\/www.bcenergy.rs\/rs\/wp-json\/wp\/v2\/pages\/6101","targetHints":{"allow":["GET"]}}],"collection":[{"href":"https:\/\/www.bcenergy.rs\/rs\/wp-json\/wp\/v2\/pages"}],"about":[{"href":"https:\/\/www.bcenergy.rs\/rs\/wp-json\/wp\/v2\/types\/page"}],"author":[{"embeddable":true,"href":"https:\/\/www.bcenergy.rs\/rs\/wp-json\/wp\/v2\/users\/1"}],"replies":[{"embeddable":true,"href":"https:\/\/www.bcenergy.rs\/rs\/wp-json\/wp\/v2\/comments?post=6101"}],"version-history":[{"count":12,"href":"https:\/\/www.bcenergy.rs\/rs\/wp-json\/wp\/v2\/pages\/6101\/revisions"}],"predecessor-version":[{"id":6723,"href":"https:\/\/www.bcenergy.rs\/rs\/wp-json\/wp\/v2\/pages\/6101\/revisions\/6723"}],"wp:attachment":[{"href":"https:\/\/www.bcenergy.rs\/rs\/wp-json\/wp\/v2\/media?parent=6101"}],"curies":[{"name":"wp","href":"https:\/\/api.w.org\/{rel}","templated":true}]}}